{"id":672,"date":"2022-07-11T18:12:41","date_gmt":"2022-07-11T18:12:41","guid":{"rendered":"https:\/\/darkorchid-viper-707018.hostingersite.com\/?page_id=672"},"modified":"2025-04-13T23:22:36","modified_gmt":"2025-04-13T22:22:36","slug":"privacy-policy","status":"publish","type":"page","link":"https:\/\/live-stream-pro.com\/da\/fortrolighedspolitik\/","title":{"rendered":"Privatlivspolitik"},"content":{"rendered":"<div data-elementor-type=\"wp-page\" data-elementor-id=\"672\" class=\"elementor elementor-672\" data-elementor-post-type=\"page\">\n\t\t\t\t\t\t<section class=\"elementor-section elementor-top-section elementor-element elementor-element-7af476d elementor-section-boxed elementor-section-height-default elementor-section-height-default\" data-id=\"7af476d\" data-element_type=\"section\" data-e-type=\"section\">\n\t\t\t\t\t\t<div class=\"elementor-container elementor-column-gap-default\">\n\t\t\t\t\t<div class=\"elementor-column elementor-col-100 elementor-top-column elementor-element elementor-element-0cff594\" data-id=\"0cff594\" data-element_type=\"column\" data-e-type=\"column\">\n\t\t\t<div class=\"elementor-widget-wrap elementor-element-populated\">\n\t\t\t\t\t\t<div class=\"elementor-element elementor-element-277604e elementor-widget elementor-widget-heading\" data-id=\"277604e\" data-element_type=\"widget\" data-e-type=\"widget\" data-widget_type=\"heading.default\">\n\t\t\t\t<div class=\"elementor-widget-container\">\n\t\t\t\t\t<h1 class=\"elementor-heading-title elementor-size-default\">Privatlivspolitik <\/h1>\t\t\t\t<\/div>\n\t\t\t\t<\/div>\n\t\t\t\t<div class=\"elementor-element elementor-element-61f349f elementor-widget elementor-widget-text-editor\" data-id=\"61f349f\" data-element_type=\"widget\" data-e-type=\"widget\" data-widget_type=\"text-editor.default\">\n\t\t\t\t<div class=\"elementor-widget-container\">\n\t\t\t\t\t\t\t\t\t<h2><strong>\u00a0<\/strong><\/h2><h2><strong>Hvem er vi ?<\/strong><\/h2><p>Vores hjemmesideadresse er: https:\/\/darkorchid-viper-707018.hostingersite.com<\/p><ul><li>Soci\u00e9t\u00e9 :<span class=\"Apple-converted-space\"> Brand Success &#8211; 78 avenue des Champs Elys\u00e9es &#8211; Bureau 562 &#8211; 75008 Paris &#8211; France.\u00a0<\/span><\/li><li>N\u00b0 de T\u00e9l\u00e9phone : +187722956001<\/li><li>Adresse mail : contact@darkorchid-viper-707018.hostingersite.com<\/li><li>Num\u00e9ro de l&rsquo;entreprise : 83353766500022<\/li><\/ul><p>Du kan kontakte os p\u00e5 f\u00f8lgende e-mailadresse: contact@darkorchid-viper-707018.hostingersite.com<\/p><h2><strong>Brug af indsamlede personlige data<\/strong><\/h2><p>For enhver afgivet ordre eller oprettelse af konto, accepterer du at modtage tilbud og kampagner via e-mail og\/eller telefon.<\/p><h2><strong>Kommentarer<\/strong><\/h2><p>N\u00e5r du efterlader en kommentar p\u00e5 vores hjemmeside, indsamles de data, der er indtastet i kommentarformularen, men ogs\u00e5 din IP-adresse og brugeragenten for din browser for at hj\u00e6lpe os med at opdage u\u00f8nskede kommentarer.<\/p><p>En anonymiseret streng oprettet fra din e-mailadresse (ogs\u00e5 kaldet en hash) kan sendes til Gravatar-tjenesten for at kontrollere, om du bruger den. Fortrolighedsbestemmelserne for Gravatar-tjenesten er tilg\u00e6ngelige her: https:\/\/automattic.com\/privacy\/. Efter validering af din kommentar vil dit profilbillede v\u00e6re offentligt synligt ved siden af din kommentar.<\/p><h2><strong>Medier<\/strong><\/h2><p>Hvis du er en registreret bruger og uploader billeder til hjemmesiden, r\u00e5der vi dig til at undg\u00e5 at uploade billeder, der indeholder EXIF-GPS-koordinatdata. Bes\u00f8gende p\u00e5 dit websted kan downloade og udtr\u00e6kke placeringsdata fra disse billeder.<\/p><h2><strong>Kontaktformularer<\/strong><\/h2><p>Pour nous contacter, veuillez nous \u00e9crire \u00e0 l&rsquo;adresse contact@darkorchid-viper-707018.hostingersite.com ou par courrier \u00e0 <span class=\"Apple-converted-space\">Brand Success<\/span> &#8211; 78, Avenue des Champs-\u00c9lys\u00e9es, Bureau 562, 75008 Paris &#8211; France<\/p><h2><strong>Cookies<\/strong><\/h2><p>Hvis du efterlader en kommentar p\u00e5 vores side, kan du gemme dit navn, din e-mailadresse og din hjemmeside i cookies. Dette er kun for din bekvemmelighed, s\u00e5 du ikke beh\u00f8ver at udfylde disse oplysninger, hvis du l\u00e6gger en anden kommentar senere. Disse cookies udl\u00f8ber efter et \u00e5r.<\/p><p>Hvis du g\u00e5r til login-siden, vil der blive oprettet en midlertidig cookie for at afg\u00f8re, om din browser accepterer cookies. Den indeholder ikke personlige data og slettes automatisk, n\u00e5r du lukker din browser.<\/p><p>N\u00e5r du logger ind, s\u00e6tter vi en r\u00e6kke cookies for at gemme dine loginoplysninger og sk\u00e6rmpr\u00e6ferencer. Levetiden for en forbindelses-cookie er to dage, og en sk\u00e6rmoptionscookie er et \u00e5r. Hvis du markerer &quot;Husk mig&quot;, vil din login-cookie blive opbevaret i to uger. Hvis du logger ud af din konto, vil login-cookien blive slettet.<\/p><p>Ved at redigere eller udgive et opslag, vil en ekstra cookie blive gemt i din browser. Denne cookie indeholder ingen personlige data. Det viser blot ID&#039;et for det indl\u00e6g, du lige har redigeret. Den udl\u00f8ber efter en dag.<\/p><h2><strong>Indhold indlejret fra andre websteder<\/strong><\/h2><p>Artikler p\u00e5 dette websted kan indeholde indlejret indhold (f.eks. videoer, billeder, artikler osv.). Indhold, der er indlejret fra andre websteder, opf\u00f8rer sig p\u00e5 samme m\u00e5de, som hvis den bes\u00f8gende gik til det andet websted.<\/p><p>Disse websteder kan indsamle data om dig, bruge cookies, integrere tredjeparts sporingsv\u00e6rkt\u00f8jer, spore dine interaktioner med dette indlejrede indhold, hvis du har en konto forbundet til deres websted.<\/p><h2><strong>Publikumsstatistikker og m\u00e5linger<\/strong><\/h2><p>Vi bruger teknologier, s\u00e5som cookies, til at tilpasse indhold og annoncering, levere funktioner til sociale medier og analysere trafik p\u00e5 webstedet. Vi deler oplysninger om din brug af webstedet med vores betroede sociale medier, reklame- og analysepartnere.<\/p><p>For at m\u00e5le visse statistikker knyttet til forskellige kunderejser, bruger vi Google Analytics, du kan konsultere deres privatlivspolitik p\u00e5 f\u00f8lgende adresse: <a href=\"https:\/\/policies.google.com\/privacy?hl=fr\">https:\/\/policies.google.com\/privacy?hl=fr<\/a>\u00a0.<\/p><p>Vi bruger ogs\u00e5 Facebook-pixel, du kan konsultere deres privatlivspolitik p\u00e5 f\u00f8lgende adresse: <a href=\"https:\/\/www.facebook.com\/payments_terms\/privacy\">https:\/\/www.facebook.com\/payments_terms\/privacy\u00a0<\/a><\/p><h2><strong>Lagringstider for dine data<\/strong><\/h2><p>Hvis du l\u00e6gger en kommentar, bevares kommentaren og dens metadata p\u00e5 ubestemt tid. Dette g\u00f8r det muligt automatisk at genkende og godkende efterf\u00f8lgende kommentarer i stedet for at efterlade dem i moderationsk\u00f8en.<\/p><p>For brugere, der registrerer sig p\u00e5 vores side (hvis muligt), gemmer vi ogs\u00e5 de personlige data, der er angivet i deres profil. Alle brugere kan se, \u00e6ndre eller slette deres personlige oplysninger til enhver tid (undtagen deres brugernavn). Webstedsadministratorer kan ogs\u00e5 se og \u00e6ndre disse oplysninger.<\/p><h2><strong>De rettigheder du har over dine data<\/strong><\/h2><p>Hvis du har en konto eller har efterladt kommentarer p\u00e5 siden, kan du anmode om at modtage en fil, der indeholder alle de personlige data, vi har om dig, herunder dem, du har givet os. Du kan ogs\u00e5 anmode om sletning af personoplysninger om dig. Dette tager ikke hensyn til data gemt til administrative, juridiske eller sikkerhedsm\u00e6ssige form\u00e5l.<\/p><h2><strong>Overf\u00f8rsel af dine personlige data<\/strong><\/h2><p>Bes\u00f8gendes kommentarer kan kontrolleres ved hj\u00e6lp af en automatisk spamkommentardetektionstjeneste.<\/p><h2><strong>Kontakt information<\/strong><\/h2><p>Vous pouvez nous contacter par mail \u00e0 l&rsquo;adresse suivante : contact@darkorchid-viper-707018.hostingersite.com ou par courrier \u00e0 <span class=\"Apple-converted-space\">Brand Success<\/span> &#8211; 78, Avenue des Champs-\u00c9lys\u00e9es, Bureau 562, 75008 Paris &#8211; France<\/p><h2><strong>Hvad vi indsamler og opbevarer<\/strong><\/h2><p>Under dit bes\u00f8g p\u00e5 siden sporer vi:<\/p><ul><li>Produkter, du har set: Vi bruger dem til for eksempel at vise produkter, du for nylig har set<\/li><li>Placering, IP-adresse og browsertype: vi bruger dem til at estimere skatter og leveringsomkostninger<\/li><li>Leveringsadresse: vi vil bede dig om at indtaste den for at estimere leveringsomkostningerne, f\u00f8r du afgiver ordren, og for at sende ordren til dig!<\/li><\/ul><p>Vi bruger cookies til at spore indk\u00f8bskurvens indhold, mens du navigerer p\u00e5 vores side.<\/p><p>N\u00e5r du k\u00f8ber fra vores hjemmeside, vil vi bede dig om at give oplysninger, herunder dit navn, faktureringsadresse, leveringsadresse, e-mailadresse, telefonnummer, betalings-\/kreditkortoplysninger og muligvis kontooplysninger s\u00e5som brugernavn og adgangskode. Disse oplysninger vil blive brugt til at:<\/p><ul><li>Sender oplysninger om din konto og ordre<\/li><li>Besvare anmodninger, herunder refusioner og klager<\/li><li>Betalingsbehandling og forebyggelse af svindel<\/li><li>Configurez votre compte pour notre boutique<\/li><li>Overhold eventuelle juridiske forpligtelser, s\u00e5som beregning af skatter<\/li><li>Forbedre vores butikstilbud<\/li><li>Send dig marketingbeskeder, hvis du v\u00e6lger at modtage dem<\/li><\/ul><p>Hvis du opretter en konto, gemmer vi dit navn, adresse, e-mail og telefonnummer, som vil blive brugt til at forududfylde ordrevalidering for fremtidige ordrer.<\/p><p>Nous stockons g\u00e9n\u00e9ralement vos informations aussi longtemps que nous en avons besoin pour l&rsquo;usage pour lequel nous les collectons et utilisons, et nous ne sommes pas oblig\u00e9s l\u00e9galement de conitnuer \u00e0 les conserver. Par exemple, nous stockons les informations de commande pour 2 ann\u00e9es pour les taxes et la comptabilit\u00e9. Ceci inclut votre nom, adresse de messagerie et adresses de facturation et livraison.<\/p><p>Vi gemmer ogs\u00e5 kommentarer eller anmeldelser, hvis du v\u00e6lger at sende dem.<\/p><h2><strong>Hvem p\u00e5 vores team har adgang til dataene<\/strong><\/h2><p>Vores teammedlemmer har adgang til de oplysninger, du giver os. For eksempel har butiksadministratorer og -administratorer adgang til:<\/p><ul><li>Bestillingsoplysninger s\u00e5som hvad der er k\u00f8bt, hvorn\u00e5r og hvor det skal sendes, og<\/li><li>Kundeoplysninger s\u00e5som dit navn, e-mailadresse og fakturerings- og forsendelsesoplysninger.<\/li><\/ul><p>Vores team har adgang til disse oplysninger til at behandle ordrer, udstede refusioner og st\u00f8tte dig.<\/p><h2><strong>Hvad vi deler med andre<\/strong><\/h2><p>Vi deler data med tredjeparter, som hj\u00e6lper os med at administrere vores ordrer og butikstjenester; Stripe som er en kreditkort betalingsservice og PayPal som er en betalingsgateway.<\/p><h3><strong>Betalinger<\/strong><\/h3><p>Vi accepterer betalinger med PayPal og Stripe. Ved behandling af betalinger vil visse data blive overf\u00f8rt til PayPal eller Stripe, herunder oplysninger, der kr\u00e6ves for at gennemf\u00f8re betalingen, s\u00e5som det samlede bel\u00f8b eller faktureringsoplysninger.<\/p><p>L\u00e6s venligst <a href=\"https:\/\/www.paypal.com\/us\/webapps\/mpp\/ua\/privacy-full\">PayPals privatlivspolitik<\/a> for flere detaljer.<\/p><p>L\u00e6s venligst <a href=\"https:\/\/stripe.com\/fr\/privacy\">Stripes privatlivspolitik<\/a> for flere detaljer.<\/p>\t\t\t\t\t\t\t\t<\/div>\n\t\t\t\t<\/div>\n\t\t\t\t\t<\/div>\n\t\t<\/div>\n\t\t\t\t\t<\/div>\n\t\t<\/section>\n\t\t\t\t<\/div>","protected":false},"excerpt":{"rendered":"<p>Politique de Confidentialit\u00e9 \u00a0 Qui sommes-nous\u00a0? L&rsquo;adresse de notre site Web est\u00a0: https:\/\/darkorchid-viper-707018.hostingersite.com Soci\u00e9t\u00e9 : Brand Success &#8211; 78 avenue [&hellip;]<\/p>\n","protected":false},"author":1,"featured_media":0,"parent":0,"menu_order":0,"comment_status":"closed","ping_status":"closed","template":"","meta":{"_seopress_robots_primary_cat":"","_seopress_titles_title":"","_seopress_titles_desc":"","_seopress_robots_index":"","site-sidebar-layout":"no-sidebar","site-content-layout":"page-builder","ast-site-content-layout":"default","site-content-style":"default","site-sidebar-style":"default","ast-global-header-display":"","ast-banner-title-visibility":"","ast-main-header-display":"","ast-hfb-above-header-display":"","ast-hfb-below-header-display":"","ast-hfb-mobile-header-display":"","site-post-title":"disabled","ast-breadcrumbs-content":"","ast-featured-img":"disabled","footer-sml-layout":"","ast-disable-related-posts":"","theme-transparent-header-meta":"","adv-header-id-meta":"","stick-header-meta":"","header-above-stick-meta":"","header-main-stick-meta":"","header-below-stick-meta":"","astra-migrate-meta-layouts":"set","ast-page-background-enabled":"default","ast-page-background-meta":{"desktop":{"background-color":"","background-image":"","background-repeat":"repeat","background-position":"center center","background-size":"auto","background-attachment":"scroll","background-type":"","background-media":"","overlay-type":"","overlay-color":"","overlay-opacity":"","overlay-gradient":""},"tablet":{"background-color":"","background-image":"","background-repeat":"repeat","background-position":"center center","background-size":"auto","background-attachment":"scroll","background-type":"","background-media":"","overlay-type":"","overlay-color":"","overlay-opacity":"","overlay-gradient":""},"mobile":{"background-color":"","background-image":"","background-repeat":"repeat","background-position":"center center","background-size":"auto","background-attachment":"scroll","background-type":"","background-media":"","overlay-type":"","overlay-color":"","overlay-opacity":"","overlay-gradient":""}},"ast-content-background-meta":{"desktop":{"background-color":"var(--ast-global-color-5)","background-image":"","background-repeat":"repeat","background-position":"center center","background-size":"auto","background-attachment":"scroll","background-type":"","background-media":"","overlay-type":"","overlay-color":"","overlay-opacity":"","overlay-gradient":""},"tablet":{"background-color":"var(--ast-global-color-5)","background-image":"","background-repeat":"repeat","background-position":"center center","background-size":"auto","background-attachment":"scroll","background-type":"","background-media":"","overlay-type":"","overlay-color":"","overlay-opacity":"","overlay-gradient":""},"mobile":{"background-color":"var(--ast-global-color-5)","background-image":"","background-repeat":"repeat","background-position":"center center","background-size":"auto","background-attachment":"scroll","background-type":"","background-media":"","overlay-type":"","overlay-color":"","overlay-opacity":"","overlay-gradient":""}},"footnotes":""},"class_list":["post-672","page","type-page","status-publish","hentry"],"_links":{"self":[{"href":"https:\/\/live-stream-pro.com\/da\/wp-json\/wp\/v2\/pages\/672","targetHints":{"allow":["GET"]}}],"collection":[{"href":"https:\/\/live-stream-pro.com\/da\/wp-json\/wp\/v2\/pages"}],"about":[{"href":"https:\/\/live-stream-pro.com\/da\/wp-json\/wp\/v2\/types\/page"}],"author":[{"embeddable":true,"href":"https:\/\/live-stream-pro.com\/da\/wp-json\/wp\/v2\/users\/1"}],"replies":[{"embeddable":true,"href":"https:\/\/live-stream-pro.com\/da\/wp-json\/wp\/v2\/comments?post=672"}],"version-history":[{"count":0,"href":"https:\/\/live-stream-pro.com\/da\/wp-json\/wp\/v2\/pages\/672\/revisions"}],"wp:attachment":[{"href":"https:\/\/live-stream-pro.com\/da\/wp-json\/wp\/v2\/media?parent=672"}],"curies":[{"name":"wp","href":"https:\/\/api.w.org\/{rel}","templated":true}]}}