{"id":676,"date":"2022-07-11T18:22:23","date_gmt":"2022-07-11T18:22:23","guid":{"rendered":"https:\/\/darkorchid-viper-707018.hostingersite.com\/?page_id=676"},"modified":"2025-04-13T23:22:49","modified_gmt":"2025-04-13T22:22:49","slug":"legal-notice","status":"publish","type":"page","link":"https:\/\/live-stream-pro.com\/da\/juridisk-meddelelse\/","title":{"rendered":"Juridisk information"},"content":{"rendered":"<div data-elementor-type=\"wp-page\" data-elementor-id=\"676\" class=\"elementor elementor-676\" data-elementor-post-type=\"page\">\n\t\t\t\t\t\t<section class=\"elementor-section elementor-top-section elementor-element elementor-element-741fece elementor-section-boxed elementor-section-height-default elementor-section-height-default\" data-id=\"741fece\" data-element_type=\"section\" data-e-type=\"section\">\n\t\t\t\t\t\t<div class=\"elementor-container elementor-column-gap-default\">\n\t\t\t\t\t<div class=\"elementor-column elementor-col-100 elementor-top-column elementor-element elementor-element-ebdb51c\" data-id=\"ebdb51c\" data-element_type=\"column\" data-e-type=\"column\">\n\t\t\t<div class=\"elementor-widget-wrap elementor-element-populated\">\n\t\t\t\t\t\t<div class=\"elementor-element elementor-element-9bddc5e elementor-widget elementor-widget-heading\" data-id=\"9bddc5e\" data-element_type=\"widget\" data-e-type=\"widget\" data-widget_type=\"heading.default\">\n\t\t\t\t<div class=\"elementor-widget-container\">\n\t\t\t\t\t<h1 class=\"elementor-heading-title elementor-size-default\">Juridisk information<\/h1>\t\t\t\t<\/div>\n\t\t\t\t<\/div>\n\t\t\t\t<div class=\"elementor-element elementor-element-87670af elementor-widget elementor-widget-text-editor\" data-id=\"87670af\" data-element_type=\"widget\" data-e-type=\"widget\" data-widget_type=\"text-editor.default\">\n\t\t\t\t<div class=\"elementor-widget-container\">\n\t\t\t\t\t\t\t\t\t<h2><strong>\u00a0<\/strong><\/h2><h2><strong>1. Pr\u00e6sentation af webstedet<\/strong><\/h2><div style=\"caret-color: #7a7a7a; color: #7a7a7a; font-size: 15px;\"><p style=\"font-size: 15px; margin-bottom: 1.75em;\">I henhold til artikel 6 i lov nr. 2004-575 af 21. juni 2004 for tillid til den digitale \u00f8konomi informeres brugere af live-stream-pro.com-siden om identiteten af de forskellige deltagere i rammen for dens implementering og overv\u00e5gning :<\/p><p style=\"font-size: 15px; margin-bottom: 1.75em;\"><strong>Ejer<\/strong> :<\/p><ul><li>Soci\u00e9t\u00e9 :<span class=\"Apple-converted-space\"> Brand Success &#8211; 78 avenue des Champs Elys\u00e9es &#8211; Bureau 562 &#8211; 75008 Paris &#8211; France.\u00a0<\/span><\/li><li>N\u00b0 de T\u00e9l\u00e9phone : +187722956001<\/li><li>Adresse mail : contact@darkorchid-viper-707018.hostingersite.com<\/li><li>Num\u00e9ro de l\u2019entreprise : 83353766500022<\/li><\/ul><p style=\"font-size: 15px; margin-bottom: 1.75em;\"><span style=\"font-style: inherit; color: var( --e-global-color-text ); font-family: var( --e-global-typography-text-font-family ), Sans-serif;\">Den publikationsansvarlige er en fysisk person eller en juridisk enhed.<\/span><\/p><p style=\"font-size: 15px; margin-bottom: 1.75em;\"><strong>V\u00e6rt<\/strong>\u00a0:\u00a0<em>OVH<\/em>\u00a0SAS: 2 rue Kellermann \u2013 BP 80157 59053 ROUBAIX CEDEX 1<\/p><h2><strong>2. Generelle betingelser for brug af webstedet og de tilbudte tjenester.<\/strong><\/h2><p style=\"font-size: 15px; margin-bottom: 1.75em;\">Brug af live-stream-pro.com-siden indeb\u00e6rer fuld accept af de generelle brugsbetingelser beskrevet nedenfor. Disse brugsbetingelser kan til enhver tid \u00e6ndres eller suppleres, brugere af live-stream-pro.com-siden opfordres derfor til at konsultere dem regelm\u00e6ssigt.<\/p><p style=\"font-size: 15px; margin-bottom: 1.75em;\">Ce site est normalement accessible \u00e0 tout moment aux utilisateurs. Une interruption pour raison de maintenance technique peut \u00eatre toutefois d\u00e9cid\u00e9e par <span class=\"Apple-converted-space\">Brand Success<\/span>, qui s\u2019efforcera alors de communiquer pr\u00e9alablement aux utilisateurs les dates et heures de l\u2019intervention.<\/p><p style=\"font-size: 15px; margin-bottom: 1.75em;\">Live-stream-pro.com hjemmesiden<a style=\"color: #547dd3;\" href=\"https:\/\/rocket-marketing.eu\/\">\u00a0<\/a>est mis \u00e0 jour r\u00e9guli\u00e8rement par <span class=\"Apple-converted-space\">Brand Success<\/span>. De la m\u00eame fa\u00e7on, les mentions l\u00e9gales peuvent \u00eatre modifi\u00e9es \u00e0 tout moment : elles s\u2019imposent n\u00e9anmoins \u00e0 l\u2019utilisateur qui est invit\u00e9 \u00e0 s\u2019y r\u00e9f\u00e9rer le plus souvent possible afin d\u2019en prendre connaissance.<\/p><h2><strong>3. Beskrivelse af ydelser.<\/strong><\/h2><p style=\"font-size: 15px; margin-bottom: 1.75em;\">Live-stream-pro.com-siden har til form\u00e5l at give information om alle virksomhedens aktiviteter.<\/p><p style=\"font-size: 15px; margin-bottom: 1.75em;\"><span class=\"Apple-converted-space\">Brand Success<\/span> s\u2019efforce de fournir sur le site live-stream-pro.com des informations aussi pr\u00e9cises que possible. Toutefois, il ne pourra \u00eatre tenue responsable des omissions, des inexactitudes et des carences dans la mise \u00e0 jour, qu\u2019elles soient de son fait ou du fait des tiers partenaires qui lui fournissent ces informations.<\/p><p style=\"font-size: 15px; margin-bottom: 1.75em;\">Alle oplysninger angivet p\u00e5 live-stream-pro.com-siden er kun givet til informationsform\u00e5l og kan \u00e6ndres. Desuden er oplysningerne p\u00e5 live-stream-pro.com-siden ikke udt\u00f8mmende. De gives med forbehold for \u00e6ndringer, siden de blev sat online.<\/p><h2><strong>4. Kontraktm\u00e6ssige begr\u00e6nsninger p\u00e5 tekniske data.<\/strong><\/h2><p style=\"font-size: 15px; margin-bottom: 1.75em;\">Siden bruger JavaScript-teknologi.<\/p><p style=\"font-size: 15px; margin-bottom: 1.75em;\">Hjemmesiden kan ikke holdes ansvarlig for materielle skader forbundet med brugen af siden. Derudover forpligter brugeren af webstedet sig til at f\u00e5 adgang til webstedet ved hj\u00e6lp af nyere udstyr, der ikke indeholder virus og med en opdateret seneste generations browser.<\/p><h2><strong>5. Intellektuel ejendomsret og varem\u00e6rkeforfalskning.<\/strong><\/h2><p style=\"font-size: 15px; margin-bottom: 1.75em;\"><span class=\"Apple-converted-space\">Brand Success<\/span> est propri\u00e9taire des droits de propri\u00e9t\u00e9 intellectuelle ou d\u00e9tient les droits d\u2019usage sur tous les \u00e9l\u00e9ments accessibles sur le site, notamment les textes, images, graphismes, logo, ic\u00f4nes, sons, logiciels.<\/p><p style=\"font-size: 15px; margin-bottom: 1.75em;\">Toute reproduction, repr\u00e9sentation, modification, publication, adaptation de tout ou partie des \u00e9l\u00e9ments du site, quel que soit le moyen ou le proc\u00e9d\u00e9 utilis\u00e9, est interdite, sauf autorisation \u00e9crite pr\u00e9alable de la soci\u00e9t\u00e9 <span class=\"Apple-converted-space\">Brand Success<\/span>.<\/p><p style=\"font-size: 15px; margin-bottom: 1.75em;\">Enhver uautoriseret brug af webstedet eller nogen af de elementer, det indeholder, vil blive betragtet som v\u00e6rende en kr\u00e6nkelse og retsforfulgt i overensstemmelse med bestemmelserne i artiklerne L.335-2 ff. i loven om intellektuel ejendomsret.<\/p><h2><strong>6. Ansvarsbegr\u00e6nsninger.<\/strong><\/h2><p style=\"font-size: 15px; margin-bottom: 1.75em;\"><span class=\"Apple-converted-space\">Brand Success<\/span> ne pourra \u00eatre tenue responsable des dommages directs et indirects caus\u00e9s au mat\u00e9riel de l\u2019utilisateur, lors de l\u2019acc\u00e8s au site live-stream-pro.com, et r\u00e9sultant soit de l\u2019utilisation d\u2019un mat\u00e9riel ne r\u00e9pondant pas aux sp\u00e9cifications indiqu\u00e9es au point 4, soit de l\u2019apparition d\u2019un bug ou d\u2019une incompatibilit\u00e9.<\/p><p style=\"font-size: 15px; margin-bottom: 1.75em;\"><span class=\"Apple-converted-space\">Brand Success<\/span> ne pourra \u00e9galement \u00eatre tenue responsable des dommages indirects (tels par exemple qu\u2019une perte de march\u00e9 ou perte d\u2019une chance) cons\u00e9cutifs \u00e0 l\u2019utilisation du site <span style=\"background-color: var(--ast-global-color-2);\">live-stream-pro.com<\/span><\/p><p style=\"font-size: 15px; margin-bottom: 1.75em;\">Des espaces interactifs (possibilit\u00e9 de poser des questions dans l\u2019espace contact) sont \u00e0 la disposition des utilisateurs. <span class=\"Apple-converted-space\">Brand Success<\/span> se r\u00e9serve le droit de supprimer, sans mise en demeure pr\u00e9alable, tout contenu d\u00e9pos\u00e9 dans cet espace qui contreviendrait \u00e0 la l\u00e9gislation applicable en France, en particulier aux dispositions relatives \u00e0 la protection des donn\u00e9es.\u00a0<\/p><p style=\"font-size: 15px; margin-bottom: 1.75em;\">Le cas \u00e9ch\u00e9ant, <span class=\"Apple-converted-space\">Brand Success <\/span>se r\u00e9serve \u00e9galement la possibilit\u00e9 de mettre en cause la responsabilit\u00e9 civile et\/ou p\u00e9nale de l\u2019utilisateur, notamment en cas de message \u00e0 caract\u00e8re raciste, injurieux, diffamant, ou pornographique, quel que soit le support utilis\u00e9 (texte, photographie\u2026).<\/p><h2><strong>7. H\u00e5ndtering af persondata.<\/strong><\/h2><p style=\"font-size: 15px; margin-bottom: 1.75em;\">I Frankrig er personoplysninger is\u00e6r beskyttet af lov nr. 78-87 af 6. januar 1978, lov nr. 2004-801 af 6. august 2004, artikel L. 226-13 i straffeloven og det europ\u00e6iske direktiv af 24. oktober , 1995.<\/p><p style=\"font-size: 15px; margin-bottom: 1.75em;\">N\u00e5r du bruger live-stream-pro.com-webstedet, kan f\u00f8lgende indsamles: URL&#039;en p\u00e5 de links, hvorigennem brugeren fik adgang til live-stream-pro.com-webstedet, udbyderen af brugeradgang, brugerens internetprotokol (IP) adresse.<\/p><p style=\"font-size: 15px; margin-bottom: 1.75em;\">En tout \u00e9tat de cause <span class=\"Apple-converted-space\">Brand Success<\/span> ne collecte des informations personnelles relatives \u00e0 l\u2019utilisateur que pour le besoin de certains services propos\u00e9s par le site live-stream-pro.com. L\u2019utilisateur fournit ces informations en toute connaissance de cause, notamment lorsqu\u2019il proc\u00e8de par lui-m\u00eame \u00e0 leur saisie. Il est alors pr\u00e9cis\u00e9 \u00e0 l\u2019utilisateur du site live-stream-pro.com a l\u2019obligation ou non de fournir ces informations.<\/p><p style=\"font-size: 15px; margin-bottom: 1.75em;\">I overensstemmelse med bestemmelserne i artikel 38 og f\u00f8lgende i lov 78-17 af 6. januar 1978 om databehandling, filer og frihedsrettigheder har enhver bruger ret til indsigt, berigtigelse og indsigelse mod personlige data vedr\u00f8rende ham ved at g\u00f8re sit skriftlige og underskrevet anmodning, ledsaget af en kopi af identitetsdokumentet med underskrift fra indehaveren af dokumentet, med angivelse af den adresse, som svaret skal sendes til.<\/p><p style=\"font-size: 15px; margin-bottom: 1.75em;\">Aucune information personnelle de l\u2019utilisateur du site live-stream-pro.com n\u2019est publi\u00e9e \u00e0 l\u2019insu de l\u2019utilisateur, \u00e9chang\u00e9e, transf\u00e9r\u00e9e, c\u00e9d\u00e9e ou vendue sur un support quelconque \u00e0 des tiers. Seule l\u2019hypoth\u00e8se du rachat de <span class=\"Apple-converted-space\">Brand Success<\/span> et de ses droits permettrait la transmission des dites informations \u00e0 l\u2019\u00e9ventuel acqu\u00e9reur qui serait \u00e0 son tour tenu de la m\u00eame obligation de conservation et de modification des donn\u00e9es vis \u00e0 vis de l\u2019utilisateur du site\u00a0<span style=\"background-color: var(--ast-global-color-2);\">live-stream-pro.com<\/span><\/p><p style=\"font-size: 15px; margin-bottom: 1.75em;\">Databaserne er beskyttet af bestemmelserne i loven af 1. juli 1998 om gennemf\u00f8relse af direktiv 96\/9 af 11. marts 1996 om retlig beskyttelse af databaser.<\/p><h2><strong>8. Hypertekstlinks og cookies.<\/strong><\/h2><p style=\"font-size: 15px; margin-bottom: 1.75em;\">Le site live-stream-pro.com contient un certain nombre de liens hypertextes vers d\u2019autres sites, mis en place avec l\u2019autorisation de <span class=\"Apple-converted-space\">Brand Success<\/span>. Cependant, <span class=\"Apple-converted-space\">Brand Success<\/span> n\u2019a pas la possibilit\u00e9 de v\u00e9rifier le contenu des sites ainsi visit\u00e9s, et n\u2019assumera en cons\u00e9quence aucune responsabilit\u00e9 de ce fait.<\/p><p style=\"font-size: 15px; margin-bottom: 1.75em;\">Gennemse live-stream-pro.com-siden kan for\u00e5rsage installation af cookies p\u00e5 brugerens computer. En cookie er en lille fil, som ikke tillader identifikation af brugeren, men som registrerer information vedr\u00f8rende navigationen p\u00e5 en computer p\u00e5 et websted. De s\u00e5ledes indhentede data har til form\u00e5l at lette den efterf\u00f8lgende navigation p\u00e5 siden, og er ogs\u00e5 beregnet til at muligg\u00f8re forskellige trafikm\u00e5linger.<\/p><p style=\"font-size: 15px; margin-bottom: 1.75em;\">At n\u00e6gte at installere en cookie kan medf\u00f8re, at det er umuligt at f\u00e5 adgang til visse tjenester. Brugeren kan dog konfigurere sin computer p\u00e5 f\u00f8lgende m\u00e5de til at afvise installationen af cookies:<\/p><p style=\"font-size: 15px; margin-bottom: 1.75em;\">Under Internet Explorer: v\u00e6rkt\u00f8jsfane (tandformet piktogram \u00f8verst til h\u00f8jre) \/ internetmuligheder. Klik p\u00e5 Privatliv og v\u00e6lg Bloker alle cookies. Bekr\u00e6ft p\u00e5 Ok.<\/p><p style=\"font-size: 15px; margin-bottom: 1.75em;\">Under Firefox: \u00d8verst i browservinduet skal du klikke p\u00e5 Firefox-knappen og derefter g\u00e5 til fanen Indstillinger. Klik p\u00e5 fanen Privatliv. Indstil opbevaringsregler til: Brug tilpassede indstillinger for historik. Fjern endelig markeringen for at deaktivere cookies.<\/p><p style=\"font-size: 15px; margin-bottom: 1.75em;\">Under Safari: Klik \u00f8verst til h\u00f8jre i browseren p\u00e5 menupiktogrammet (symboliseret med et tandhjul). V\u00e6lg Indstillinger. Klik p\u00e5 Vis avancerede indstillinger. I afsnittet &quot;Privatliv&quot; skal du klikke p\u00e5 Indstillinger for indhold. I afsnittet &quot;Cookies&quot; kan du blokere cookies.<\/p><p style=\"font-size: 15px; margin-bottom: 1.75em;\">Under Chrome: Klik \u00f8verst til h\u00f8jre i browseren p\u00e5 menupiktogrammet (symboliseret med tre vandrette linjer). V\u00e6lg Indstillinger. Klik p\u00e5 Vis avancerede indstillinger. Klik p\u00e5 Pr\u00e6ferencer i afsnittet &quot;Privatliv&quot;. P\u00e5 fanen &quot;Privatliv&quot; kan du blokere cookies.<\/p><h2><strong>9. G\u00e6ldende lov og tildeling af jurisdiktion.<\/strong><\/h2><p style=\"font-size: 15px; margin-bottom: 1.75em;\">Enhver tvist i forbindelse med brugen af live-stream-pro.com-siden er underlagt fransk lov. Eksklusiv jurisdiktion tildeles de kompetente domstole i Paris.<\/p><h2><strong>10. De vigtigste ber\u00f8rte love.<\/strong><\/h2><p style=\"font-size: 15px; margin-bottom: 1.75em;\">Lov nr. 78-17 af 6. januar 1978, is\u00e6r \u00e6ndret ved lov nr. 2004-801 af 6. august 2004 vedr\u00f8rende databehandling, filer og friheder.<\/p><p style=\"font-size: 15px; margin-bottom: 1.75em;\">Lov nr. 2004-575 af 21. juni 2004 om tillid til den digitale \u00f8konomi.<\/p><h2><strong>11. Ordliste.<\/strong><\/h2><p style=\"font-size: 15px; margin-bottom: 1.75em;\">Bruger: Internetbruger tilslutter sig ved hj\u00e6lp af ovenn\u00e6vnte websted.<\/p><p style=\"font-size: 15px; margin-bottom: 1.75em;\">Personoplysninger: &quot;oplysninger, der i enhver form, direkte eller indirekte, muligg\u00f8r identifikation af de fysiske personer, som de g\u00e6lder for&quot; (artikel 4 i lov nr. 78-17 af 6. januar 1978).<\/p><\/div>\t\t\t\t\t\t\t\t<\/div>\n\t\t\t\t<\/div>\n\t\t\t\t\t<\/div>\n\t\t<\/div>\n\t\t\t\t\t<\/div>\n\t\t<\/section>\n\t\t\t\t<\/div>","protected":false},"excerpt":{"rendered":"<p>Mentions L\u00e9gales \u00a0 1. Pr\u00e9sentation du site En vertu de l\u2019article 6 de la loi n\u00b0 2004-575 du 21 juin [&hellip;]<\/p>\n","protected":false},"author":1,"featured_media":0,"parent":0,"menu_order":0,"comment_status":"closed","ping_status":"closed","template":"","meta":{"_seopress_robots_primary_cat":"","_seopress_titles_title":"","_seopress_titles_desc":"","_seopress_robots_index":"","site-sidebar-layout":"no-sidebar","site-content-layout":"page-builder","ast-site-content-layout":"default","site-content-style":"default","site-sidebar-style":"default","ast-global-header-display":"","ast-banner-title-visibility":"","ast-main-header-display":"","ast-hfb-above-header-display":"","ast-hfb-below-header-display":"","ast-hfb-mobile-header-display":"","site-post-title":"disabled","ast-breadcrumbs-content":"","ast-featured-img":"disabled","footer-sml-layout":"","ast-disable-related-posts":"","theme-transparent-header-meta":"","adv-header-id-meta":"","stick-header-meta":"","header-above-stick-meta":"","header-main-stick-meta":"","header-below-stick-meta":"","astra-migrate-meta-layouts":"set","ast-page-background-enabled":"default","ast-page-background-meta":{"desktop":{"background-color":"","background-image":"","background-repeat":"repeat","background-position":"center center","background-size":"auto","background-attachment":"scroll","background-type":"","background-media":"","overlay-type":"","overlay-color":"","overlay-opacity":"","overlay-gradient":""},"tablet":{"background-color":"","background-image":"","background-repeat":"repeat","background-position":"center center","background-size":"auto","background-attachment":"scroll","background-type":"","background-media":"","overlay-type":"","overlay-color":"","overlay-opacity":"","overlay-gradient":""},"mobile":{"background-color":"","background-image":"","background-repeat":"repeat","background-position":"center center","background-size":"auto","background-attachment":"scroll","background-type":"","background-media":"","overlay-type":"","overlay-color":"","overlay-opacity":"","overlay-gradient":""}},"ast-content-background-meta":{"desktop":{"background-color":"var(--ast-global-color-5)","background-image":"","background-repeat":"repeat","background-position":"center center","background-size":"auto","background-attachment":"scroll","background-type":"","background-media":"","overlay-type":"","overlay-color":"","overlay-opacity":"","overlay-gradient":""},"tablet":{"background-color":"var(--ast-global-color-5)","background-image":"","background-repeat":"repeat","background-position":"center center","background-size":"auto","background-attachment":"scroll","background-type":"","background-media":"","overlay-type":"","overlay-color":"","overlay-opacity":"","overlay-gradient":""},"mobile":{"background-color":"var(--ast-global-color-5)","background-image":"","background-repeat":"repeat","background-position":"center center","background-size":"auto","background-attachment":"scroll","background-type":"","background-media":"","overlay-type":"","overlay-color":"","overlay-opacity":"","overlay-gradient":""}},"footnotes":""},"class_list":["post-676","page","type-page","status-publish","hentry"],"_links":{"self":[{"href":"https:\/\/live-stream-pro.com\/da\/wp-json\/wp\/v2\/pages\/676","targetHints":{"allow":["GET"]}}],"collection":[{"href":"https:\/\/live-stream-pro.com\/da\/wp-json\/wp\/v2\/pages"}],"about":[{"href":"https:\/\/live-stream-pro.com\/da\/wp-json\/wp\/v2\/types\/page"}],"author":[{"embeddable":true,"href":"https:\/\/live-stream-pro.com\/da\/wp-json\/wp\/v2\/users\/1"}],"replies":[{"embeddable":true,"href":"https:\/\/live-stream-pro.com\/da\/wp-json\/wp\/v2\/comments?post=676"}],"version-history":[{"count":0,"href":"https:\/\/live-stream-pro.com\/da\/wp-json\/wp\/v2\/pages\/676\/revisions"}],"wp:attachment":[{"href":"https:\/\/live-stream-pro.com\/da\/wp-json\/wp\/v2\/media?parent=676"}],"curies":[{"name":"wp","href":"https:\/\/api.w.org\/{rel}","templated":true}]}}