{"id":672,"date":"2022-07-11T18:12:41","date_gmt":"2022-07-11T18:12:41","guid":{"rendered":"https:\/\/darkorchid-viper-707018.hostingersite.com\/?page_id=672"},"modified":"2025-04-13T23:22:36","modified_gmt":"2025-04-13T22:22:36","slug":"privacy-policy","status":"publish","type":"page","link":"https:\/\/live-stream-pro.com\/de\/datenschutzrichtlinie\/","title":{"rendered":"Datenschutzrichtlinie"},"content":{"rendered":"<div data-elementor-type=\"wp-page\" data-elementor-id=\"672\" class=\"elementor elementor-672\" data-elementor-post-type=\"page\">\n\t\t\t\t\t\t<section class=\"elementor-section elementor-top-section elementor-element elementor-element-7af476d elementor-section-boxed elementor-section-height-default elementor-section-height-default\" data-id=\"7af476d\" data-element_type=\"section\" data-e-type=\"section\">\n\t\t\t\t\t\t<div class=\"elementor-container elementor-column-gap-default\">\n\t\t\t\t\t<div class=\"elementor-column elementor-col-100 elementor-top-column elementor-element elementor-element-0cff594\" data-id=\"0cff594\" data-element_type=\"column\" data-e-type=\"column\">\n\t\t\t<div class=\"elementor-widget-wrap elementor-element-populated\">\n\t\t\t\t\t\t<div class=\"elementor-element elementor-element-277604e elementor-widget elementor-widget-heading\" data-id=\"277604e\" data-element_type=\"widget\" data-e-type=\"widget\" data-widget_type=\"heading.default\">\n\t\t\t\t<div class=\"elementor-widget-container\">\n\t\t\t\t\t<h1 class=\"elementor-heading-title elementor-size-default\">Datenschutzrichtlinie <\/h1>\t\t\t\t<\/div>\n\t\t\t\t<\/div>\n\t\t\t\t<div class=\"elementor-element elementor-element-61f349f elementor-widget elementor-widget-text-editor\" data-id=\"61f349f\" data-element_type=\"widget\" data-e-type=\"widget\" data-widget_type=\"text-editor.default\">\n\t\t\t\t<div class=\"elementor-widget-container\">\n\t\t\t\t\t\t\t\t\t<h2><strong>\u00a0<\/strong><\/h2><h2><strong>Wer sind wir ?<\/strong><\/h2><p>Unsere Website-Adresse lautet: https:\/\/darkorchid-viper-707018.hostingersite.com<\/p><ul><li>Soci\u00e9t\u00e9 :<span class=\"Apple-converted-space\"> Brand Success &#8211; 78 avenue des Champs Elys\u00e9es &#8211; Bureau 562 &#8211; 75008 Paris &#8211; France.\u00a0<\/span><\/li><li>N\u00b0 de T\u00e9l\u00e9phone : +187722956001<\/li><li>Adresse mail : contact@darkorchid-viper-707018.hostingersite.com<\/li><li>Num\u00e9ro de l&rsquo;entreprise : 83353766500022<\/li><\/ul><p>Sie k\u00f6nnen uns unter der folgenden E-Mail-Adresse kontaktieren: contact@darkorchid-viper-707018.hostingersite.com<\/p><h2><strong>Verwendung der erhobenen personenbezogenen Daten<\/strong><\/h2><p>F\u00fcr jede aufgegebene Bestellung oder Kontoerstellung erkl\u00e4ren Sie sich damit einverstanden, Angebote und Werbeaktionen per E-Mail und\/oder Telefon zu erhalten.<\/p><h2><strong>Kommentare<\/strong><\/h2><p>Wenn Sie auf unserer Website einen Kommentar hinterlassen, werden die im Kommentarformular eingegebenen Daten, aber auch Ihre IP-Adresse und der User-Agent Ihres Browsers erfasst, um uns bei der Erkennung unerw\u00fcnschter Kommentare zu helfen.<\/p><p>Eine anonymisierte Zeichenfolge, die aus Ihrer E-Mail-Adresse erstellt wird (auch Hash genannt), kann an den Gravatar-Dienst gesendet werden, um zu \u00fcberpr\u00fcfen, ob Sie ihn verwenden. Die Vertraulichkeitsbestimmungen des Gravatar-Dienstes finden Sie hier: https:\/\/automattic.com\/privacy\/. Nach der Validierung Ihres Kommentars wird Ihr Profilfoto neben Ihrem Kommentar \u00f6ffentlich sichtbar sein.<\/p><h2><strong>Medien<\/strong><\/h2><p>Wenn Sie ein registrierter Benutzer sind und Bilder auf die Website hochladen, empfehlen wir Ihnen, das Hochladen von Bildern zu vermeiden, die EXIF-GPS-Koordinatendaten enthalten. Besucher Ihrer Website k\u00f6nnen Standortdaten aus diesen Bildern herunterladen und extrahieren.<\/p><h2><strong>Kontaktformulare<\/strong><\/h2><p>Pour nous contacter, veuillez nous \u00e9crire \u00e0 l&rsquo;adresse contact@darkorchid-viper-707018.hostingersite.com ou par courrier \u00e0 <span class=\"Apple-converted-space\">Brand Success<\/span> &#8211; 78, Avenue des Champs-\u00c9lys\u00e9es, Bureau 562, 75008 Paris &#8211; France<\/p><h2><strong>Kekse<\/strong><\/h2><p>Wenn Sie einen Kommentar auf unserer Website hinterlassen, k\u00f6nnen Ihr Name, Ihre E-Mail-Adresse und Ihre Website in Cookies gespeichert werden. Dies dient nur Ihrer Bequemlichkeit, damit Sie diese Informationen nicht erneut eingeben m\u00fcssen, wenn Sie sp\u00e4ter einen weiteren Kommentar hinterlassen. Diese Cookies verlieren nach einem Jahr ihre G\u00fcltigkeit.<\/p><p>Wenn Sie die Anmeldeseite aufrufen, wird ein tempor\u00e4res Cookie erstellt, um festzustellen, ob Ihr Browser Cookies akzeptiert. Sie enthalten keine personenbezogenen Daten und werden automatisch gel\u00f6scht, wenn Sie Ihren Browser schlie\u00dfen.<\/p><p>Wenn Sie sich anmelden, setzen wir eine Reihe von Cookies, um Ihre Anmeldeinformationen und Bildschirmeinstellungen zu speichern. Die Lebensdauer eines Verbindungscookies betr\u00e4gt zwei Tage, die eines Bildschirmoptionscookies ein Jahr. Wenn Sie \u201eAngemeldet bleiben\u201c ankreuzen, wird Ihr Login-Cookie zwei Wochen lang gespeichert. Wenn Sie sich von Ihrem Konto abmelden, wird das Anmelde-Cookie gel\u00f6scht.<\/p><p>Durch das Bearbeiten oder Ver\u00f6ffentlichen eines Beitrags wird ein zus\u00e4tzlicher Cookie in Ihrem Browser gespeichert. Dieses Cookie enth\u00e4lt keine personenbezogenen Daten. Es zeigt lediglich die ID des Beitrags an, den Sie gerade bearbeitet haben. Es verf\u00e4llt nach einem Tag.<\/p><h2><strong>Von anderen Websites eingebettete Inhalte<\/strong><\/h2><p>Artikel auf dieser Website k\u00f6nnen eingebettete Inhalte enthalten (z. B. Videos, Bilder, Artikel usw.). Von anderen Websites eingebettete Inhalte verhalten sich genauso, als ob der Besucher diese andere Website besucht h\u00e4tte.<\/p><p>Diese Websites k\u00f6nnten Daten \u00fcber Sie sammeln, Cookies verwenden, Tracking-Tools von Drittanbietern einbetten und Ihre Interaktionen mit diesem eingebetteten Inhalt verfolgen, wenn Sie \u00fcber ein Konto verf\u00fcgen, das mit ihrer Website verbunden ist.<\/p><h2><strong>Zuschauerstatistiken und -messungen<\/strong><\/h2><p>Wir verwenden Technologien wie Cookies, um Inhalte und Werbung zu personalisieren, Funktionen f\u00fcr soziale Medien bereitzustellen und den Website-Verkehr zu analysieren. Wir geben Informationen \u00fcber Ihre Nutzung der Website an unsere vertrauensw\u00fcrdigen Partner f\u00fcr soziale Medien, Werbung und Analysen weiter.<\/p><p>Um bestimmte Statistiken zu messen, die mit verschiedenen Kundenreisen verkn\u00fcpft sind, verwenden wir Google Analytics. Sie k\u00f6nnen deren Datenschutzbestimmungen unter der folgenden Adresse einsehen: <a href=\"https:\/\/policies.google.com\/privacy?hl=fr\">https:\/\/policies.google.com\/privacy?hl=fr<\/a>\u00a0.<\/p><p>Wir verwenden auch das Facebook-Pixel. Die Datenschutzbestimmungen k\u00f6nnen Sie unter folgender Adresse einsehen: <a href=\"https:\/\/www.facebook.com\/payments_terms\/privacy\">https:\/\/www.facebook.com\/payments_terms\/privacy\u00a0<\/a><\/p><h2><strong>Speicherzeiten Ihrer Daten<\/strong><\/h2><p>Wenn Sie einen Kommentar hinterlassen, bleiben der Kommentar und seine Metadaten auf unbestimmte Zeit erhalten. Dadurch k\u00f6nnen nachfolgende Kommentare automatisch erkannt und freigegeben werden, anstatt sie in der Moderationswarteschlange zu belassen.<\/p><p>Bei Nutzern, die sich auf unserer Seite registrieren, speichern wir (sofern m\u00f6glich) auch die in ihrem Profil angegebenen personenbezogenen Daten. Alle Benutzer k\u00f6nnen ihre pers\u00f6nlichen Daten (mit Ausnahme ihres Benutzernamens) jederzeit einsehen, \u00e4ndern oder l\u00f6schen. Site-Manager k\u00f6nnen diese Informationen auch anzeigen und \u00e4ndern.<\/p><h2><strong>Die Rechte, die Sie an Ihren Daten haben<\/strong><\/h2><p>Wenn Sie ein Konto haben oder Kommentare auf der Website hinterlassen haben, k\u00f6nnen Sie den Erhalt einer Datei mit allen personenbezogenen Daten anfordern, die wir \u00fcber Sie haben, einschlie\u00dflich der Daten, die Sie uns zur Verf\u00fcgung gestellt haben. Sie k\u00f6nnen au\u00dferdem die L\u00f6schung der Sie betreffenden personenbezogenen Daten verlangen. Davon ausgenommen sind Daten, die zu administrativen, rechtlichen oder Sicherheitszwecken gespeichert werden.<\/p><h2><strong>\u00dcbermittlung Ihrer personenbezogenen Daten<\/strong><\/h2><p>Besucherkommentare k\u00f6nnen mithilfe eines automatisierten Dienstes zur Erkennung von Spam-Kommentaren \u00fcberpr\u00fcft werden.<\/p><h2><strong>Kontaktinformationen<\/strong><\/h2><p>Vous pouvez nous contacter par mail \u00e0 l&rsquo;adresse suivante : contact@darkorchid-viper-707018.hostingersite.com ou par courrier \u00e0 <span class=\"Apple-converted-space\">Brand Success<\/span> &#8211; 78, Avenue des Champs-\u00c9lys\u00e9es, Bureau 562, 75008 Paris &#8211; France<\/p><h2><strong>Was wir sammeln und speichern<\/strong><\/h2><p>W\u00e4hrend Ihres Besuchs auf der Website verfolgen wir Folgendes:<\/p><ul><li>Produkte, die Sie sich angesehen haben: Wir verwenden sie beispielsweise, um Produkte anzuzeigen, die Sie sich k\u00fcrzlich angesehen haben<\/li><li>Standort, IP-Adresse und Browsertyp: Wir verwenden sie, um Steuern und Lieferkosten abzusch\u00e4tzen<\/li><li>Lieferadresse: Wir werden Sie bitten, diese einzugeben, um die Lieferkosten abzusch\u00e4tzen, bevor Sie die Bestellung aufgeben und die Bestellung an Sie senden!<\/li><\/ul><p>Wir verwenden Cookies, um den Inhalt Ihres Warenkorbs zu verfolgen, w\u00e4hrend Sie auf unserer Website navigieren.<\/p><p>Wenn Sie auf unserer Website einkaufen, bitten wir Sie um die Angabe von Informationen wie Ihrem Namen, Ihrer Rechnungsadresse, Lieferadresse, E-Mail-Adresse, Telefonnummer, Zahlungs-\/Kreditkartendaten und m\u00f6glicherweise Kontodaten wie Benutzername und Passwort. Diese Informationen werden verwendet, um:<\/p><ul><li>Senden von Informationen zu Ihrem Konto und Ihrer Bestellung<\/li><li>Reagieren Sie auf Anfragen, einschlie\u00dflich R\u00fcckerstattungen und Beschwerden<\/li><li>Zahlungsabwicklung und Betrugspr\u00e4vention<\/li><li>Configurez votre compte pour notre boutique<\/li><li>Halten Sie alle gesetzlichen Verpflichtungen ein, beispielsweise zur Berechnung von Steuern<\/li><li>Verbessern Sie unsere Shop-Angebote<\/li><li>Ihnen Marketingnachrichten zu senden, wenn Sie sich daf\u00fcr entscheiden, diese zu erhalten<\/li><\/ul><p>Wenn Sie ein Konto erstellen, speichern wir Ihren Namen, Ihre Adresse, Ihre E-Mail-Adresse und Ihre Telefonnummer, die zur Vorabausf\u00fcllung der Bestellbest\u00e4tigung f\u00fcr zuk\u00fcnftige Bestellungen verwendet werden.<\/p><p>Nous stockons g\u00e9n\u00e9ralement vos informations aussi longtemps que nous en avons besoin pour l&rsquo;usage pour lequel nous les collectons et utilisons, et nous ne sommes pas oblig\u00e9s l\u00e9galement de conitnuer \u00e0 les conserver. Par exemple, nous stockons les informations de commande pour 2 ann\u00e9es pour les taxes et la comptabilit\u00e9. Ceci inclut votre nom, adresse de messagerie et adresses de facturation et livraison.<\/p><p>Wir speichern auch Kommentare oder Bewertungen, wenn Sie sich f\u00fcr den Versand entscheiden.<\/p><h2><strong>Wer in unserem Team hat Zugriff auf die Daten?<\/strong><\/h2><p>Unsere Teammitglieder haben Zugriff auf die Informationen, die Sie uns zur Verf\u00fcgung stellen. Filialadministratoren und -manager haben beispielsweise Zugriff auf:<\/p><ul><li>Bestellinformationen, z. B. was gekauft wurde, wann und wohin es gesendet werden soll usw<\/li><li>Kundeninformationen wie Ihr Name, Ihre E-Mail-Adresse sowie Rechnungs- und Versandinformationen.<\/li><\/ul><p>Unser Team hat Zugriff auf diese Informationen, um Bestellungen zu bearbeiten, R\u00fcckerstattungen vorzunehmen und Sie zu unterst\u00fctzen.<\/p><h2><strong>Was wir mit anderen teilen<\/strong><\/h2><p>Wir geben Daten an Dritte weiter, die uns bei der Verwaltung unserer Bestellungen und Shop-Services unterst\u00fctzen; Stripe ist ein Kreditkartenzahlungsdienst und PayPal ist ein Zahlungsgateway.<\/p><h3><strong>Zahlungen<\/strong><\/h3><p>Wir akzeptieren Zahlungen per PayPal und Stripe. Bei der Zahlungsabwicklung werden bestimmte Daten an PayPal bzw. Stripe \u00fcbermittelt, darunter auch die zur Abwicklung der Zahlung erforderlichen Informationen, wie beispielsweise der Gesamtbetrag oder Rechnungsinformationen.<\/p><p>Bitte lesen Sie die <a href=\"https:\/\/www.paypal.com\/us\/webapps\/mpp\/ua\/privacy-full\">PayPal-Datenschutzrichtlinie<\/a> f\u00fcr mehr Details.<\/p><p>Bitte lesen Sie die <a href=\"https:\/\/stripe.com\/fr\/privacy\">Stripe-Datenschutzrichtlinie<\/a> f\u00fcr mehr Details.<\/p>\t\t\t\t\t\t\t\t<\/div>\n\t\t\t\t<\/div>\n\t\t\t\t\t<\/div>\n\t\t<\/div>\n\t\t\t\t\t<\/div>\n\t\t<\/section>\n\t\t\t\t<\/div>","protected":false},"excerpt":{"rendered":"<p>Politique de Confidentialit\u00e9 \u00a0 Qui sommes-nous\u00a0? L&rsquo;adresse de notre site Web est\u00a0: https:\/\/darkorchid-viper-707018.hostingersite.com Soci\u00e9t\u00e9 : Brand Success &#8211; 78 avenue [&hellip;]<\/p>\n","protected":false},"author":1,"featured_media":0,"parent":0,"menu_order":0,"comment_status":"closed","ping_status":"closed","template":"","meta":{"_seopress_robots_primary_cat":"","_seopress_titles_title":"","_seopress_titles_desc":"","_seopress_robots_index":"","site-sidebar-layout":"no-sidebar","site-content-layout":"page-builder","ast-site-content-layout":"default","site-content-style":"default","site-sidebar-style":"default","ast-global-header-display":"","ast-banner-title-visibility":"","ast-main-header-display":"","ast-hfb-above-header-display":"","ast-hfb-below-header-display":"","ast-hfb-mobile-header-display":"","site-post-title":"disabled","ast-breadcrumbs-content":"","ast-featured-img":"disabled","footer-sml-layout":"","ast-disable-related-posts":"","theme-transparent-header-meta":"","adv-header-id-meta":"","stick-header-meta":"","header-above-stick-meta":"","header-main-stick-meta":"","header-below-stick-meta":"","astra-migrate-meta-layouts":"set","ast-page-background-enabled":"default","ast-page-background-meta":{"desktop":{"background-color":"","background-image":"","background-repeat":"repeat","background-position":"center center","background-size":"auto","background-attachment":"scroll","background-type":"","background-media":"","overlay-type":"","overlay-color":"","overlay-opacity":"","overlay-gradient":""},"tablet":{"background-color":"","background-image":"","background-repeat":"repeat","background-position":"center center","background-size":"auto","background-attachment":"scroll","background-type":"","background-media":"","overlay-type":"","overlay-color":"","overlay-opacity":"","overlay-gradient":""},"mobile":{"background-color":"","background-image":"","background-repeat":"repeat","background-position":"center center","background-size":"auto","background-attachment":"scroll","background-type":"","background-media":"","overlay-type":"","overlay-color":"","overlay-opacity":"","overlay-gradient":""}},"ast-content-background-meta":{"desktop":{"background-color":"var(--ast-global-color-5)","background-image":"","background-repeat":"repeat","background-position":"center center","background-size":"auto","background-attachment":"scroll","background-type":"","background-media":"","overlay-type":"","overlay-color":"","overlay-opacity":"","overlay-gradient":""},"tablet":{"background-color":"var(--ast-global-color-5)","background-image":"","background-repeat":"repeat","background-position":"center center","background-size":"auto","background-attachment":"scroll","background-type":"","background-media":"","overlay-type":"","overlay-color":"","overlay-opacity":"","overlay-gradient":""},"mobile":{"background-color":"var(--ast-global-color-5)","background-image":"","background-repeat":"repeat","background-position":"center center","background-size":"auto","background-attachment":"scroll","background-type":"","background-media":"","overlay-type":"","overlay-color":"","overlay-opacity":"","overlay-gradient":""}},"footnotes":""},"class_list":["post-672","page","type-page","status-publish","hentry"],"_links":{"self":[{"href":"https:\/\/live-stream-pro.com\/de\/wp-json\/wp\/v2\/pages\/672","targetHints":{"allow":["GET"]}}],"collection":[{"href":"https:\/\/live-stream-pro.com\/de\/wp-json\/wp\/v2\/pages"}],"about":[{"href":"https:\/\/live-stream-pro.com\/de\/wp-json\/wp\/v2\/types\/page"}],"author":[{"embeddable":true,"href":"https:\/\/live-stream-pro.com\/de\/wp-json\/wp\/v2\/users\/1"}],"replies":[{"embeddable":true,"href":"https:\/\/live-stream-pro.com\/de\/wp-json\/wp\/v2\/comments?post=672"}],"version-history":[{"count":0,"href":"https:\/\/live-stream-pro.com\/de\/wp-json\/wp\/v2\/pages\/672\/revisions"}],"wp:attachment":[{"href":"https:\/\/live-stream-pro.com\/de\/wp-json\/wp\/v2\/media?parent=672"}],"curies":[{"name":"wp","href":"https:\/\/api.w.org\/{rel}","templated":true}]}}