{"id":676,"date":"2022-07-11T18:22:23","date_gmt":"2022-07-11T18:22:23","guid":{"rendered":"https:\/\/darkorchid-viper-707018.hostingersite.com\/?page_id=676"},"modified":"2025-04-13T23:22:49","modified_gmt":"2025-04-13T22:22:49","slug":"legal-notice","status":"publish","type":"page","link":"https:\/\/live-stream-pro.com\/es\/aviso-legal\/","title":{"rendered":"Informaci\u00f3n jur\u00eddica"},"content":{"rendered":"<div data-elementor-type=\"wp-page\" data-elementor-id=\"676\" class=\"elementor elementor-676\" data-elementor-post-type=\"page\">\n\t\t\t\t\t\t<section class=\"elementor-section elementor-top-section elementor-element elementor-element-741fece elementor-section-boxed elementor-section-height-default elementor-section-height-default\" data-id=\"741fece\" data-element_type=\"section\" data-e-type=\"section\">\n\t\t\t\t\t\t<div class=\"elementor-container elementor-column-gap-default\">\n\t\t\t\t\t<div class=\"elementor-column elementor-col-100 elementor-top-column elementor-element elementor-element-ebdb51c\" data-id=\"ebdb51c\" data-element_type=\"column\" data-e-type=\"column\">\n\t\t\t<div class=\"elementor-widget-wrap elementor-element-populated\">\n\t\t\t\t\t\t<div class=\"elementor-element elementor-element-9bddc5e elementor-widget elementor-widget-heading\" data-id=\"9bddc5e\" data-element_type=\"widget\" data-e-type=\"widget\" data-widget_type=\"heading.default\">\n\t\t\t\t<div class=\"elementor-widget-container\">\n\t\t\t\t\t<h1 class=\"elementor-heading-title elementor-size-default\">Informaci\u00f3n jur\u00eddica<\/h1>\t\t\t\t<\/div>\n\t\t\t\t<\/div>\n\t\t\t\t<div class=\"elementor-element elementor-element-87670af elementor-widget elementor-widget-text-editor\" data-id=\"87670af\" data-element_type=\"widget\" data-e-type=\"widget\" data-widget_type=\"text-editor.default\">\n\t\t\t\t<div class=\"elementor-widget-container\">\n\t\t\t\t\t\t\t\t\t<h2><strong>\u00a0<\/strong><\/h2><h2><strong>1. Presentaci\u00f3n del sitio<\/strong><\/h2><div style=\"caret-color: #7a7a7a; color: #7a7a7a; font-size: 15px;\"><p style=\"font-size: 15px; margin-bottom: 1.75em;\">En virtud del art\u00edculo 6 de la Ley n\u00ba 2004-575, de 21 de junio de 2004, de confianza en la econom\u00eda digital, los usuarios del sitio live-stream-pro.com son informados de la identidad de los distintos participantes en el marco de su aplicaci\u00f3n y seguimiento. :<\/p><p style=\"font-size: 15px; margin-bottom: 1.75em;\"><strong>Due\u00f1o<\/strong> :<\/p><ul><li>Soci\u00e9t\u00e9 :<span class=\"Apple-converted-space\"> Brand Success &#8211; 78 avenue des Champs Elys\u00e9es &#8211; Bureau 562 &#8211; 75008 Paris &#8211; France.\u00a0<\/span><\/li><li>N\u00b0 de T\u00e9l\u00e9phone : +187722956001<\/li><li>Adresse mail : contact@darkorchid-viper-707018.hostingersite.com<\/li><li>Num\u00e9ro de l\u2019entreprise : 83353766500022<\/li><\/ul><p style=\"font-size: 15px; margin-bottom: 1.75em;\"><span style=\"font-style: inherit; color: var( --e-global-color-text ); font-family: var( --e-global-typography-text-font-family ), Sans-serif;\">El responsable de la publicaci\u00f3n es una persona f\u00edsica o jur\u00eddica.<\/span><\/p><p style=\"font-size: 15px; margin-bottom: 1.75em;\"><strong>Anfitri\u00f3n<\/strong>\u00a0:\u00a0<em>OVH<\/em>\u00a0SAS: 2 rue Kellermann \u2013 BP 80157 59053 ROUBAIX CEDEX 1<\/p><h2><strong>2. Condiciones generales de uso del sitio y de los servicios ofrecidos.<\/strong><\/h2><p style=\"font-size: 15px; margin-bottom: 1.75em;\">El uso del sitio live-stream-pro.com implica la plena aceptaci\u00f3n de las condiciones generales de uso que se describen a continuaci\u00f3n. Estas condiciones de uso pueden modificarse o completarse en cualquier momento, por lo que se invita a los usuarios del sitio live-stream-pro.com a consultarlas peri\u00f3dicamente.<\/p><p style=\"font-size: 15px; margin-bottom: 1.75em;\">Ce site est normalement accessible \u00e0 tout moment aux utilisateurs. Une interruption pour raison de maintenance technique peut \u00eatre toutefois d\u00e9cid\u00e9e par <span class=\"Apple-converted-space\">Brand Success<\/span>, qui s\u2019efforcera alors de communiquer pr\u00e9alablement aux utilisateurs les dates et heures de l\u2019intervention.<\/p><p style=\"font-size: 15px; margin-bottom: 1.75em;\">El sitio web live-stream-pro.com<a style=\"color: #547dd3;\" href=\"https:\/\/rocket-marketing.eu\/\">\u00a0<\/a>est mis \u00e0 jour r\u00e9guli\u00e8rement par <span class=\"Apple-converted-space\">Brand Success<\/span>. De la m\u00eame fa\u00e7on, les mentions l\u00e9gales peuvent \u00eatre modifi\u00e9es \u00e0 tout moment : elles s\u2019imposent n\u00e9anmoins \u00e0 l\u2019utilisateur qui est invit\u00e9 \u00e0 s\u2019y r\u00e9f\u00e9rer le plus souvent possible afin d\u2019en prendre connaissance.<\/p><h2><strong>3. Descripci\u00f3n de los servicios prestados.<\/strong><\/h2><p style=\"font-size: 15px; margin-bottom: 1.75em;\">El sitio live-stream-pro.com tiene como objetivo proporcionar informaci\u00f3n sobre todas las actividades de la empresa.<\/p><p style=\"font-size: 15px; margin-bottom: 1.75em;\"><span class=\"Apple-converted-space\">Brand Success<\/span> s\u2019efforce de fournir sur le site live-stream-pro.com des informations aussi pr\u00e9cises que possible. Toutefois, il ne pourra \u00eatre tenue responsable des omissions, des inexactitudes et des carences dans la mise \u00e0 jour, qu\u2019elles soient de son fait ou du fait des tiers partenaires qui lui fournissent ces informations.<\/p><p style=\"font-size: 15px; margin-bottom: 1.75em;\">Toda la informaci\u00f3n indicada en el sitio live-stream-pro.com se proporciona \u00fanicamente con fines informativos y est\u00e1 sujeta a cambios. Adem\u00e1s, la informaci\u00f3n contenida en el sitio live-stream-pro.com no es exhaustiva. Se proporcionan sujetos a modificaciones que se hayan realizado desde su puesta en l\u00ednea.<\/p><h2><strong>4. Limitaciones contractuales de los datos t\u00e9cnicos.<\/strong><\/h2><p style=\"font-size: 15px; margin-bottom: 1.75em;\">El sitio utiliza tecnolog\u00eda JavaScript.<\/p><p style=\"font-size: 15px; margin-bottom: 1.75em;\">El sitio web no se hace responsable de los da\u00f1os materiales relacionados con el uso del sitio. Adem\u00e1s, el usuario del sitio se compromete a acceder al sitio utilizando equipos recientes, que no contengan virus y con un navegador actualizado de \u00faltima generaci\u00f3n.<\/p><h2><strong>5. Propiedad Intelectual y Falsificaci\u00f3n.<\/strong><\/h2><p style=\"font-size: 15px; margin-bottom: 1.75em;\"><span class=\"Apple-converted-space\">Brand Success<\/span> est propri\u00e9taire des droits de propri\u00e9t\u00e9 intellectuelle ou d\u00e9tient les droits d\u2019usage sur tous les \u00e9l\u00e9ments accessibles sur le site, notamment les textes, images, graphismes, logo, ic\u00f4nes, sons, logiciels.<\/p><p style=\"font-size: 15px; margin-bottom: 1.75em;\">Toute reproduction, repr\u00e9sentation, modification, publication, adaptation de tout ou partie des \u00e9l\u00e9ments du site, quel que soit le moyen ou le proc\u00e9d\u00e9 utilis\u00e9, est interdite, sauf autorisation \u00e9crite pr\u00e9alable de la soci\u00e9t\u00e9 <span class=\"Apple-converted-space\">Brand Success<\/span>.<\/p><p style=\"font-size: 15px; margin-bottom: 1.75em;\">Cualquier utilizaci\u00f3n no autorizada del sitio o de cualquiera de los elementos que contiene se considerar\u00e1 una infracci\u00f3n y ser\u00e1 perseguida de conformidad con las disposiciones de los art\u00edculos L.335-2 y siguientes del C\u00f3digo de la Propiedad Intelectual.<\/p><h2><strong>6. Limitaciones de Responsabilidad.<\/strong><\/h2><p style=\"font-size: 15px; margin-bottom: 1.75em;\"><span class=\"Apple-converted-space\">Brand Success<\/span> ne pourra \u00eatre tenue responsable des dommages directs et indirects caus\u00e9s au mat\u00e9riel de l\u2019utilisateur, lors de l\u2019acc\u00e8s au site live-stream-pro.com, et r\u00e9sultant soit de l\u2019utilisation d\u2019un mat\u00e9riel ne r\u00e9pondant pas aux sp\u00e9cifications indiqu\u00e9es au point 4, soit de l\u2019apparition d\u2019un bug ou d\u2019une incompatibilit\u00e9.<\/p><p style=\"font-size: 15px; margin-bottom: 1.75em;\"><span class=\"Apple-converted-space\">Brand Success<\/span> ne pourra \u00e9galement \u00eatre tenue responsable des dommages indirects (tels par exemple qu\u2019une perte de march\u00e9 ou perte d\u2019une chance) cons\u00e9cutifs \u00e0 l\u2019utilisation du site <span style=\"background-color: var(--ast-global-color-2);\">transmisi\u00f3n-en-vivo-pro.com<\/span><\/p><p style=\"font-size: 15px; margin-bottom: 1.75em;\">Des espaces interactifs (possibilit\u00e9 de poser des questions dans l\u2019espace contact) sont \u00e0 la disposition des utilisateurs. <span class=\"Apple-converted-space\">Brand Success<\/span> se r\u00e9serve le droit de supprimer, sans mise en demeure pr\u00e9alable, tout contenu d\u00e9pos\u00e9 dans cet espace qui contreviendrait \u00e0 la l\u00e9gislation applicable en France, en particulier aux dispositions relatives \u00e0 la protection des donn\u00e9es.\u00a0<\/p><p style=\"font-size: 15px; margin-bottom: 1.75em;\">Le cas \u00e9ch\u00e9ant, <span class=\"Apple-converted-space\">Brand Success <\/span>se r\u00e9serve \u00e9galement la possibilit\u00e9 de mettre en cause la responsabilit\u00e9 civile et\/ou p\u00e9nale de l\u2019utilisateur, notamment en cas de message \u00e0 caract\u00e8re raciste, injurieux, diffamant, ou pornographique, quel que soit le support utilis\u00e9 (texte, photographie\u2026).<\/p><h2><strong>7. Gesti\u00f3n de datos personales.<\/strong><\/h2><p style=\"font-size: 15px; margin-bottom: 1.75em;\">En Francia, los datos personales est\u00e1n protegidos en particular por la ley n\u00b0 78-87 del 6 de enero de 1978, la ley n\u00b0 2004-801 del 6 de agosto de 2004, el art\u00edculo L. 226-13 del C\u00f3digo Penal y la Directiva europea del 24 de octubre. , 1995.<\/p><p style=\"font-size: 15px; margin-bottom: 1.75em;\">Al utilizar el sitio live-stream-pro.com, se puede recopilar lo siguiente: la URL de los enlaces a trav\u00e9s de los cuales el usuario accedi\u00f3 al sitio live-stream-pro.com el proveedor de acceso del usuario, el protocolo de Internet (IP) del usuario DIRECCI\u00d3N.<\/p><p style=\"font-size: 15px; margin-bottom: 1.75em;\">En tout \u00e9tat de cause <span class=\"Apple-converted-space\">Brand Success<\/span> ne collecte des informations personnelles relatives \u00e0 l\u2019utilisateur que pour le besoin de certains services propos\u00e9s par le site live-stream-pro.com. L\u2019utilisateur fournit ces informations en toute connaissance de cause, notamment lorsqu\u2019il proc\u00e8de par lui-m\u00eame \u00e0 leur saisie. Il est alors pr\u00e9cis\u00e9 \u00e0 l\u2019utilisateur du site live-stream-pro.com a l\u2019obligation ou non de fournir ces informations.<\/p><p style=\"font-size: 15px; margin-bottom: 1.75em;\">De conformidad con lo dispuesto en los art\u00edculos 38 y siguientes de la ley 78-17, de 6 de enero de 1978, relativa al procesamiento de datos, archivos y libertades, cualquier usuario tiene derecho de acceso, rectificaci\u00f3n y oposici\u00f3n a los datos personales que le conciernen, mediante la presentaci\u00f3n por escrito. Solicitud firmada y acompa\u00f1ada de copia del documento de identidad con firma del titular del documento, especificando la direcci\u00f3n a la que deber\u00e1 dirigirse la respuesta.<\/p><p style=\"font-size: 15px; margin-bottom: 1.75em;\">Aucune information personnelle de l\u2019utilisateur du site live-stream-pro.com n\u2019est publi\u00e9e \u00e0 l\u2019insu de l\u2019utilisateur, \u00e9chang\u00e9e, transf\u00e9r\u00e9e, c\u00e9d\u00e9e ou vendue sur un support quelconque \u00e0 des tiers. Seule l\u2019hypoth\u00e8se du rachat de <span class=\"Apple-converted-space\">Brand Success<\/span> et de ses droits permettrait la transmission des dites informations \u00e0 l\u2019\u00e9ventuel acqu\u00e9reur qui serait \u00e0 son tour tenu de la m\u00eame obligation de conservation et de modification des donn\u00e9es vis \u00e0 vis de l\u2019utilisateur du site\u00a0<span style=\"background-color: var(--ast-global-color-2);\">transmisi\u00f3n-en-vivo-pro.com<\/span><\/p><p style=\"font-size: 15px; margin-bottom: 1.75em;\">Las bases de datos est\u00e1n protegidas por las disposiciones de la ley de 1 de julio de 1998 que transpone la directiva 96\/9 de 11 de marzo de 1996 relativa a la protecci\u00f3n jur\u00eddica de las bases de datos.<\/p><h2><strong>8. Enlaces de hipertexto y cookies.<\/strong><\/h2><p style=\"font-size: 15px; margin-bottom: 1.75em;\">Le site live-stream-pro.com contient un certain nombre de liens hypertextes vers d\u2019autres sites, mis en place avec l\u2019autorisation de <span class=\"Apple-converted-space\">Brand Success<\/span>. Cependant, <span class=\"Apple-converted-space\">Brand Success<\/span> n\u2019a pas la possibilit\u00e9 de v\u00e9rifier le contenu des sites ainsi visit\u00e9s, et n\u2019assumera en cons\u00e9quence aucune responsabilit\u00e9 de ce fait.<\/p><p style=\"font-size: 15px; margin-bottom: 1.75em;\">La navegaci\u00f3n por el sitio live-stream-pro.com puede provocar la instalaci\u00f3n de cookies en el ordenador del usuario. Una cookie es un peque\u00f1o archivo que no permite la identificaci\u00f3n del usuario, pero que registra informaci\u00f3n relativa a la navegaci\u00f3n de un ordenador en un sitio. Los datos as\u00ed obtenidos tienen como objetivo facilitar la navegaci\u00f3n posterior en el sitio y tambi\u00e9n permitir diversas mediciones del tr\u00e1fico.<\/p><p style=\"font-size: 15px; margin-bottom: 1.75em;\">Negarse a instalar una cookie puede suponer la imposibilidad de acceder a determinados servicios. El usuario puede, no obstante, configurar su ordenador de la siguiente forma para rechazar la instalaci\u00f3n de cookies:<\/p><p style=\"font-size: 15px; margin-bottom: 1.75em;\">En Internet Explorer: pesta\u00f1a de herramientas (pictograma en forma de engranaje en la parte superior derecha) \/ opciones de Internet. Haga clic en Privacidad y elija Bloquear todas las cookies. Validar en Ok.<\/p><p style=\"font-size: 15px; margin-bottom: 1.75em;\">En Firefox: en la parte superior de la ventana del navegador, haga clic en el bot\u00f3n Firefox y luego vaya a la pesta\u00f1a Opciones. Haga clic en la pesta\u00f1a Privacidad. Establezca las reglas de retenci\u00f3n en: usar configuraciones personalizadas para el historial. Finalmente desm\u00e1rquelo para deshabilitar las cookies.<\/p><p style=\"font-size: 15px; margin-bottom: 1.75em;\">En Safari: haga clic en la parte superior derecha del navegador en el pictograma del men\u00fa (simbolizado por una rueda dentada). Seleccione Configuraci\u00f3n. Haga clic en Mostrar configuraci\u00f3n avanzada. En la secci\u00f3n &quot;Privacidad&quot;, haga clic en Configuraci\u00f3n de contenido. En la secci\u00f3n \u201cCookies\u201d puedes bloquear las cookies.<\/p><p style=\"font-size: 15px; margin-bottom: 1.75em;\">En Chrome: haga clic en la parte superior derecha del navegador en el pictograma del men\u00fa (simbolizado por tres l\u00edneas horizontales). Seleccione Configuraci\u00f3n. Haga clic en Mostrar configuraci\u00f3n avanzada. En la secci\u00f3n &quot;Privacidad&quot;, haga clic en Preferencias. En la pesta\u00f1a \u201cPrivacidad\u201d puedes bloquear las cookies.<\/p><h2><strong>9. Ley aplicable y atribuci\u00f3n de competencia.<\/strong><\/h2><p style=\"font-size: 15px; margin-bottom: 1.75em;\">Cualquier disputa relacionada con el uso del sitio live-stream-pro.com est\u00e1 sujeta a la ley francesa. La competencia exclusiva se concede a los tribunales competentes de Par\u00eds.<\/p><h2><strong>10. Las principales leyes en cuesti\u00f3n.<\/strong><\/h2><p style=\"font-size: 15px; margin-bottom: 1.75em;\">Ley N\u00b0 78-17, de 6 de enero de 1978, especialmente modificada por la Ley N\u00b0 2004-801, de 6 de agosto de 2004, relativa a la inform\u00e1tica, los archivos y las libertades.<\/p><p style=\"font-size: 15px; margin-bottom: 1.75em;\">Ley N\u00b0 2004-575 de 21 de junio de 2004 para la confianza en la econom\u00eda digital.<\/p><h2><strong>11. Glosario.<\/strong><\/h2><p style=\"font-size: 15px; margin-bottom: 1.75em;\">Usuario: Usuario de Internet que se conecta a trav\u00e9s del sitio antes mencionado.<\/p><p style=\"font-size: 15px; margin-bottom: 1.75em;\">Informaci\u00f3n personal: \u201cinformaci\u00f3n que permite, en cualquier forma, directa o indirectamente, la identificaci\u00f3n de las personas f\u00edsicas a las que se aplica\u201d (art\u00edculo 4 de la ley n\u00ba 78-17 de 6 de enero de 1978).<\/p><\/div>\t\t\t\t\t\t\t\t<\/div>\n\t\t\t\t<\/div>\n\t\t\t\t\t<\/div>\n\t\t<\/div>\n\t\t\t\t\t<\/div>\n\t\t<\/section>\n\t\t\t\t<\/div>","protected":false},"excerpt":{"rendered":"<p>Mentions L\u00e9gales \u00a0 1. Pr\u00e9sentation du site En vertu de l\u2019article 6 de la loi n\u00b0 2004-575 du 21 juin [&hellip;]<\/p>\n","protected":false},"author":1,"featured_media":0,"parent":0,"menu_order":0,"comment_status":"closed","ping_status":"closed","template":"","meta":{"_seopress_robots_primary_cat":"","_seopress_titles_title":"","_seopress_titles_desc":"","_seopress_robots_index":"","site-sidebar-layout":"no-sidebar","site-content-layout":"page-builder","ast-site-content-layout":"default","site-content-style":"default","site-sidebar-style":"default","ast-global-header-display":"","ast-banner-title-visibility":"","ast-main-header-display":"","ast-hfb-above-header-display":"","ast-hfb-below-header-display":"","ast-hfb-mobile-header-display":"","site-post-title":"disabled","ast-breadcrumbs-content":"","ast-featured-img":"disabled","footer-sml-layout":"","ast-disable-related-posts":"","theme-transparent-header-meta":"","adv-header-id-meta":"","stick-header-meta":"","header-above-stick-meta":"","header-main-stick-meta":"","header-below-stick-meta":"","astra-migrate-meta-layouts":"set","ast-page-background-enabled":"default","ast-page-background-meta":{"desktop":{"background-color":"","background-image":"","background-repeat":"repeat","background-position":"center center","background-size":"auto","background-attachment":"scroll","background-type":"","background-media":"","overlay-type":"","overlay-color":"","overlay-opacity":"","overlay-gradient":""},"tablet":{"background-color":"","background-image":"","background-repeat":"repeat","background-position":"center center","background-size":"auto","background-attachment":"scroll","background-type":"","background-media":"","overlay-type":"","overlay-color":"","overlay-opacity":"","overlay-gradient":""},"mobile":{"background-color":"","background-image":"","background-repeat":"repeat","background-position":"center center","background-size":"auto","background-attachment":"scroll","background-type":"","background-media":"","overlay-type":"","overlay-color":"","overlay-opacity":"","overlay-gradient":""}},"ast-content-background-meta":{"desktop":{"background-color":"var(--ast-global-color-5)","background-image":"","background-repeat":"repeat","background-position":"center center","background-size":"auto","background-attachment":"scroll","background-type":"","background-media":"","overlay-type":"","overlay-color":"","overlay-opacity":"","overlay-gradient":""},"tablet":{"background-color":"var(--ast-global-color-5)","background-image":"","background-repeat":"repeat","background-position":"center center","background-size":"auto","background-attachment":"scroll","background-type":"","background-media":"","overlay-type":"","overlay-color":"","overlay-opacity":"","overlay-gradient":""},"mobile":{"background-color":"var(--ast-global-color-5)","background-image":"","background-repeat":"repeat","background-position":"center center","background-size":"auto","background-attachment":"scroll","background-type":"","background-media":"","overlay-type":"","overlay-color":"","overlay-opacity":"","overlay-gradient":""}},"footnotes":""},"class_list":["post-676","page","type-page","status-publish","hentry"],"_links":{"self":[{"href":"https:\/\/live-stream-pro.com\/es\/wp-json\/wp\/v2\/pages\/676","targetHints":{"allow":["GET"]}}],"collection":[{"href":"https:\/\/live-stream-pro.com\/es\/wp-json\/wp\/v2\/pages"}],"about":[{"href":"https:\/\/live-stream-pro.com\/es\/wp-json\/wp\/v2\/types\/page"}],"author":[{"embeddable":true,"href":"https:\/\/live-stream-pro.com\/es\/wp-json\/wp\/v2\/users\/1"}],"replies":[{"embeddable":true,"href":"https:\/\/live-stream-pro.com\/es\/wp-json\/wp\/v2\/comments?post=676"}],"version-history":[{"count":0,"href":"https:\/\/live-stream-pro.com\/es\/wp-json\/wp\/v2\/pages\/676\/revisions"}],"wp:attachment":[{"href":"https:\/\/live-stream-pro.com\/es\/wp-json\/wp\/v2\/media?parent=676"}],"curies":[{"name":"wp","href":"https:\/\/api.w.org\/{rel}","templated":true}]}}