{"id":1328,"date":"2023-08-17T23:25:40","date_gmt":"2023-08-17T22:25:40","guid":{"rendered":"https:\/\/darkorchid-viper-707018.hostingersite.com\/?page_id=1328"},"modified":"2025-10-31T23:10:23","modified_gmt":"2025-10-31T22:10:23","slug":"a-propos","status":"publish","type":"page","link":"https:\/\/live-stream-pro.com\/fi\/noin\/","title":{"rendered":"Tietoa meist\u00e4"},"content":{"rendered":"<div data-elementor-type=\"wp-page\" data-elementor-id=\"1328\" class=\"elementor elementor-1328\" data-elementor-post-type=\"page\">\n\t\t\t\t\t\t<section class=\"elementor-section elementor-top-section elementor-element elementor-element-a7c05f5 elementor-section-boxed elementor-section-height-default elementor-section-height-default\" data-id=\"a7c05f5\" data-element_type=\"section\" data-e-type=\"section\">\n\t\t\t\t\t\t<div class=\"elementor-container elementor-column-gap-default\">\n\t\t\t\t\t<div class=\"elementor-column elementor-col-100 elementor-top-column elementor-element elementor-element-0c6888d\" data-id=\"0c6888d\" data-element_type=\"column\" data-e-type=\"column\">\n\t\t\t<div class=\"elementor-widget-wrap elementor-element-populated\">\n\t\t\t\t\t\t<div class=\"elementor-element elementor-element-703d02e elementor-widget elementor-widget-heading\" data-id=\"703d02e\" data-element_type=\"widget\" data-e-type=\"widget\" data-widget_type=\"heading.default\">\n\t\t\t\t<div class=\"elementor-widget-container\">\n\t\t\t\t\t<h1 class=\"elementor-heading-title elementor-size-default\">Meist\u00e4<\/h1>\t\t\t\t<\/div>\n\t\t\t\t<\/div>\n\t\t\t\t<div class=\"elementor-element elementor-element-e615dbb elementor-widget elementor-widget-heading\" data-id=\"e615dbb\" data-element_type=\"widget\" data-e-type=\"widget\" data-widget_type=\"heading.default\">\n\t\t\t\t<div class=\"elementor-widget-container\">\n\t\t\t\t\t<h2 class=\"elementor-heading-title elementor-size-default\">Meid\u00e4n historiamme<\/h2>\t\t\t\t<\/div>\n\t\t\t\t<\/div>\n\t\t\t\t<div class=\"elementor-element elementor-element-8907511 elementor-widget elementor-widget-text-editor\" data-id=\"8907511\" data-element_type=\"widget\" data-e-type=\"widget\" data-widget_type=\"text-editor.default\">\n\t\t\t\t<div class=\"elementor-widget-container\">\n\t\t\t\t\t\t\t\t\t<p>Vuonna 2019 perustettu, <strong>Live Stream Pro<\/strong> syntyi intohimosta tekniikkaa kohtaan ja visiosta mullistaa suoratoistokokemus.\u00a0<\/p><p>N\u00f6yr\u00e4st\u00e4 alusta l\u00e4htien meist\u00e4 on kasvanut johtava korkealaatuisten suoratoistolaitteiden tuotemerkki.<\/p>\t\t\t\t\t\t\t\t<\/div>\n\t\t\t\t<\/div>\n\t\t\t\t<div class=\"elementor-element elementor-element-3a438e0 elementor-widget elementor-widget-heading\" data-id=\"3a438e0\" data-element_type=\"widget\" data-e-type=\"widget\" data-widget_type=\"heading.default\">\n\t\t\t\t<div class=\"elementor-widget-container\">\n\t\t\t\t\t<h2 class=\"elementor-heading-title elementor-size-default\">Teht\u00e4v\u00e4mme<\/h2>\t\t\t\t<\/div>\n\t\t\t\t<\/div>\n\t\t\t\t<div class=\"elementor-element elementor-element-21632b8 elementor-widget elementor-widget-text-editor\" data-id=\"21632b8\" data-element_type=\"widget\" data-e-type=\"widget\" data-widget_type=\"text-editor.default\">\n\t\t\t\t<div class=\"elementor-widget-container\">\n\t\t\t\t\t\t\t\t\t<p>talossa <strong>Live Stream Pro<\/strong>Uskomme, ett\u00e4 jokainen striimaaja, olipa sitten aloittelija tai ammattilainen, ansaitsee p\u00e4\u00e4syn premium-ty\u00f6kaluihin.\u00a0<\/p><p>Siksi olemme sitoutuneet suunnittelemaan ja tuottamaan innovatiivisia laitteita, kuten lippulaivatuotteemme, tabletin<strong>\u00a0<a class=\"wpil_keyword_link\" title=\"Kaikki yhdess\u00e4 F1\" href=\"https:\/\/live-stream-pro.com\/fi\/shop\/live-streaming-all-in-one-f1\/\" data-wpil-keyword-link=\"linked\">Kaikki yhdess\u00e4 F1<\/a><\/strong>.\u00a0<\/p><p>Tavoitteemme on yksinkertainen: auttaa jokaista striimaajaa tuottamaan poikkeuksellista el\u00e4m\u00e4\u00e4!<\/p>\t\t\t\t\t\t\t\t<\/div>\n\t\t\t\t<\/div>\n\t\t\t\t<div class=\"elementor-element elementor-element-3a08a4f elementor-widget elementor-widget-heading\" data-id=\"3a08a4f\" data-element_type=\"widget\" data-e-type=\"widget\" data-widget_type=\"heading.default\">\n\t\t\t\t<div class=\"elementor-widget-container\">\n\t\t\t\t\t<h2 class=\"elementor-heading-title elementor-size-default\">Tehdas<\/h2>\t\t\t\t<\/div>\n\t\t\t\t<\/div>\n\t\t\t\t<div class=\"elementor-element elementor-element-8ac7453 elementor-widget elementor-widget-image\" data-id=\"8ac7453\" data-element_type=\"widget\" data-e-type=\"widget\" data-widget_type=\"image.default\">\n\t\t\t\t<div class=\"elementor-widget-container\">\n\t\t\t\t\t\t\t\t\t\t\t\t\t\t\t<img fetchpriority=\"high\" decoding=\"async\" width=\"403\" height=\"302\" src=\"https:\/\/live-stream-pro.com\/wp-content\/uploads\/2023\/08\/56ce5c04ba5eff38d99141e9e2940cb6.jpg\" class=\"attachment-full size-full wp-image-1331\" alt=\"56ce5c04ba5eff38d99141e9e2940cb6\" srcset=\"https:\/\/live-stream-pro.com\/wp-content\/uploads\/2023\/08\/56ce5c04ba5eff38d99141e9e2940cb6.jpg 403w, https:\/\/live-stream-pro.com\/wp-content\/uploads\/2023\/08\/56ce5c04ba5eff38d99141e9e2940cb6-300x225.jpg 300w, https:\/\/live-stream-pro.com\/wp-content\/uploads\/2023\/08\/56ce5c04ba5eff38d99141e9e2940cb6-16x12.jpg 16w\" sizes=\"(max-width: 403px) 100vw, 403px\" \/>\t\t\t\t\t\t\t\t\t\t\t\t\t\t\t<\/div>\n\t\t\t\t<\/div>\n\t\t\t\t<div class=\"elementor-element elementor-element-551a16a elementor-widget elementor-widget-text-editor\" data-id=\"551a16a\" data-element_type=\"widget\" data-e-type=\"widget\" data-widget_type=\"text-editor.default\">\n\t\t\t\t<div class=\"elementor-widget-container\">\n\t\t\t\t\t\t\t\t\t<p>Tehtaamme on teknologian kehto <strong>Live Stream Pro<\/strong>. T\u00e4\u00e4ll\u00e4 jokainen tuote suunnitellaan, testataan ja valmistetaan eritt\u00e4in huolellisesti.\u00a0<\/p><p>Olemme ylpeit\u00e4 insin\u00f6\u00f6rien, suunnittelijoiden ja teknikkojen tiimist\u00e4mme, joka ty\u00f6skentelee v\u00e4sym\u00e4tt\u00e4 varmistaakseen jokaisen tuotteen laadun ja suorituskyvyn.<\/p>\t\t\t\t\t\t\t\t<\/div>\n\t\t\t\t<\/div>\n\t\t\t\t<div class=\"elementor-element elementor-element-232a4b8 elementor-widget elementor-widget-video\" data-id=\"232a4b8\" data-element_type=\"widget\" data-e-type=\"widget\" data-settings=\"{&quot;video_type&quot;:&quot;vimeo&quot;}\" data-widget_type=\"video.default\">\n\t\t\t\t<div class=\"elementor-widget-container\">\n\t\t\t\t\t\t\t<div class=\"elementor-wrapper elementor-open-inline\">\n\t\t\t<iframe class=\"elementor-video-iframe\" allowfullscreen allow=\"clipboard-write\" title=\"Reprodutor de v\u00eddeo de vimeo\" src=\"https:\/\/player.vimeo.com\/video\/855537383?color&amp;autopause=0&amp;loop=0&amp;muted=0&amp;title=0&amp;portrait=0&amp;byline=0#t=\" data-no-translation-title=\"\"><\/iframe>\t\t<\/div>\n\t\t\t\t\t\t<\/div>\n\t\t\t\t<\/div>\n\t\t\t\t<div class=\"elementor-element elementor-element-494fef4 elementor-widget elementor-widget-heading\" data-id=\"494fef4\" data-element_type=\"widget\" data-e-type=\"widget\" data-widget_type=\"heading.default\">\n\t\t\t\t<div class=\"elementor-widget-container\">\n\t\t\t\t\t<h2 class=\"elementor-heading-title elementor-size-default\">Sitoutuminen laatuun<\/h2>\t\t\t\t<\/div>\n\t\t\t\t<\/div>\n\t\t\t\t<div class=\"elementor-element elementor-element-daa6506 elementor-widget elementor-widget-text-editor\" data-id=\"daa6506\" data-element_type=\"widget\" data-e-type=\"widget\" data-widget_type=\"text-editor.default\">\n\t\t\t\t<div class=\"elementor-widget-container\">\n\t\t\t\t\t\t\t\t\t<p>Laatu on kaiken toimintamme ytimess\u00e4. Materiaalien valinnasta tiimimme kouluttamiseen tuotteidemme tiukkaan testaamiseen pyrimme ylitt\u00e4m\u00e4\u00e4n asiakkaidemme odotukset joka vaiheessa.<\/p>\t\t\t\t\t\t\t\t<\/div>\n\t\t\t\t<\/div>\n\t\t\t\t<div class=\"elementor-element elementor-element-b106900 elementor-widget elementor-widget-heading\" data-id=\"b106900\" data-element_type=\"widget\" data-e-type=\"widget\" data-widget_type=\"heading.default\">\n\t\t\t\t<div class=\"elementor-widget-container\">\n\t\t\t\t\t<h2 class=\"elementor-heading-title elementor-size-default\">Liity meihin<\/h2>\t\t\t\t<\/div>\n\t\t\t\t<\/div>\n\t\t\t\t<div class=\"elementor-element elementor-element-04a3d6e elementor-widget elementor-widget-text-editor\" data-id=\"04a3d6e\" data-element_type=\"widget\" data-e-type=\"widget\" data-widget_type=\"text-editor.default\">\n\t\t\t\t<div class=\"elementor-widget-container\">\n\t\t\t\t\t\t\t\t\t<p>Kutsumme sinut selvitt\u00e4m\u00e4\u00e4n, mik\u00e4 tekee <strong>Live Stream Pro<\/strong> merkki erill\u00e4\u00e4n. Olitpa innokas striimaaja tai vain utelias br\u00e4ndimme kulissien takaa, jaamme aina mielell\u00e4mme tarinamme ja intohimosi kanssasi.<\/p><p>\u00a0<\/p>\t\t\t\t\t\t\t\t<\/div>\n\t\t\t\t<\/div>\n\t\t\t\t\t<\/div>\n\t\t<\/div>\n\t\t\t\t\t<\/div>\n\t\t<\/section>\n\t\t\t\t<section class=\"elementor-section elementor-top-section elementor-element elementor-element-24d5295 elementor-section-boxed elementor-section-height-default elementor-section-height-default\" data-id=\"24d5295\" data-element_type=\"section\" data-e-type=\"section\">\n\t\t\t\t\t\t<div class=\"elementor-container elementor-column-gap-default\">\n\t\t\t\t\t<div class=\"elementor-column elementor-col-100 elementor-top-column elementor-element elementor-element-5ed25b5\" data-id=\"5ed25b5\" data-element_type=\"column\" data-e-type=\"column\">\n\t\t\t<div class=\"elementor-widget-wrap elementor-element-populated\">\n\t\t\t\t\t\t<div class=\"elementor-element elementor-element-dcddb11 elementor-widget elementor-widget-spacer\" data-id=\"dcddb11\" data-element_type=\"widget\" data-e-type=\"widget\" data-widget_type=\"spacer.default\">\n\t\t\t\t<div class=\"elementor-widget-container\">\n\t\t\t\t\t\t\t<div class=\"elementor-spacer\">\n\t\t\t<div class=\"elementor-spacer-inner\"><\/div>\n\t\t<\/div>\n\t\t\t\t\t\t<\/div>\n\t\t\t\t<\/div>\n\t\t\t\t\t<\/div>\n\t\t<\/div>\n\t\t\t\t\t<\/div>\n\t\t<\/section>\n\t\t\t\t<\/div>","protected":false},"excerpt":{"rendered":"<p>A propos de nous Notre Histoire Fond\u00e9e en 2019, Live Stream Pro est n\u00e9e d&rsquo;une passion pour la technologie et [&hellip;]<\/p>\n","protected":false},"author":1,"featured_media":0,"parent":0,"menu_order":0,"comment_status":"closed","ping_status":"closed","template":"","meta":{"_seopress_robots_primary_cat":"","_seopress_titles_title":"","_seopress_titles_desc":"","_seopress_robots_index":"","site-sidebar-layout":"no-sidebar","site-content-layout":"page-builder","ast-site-content-layout":"default","site-content-style":"default","site-sidebar-style":"default","ast-global-header-display":"","ast-banner-title-visibility":"","ast-main-header-display":"","ast-hfb-above-header-display":"","ast-hfb-below-header-display":"","ast-hfb-mobile-header-display":"","site-post-title":"disabled","ast-breadcrumbs-content":"","ast-featured-img":"disabled","footer-sml-layout":"","ast-disable-related-posts":"","theme-transparent-header-meta":"","adv-header-id-meta":"","stick-header-meta":"","header-above-stick-meta":"","header-main-stick-meta":"","header-below-stick-meta":"","astra-migrate-meta-layouts":"set","ast-page-background-enabled":"default","ast-page-background-meta":{"desktop":{"background-color":"","background-image":"","background-repeat":"repeat","background-position":"center center","background-size":"auto","background-attachment":"scroll","background-type":"","background-media":"","overlay-type":"","overlay-color":"","overlay-opacity":"","overlay-gradient":""},"tablet":{"background-color":"","background-image":"","background-repeat":"repeat","background-position":"center center","background-size":"auto","background-attachment":"scroll","background-type":"","background-media":"","overlay-type":"","overlay-color":"","overlay-opacity":"","overlay-gradient":""},"mobile":{"background-color":"","background-image":"","background-repeat":"repeat","background-position":"center center","background-size":"auto","background-attachment":"scroll","background-type":"","background-media":"","overlay-type":"","overlay-color":"","overlay-opacity":"","overlay-gradient":""}},"ast-content-background-meta":{"desktop":{"background-color":"var(--ast-global-color-5)","background-image":"","background-repeat":"repeat","background-position":"center center","background-size":"auto","background-attachment":"scroll","background-type":"","background-media":"","overlay-type":"","overlay-color":"","overlay-opacity":"","overlay-gradient":""},"tablet":{"background-color":"var(--ast-global-color-5)","background-image":"","background-repeat":"repeat","background-position":"center center","background-size":"auto","background-attachment":"scroll","background-type":"","background-media":"","overlay-type":"","overlay-color":"","overlay-opacity":"","overlay-gradient":""},"mobile":{"background-color":"var(--ast-global-color-5)","background-image":"","background-repeat":"repeat","background-position":"center center","background-size":"auto","background-attachment":"scroll","background-type":"","background-media":"","overlay-type":"","overlay-color":"","overlay-opacity":"","overlay-gradient":""}},"footnotes":""},"class_list":["post-1328","page","type-page","status-publish","hentry"],"_links":{"self":[{"href":"https:\/\/live-stream-pro.com\/fi\/wp-json\/wp\/v2\/pages\/1328","targetHints":{"allow":["GET"]}}],"collection":[{"href":"https:\/\/live-stream-pro.com\/fi\/wp-json\/wp\/v2\/pages"}],"about":[{"href":"https:\/\/live-stream-pro.com\/fi\/wp-json\/wp\/v2\/types\/page"}],"author":[{"embeddable":true,"href":"https:\/\/live-stream-pro.com\/fi\/wp-json\/wp\/v2\/users\/1"}],"replies":[{"embeddable":true,"href":"https:\/\/live-stream-pro.com\/fi\/wp-json\/wp\/v2\/comments?post=1328"}],"version-history":[{"count":25,"href":"https:\/\/live-stream-pro.com\/fi\/wp-json\/wp\/v2\/pages\/1328\/revisions"}],"predecessor-version":[{"id":19666,"href":"https:\/\/live-stream-pro.com\/fi\/wp-json\/wp\/v2\/pages\/1328\/revisions\/19666"}],"wp:attachment":[{"href":"https:\/\/live-stream-pro.com\/fi\/wp-json\/wp\/v2\/media?parent=1328"}],"curies":[{"name":"wp","href":"https:\/\/api.w.org\/{rel}","templated":true}]}}