{"id":672,"date":"2022-07-11T18:12:41","date_gmt":"2022-07-11T18:12:41","guid":{"rendered":"https:\/\/darkorchid-viper-707018.hostingersite.com\/?page_id=672"},"modified":"2025-04-13T23:22:36","modified_gmt":"2025-04-13T22:22:36","slug":"privacy-policy","status":"publish","type":"page","link":"https:\/\/live-stream-pro.com\/fi\/tietosuojakaytanto\/","title":{"rendered":"Tietosuojak\u00e4yt\u00e4nt\u00f6"},"content":{"rendered":"<div data-elementor-type=\"wp-page\" data-elementor-id=\"672\" class=\"elementor elementor-672\" data-elementor-post-type=\"page\">\n\t\t\t\t\t\t<section class=\"elementor-section elementor-top-section elementor-element elementor-element-7af476d elementor-section-boxed elementor-section-height-default elementor-section-height-default\" data-id=\"7af476d\" data-element_type=\"section\" data-e-type=\"section\">\n\t\t\t\t\t\t<div class=\"elementor-container elementor-column-gap-default\">\n\t\t\t\t\t<div class=\"elementor-column elementor-col-100 elementor-top-column elementor-element elementor-element-0cff594\" data-id=\"0cff594\" data-element_type=\"column\" data-e-type=\"column\">\n\t\t\t<div class=\"elementor-widget-wrap elementor-element-populated\">\n\t\t\t\t\t\t<div class=\"elementor-element elementor-element-277604e elementor-widget elementor-widget-heading\" data-id=\"277604e\" data-element_type=\"widget\" data-e-type=\"widget\" data-widget_type=\"heading.default\">\n\t\t\t\t<div class=\"elementor-widget-container\">\n\t\t\t\t\t<h1 class=\"elementor-heading-title elementor-size-default\">Tietosuojak\u00e4yt\u00e4nt\u00f6 <\/h1>\t\t\t\t<\/div>\n\t\t\t\t<\/div>\n\t\t\t\t<div class=\"elementor-element elementor-element-61f349f elementor-widget elementor-widget-text-editor\" data-id=\"61f349f\" data-element_type=\"widget\" data-e-type=\"widget\" data-widget_type=\"text-editor.default\">\n\t\t\t\t<div class=\"elementor-widget-container\">\n\t\t\t\t\t\t\t\t\t<h2><strong>\u00a0<\/strong><\/h2><h2><strong>Keit\u00e4 me olemme ?<\/strong><\/h2><p>Verkkosivustomme osoite on: https:\/\/darkorchid-viper-707018.hostingersite.com<\/p><ul><li>Soci\u00e9t\u00e9 :<span class=\"Apple-converted-space\"> Brand Success &#8211; 78 avenue des Champs Elys\u00e9es &#8211; Bureau 562 &#8211; 75008 Paris &#8211; France.\u00a0<\/span><\/li><li>N\u00b0 de T\u00e9l\u00e9phone : +187722956001<\/li><li>Adresse mail : contact@darkorchid-viper-707018.hostingersite.com<\/li><li>Num\u00e9ro de l&rsquo;entreprise : 83353766500022<\/li><\/ul><p>Voit ottaa meihin yhteytt\u00e4 seuraavaan s\u00e4hk\u00f6postiosoitteeseen: contact@darkorchid-viper-707018.hostingersite.com<\/p><h2><strong>Ker\u00e4ttyjen henkil\u00f6tietojen k\u00e4ytt\u00f6<\/strong><\/h2><p>Suostut vastaanottamaan tarjouksia ja kampanjoita s\u00e4hk\u00f6postitse ja\/tai puhelimitse mink\u00e4 tahansa tilauksen tai tilin luomisen yhteydess\u00e4.<\/p><h2><strong>Kommentit<\/strong><\/h2><p>Kun j\u00e4t\u00e4t kommentin verkkosivuillemme, kommenttilomakkeeseen sy\u00f6tetyt tiedot, mutta my\u00f6s IP-osoitteesi ja selaimesi k\u00e4ytt\u00e4j\u00e4agentti ker\u00e4t\u00e4\u00e4n auttamaan meit\u00e4 havaitsemaan ei-toivotut kommentit.<\/p><p>S\u00e4hk\u00f6postiosoitteestasi luotu anonymisoitu merkkijono (kutsutaan my\u00f6s hashiksi) voidaan l\u00e4hett\u00e4\u00e4 Gravatar-palveluun tarkistamaan, k\u00e4yt\u00e4tk\u00f6 sit\u00e4. Gravatar-palvelun luottamuksellisuusehdot ovat saatavilla t\u00e4\u00e4lt\u00e4: https:\/\/automattic.com\/privacy\/. Kun kommenttisi on vahvistettu, profiilikuvasi n\u00e4kyy julkisesti kommenttisi vieress\u00e4.<\/p><h2><strong>Media<\/strong><\/h2><p>Jos olet rekister\u00f6itynyt k\u00e4ytt\u00e4j\u00e4 ja lataat kuvia verkkosivustolle, suosittelemme v\u00e4ltt\u00e4m\u00e4\u00e4n kuvien lataamista, jotka sis\u00e4lt\u00e4v\u00e4t EXIF GPS-koordinaattitietoja. Verkkosivustosi vierailijat voivat ladata ja poimia sijaintitietoja n\u00e4ist\u00e4 kuvista.<\/p><h2><strong>Yhteydenottolomakkeet<\/strong><\/h2><p>Pour nous contacter, veuillez nous \u00e9crire \u00e0 l&rsquo;adresse contact@darkorchid-viper-707018.hostingersite.com ou par courrier \u00e0 <span class=\"Apple-converted-space\">Brand Success<\/span> &#8211; 78, Avenue des Champs-\u00c9lys\u00e9es, Bureau 562, 75008 Paris &#8211; France<\/p><h2><strong>Keksit<\/strong><\/h2><p>Jos j\u00e4t\u00e4t kommentin sivuillemme, voit tallentaa nimesi, s\u00e4hk\u00f6postiosoitteesi ja verkkosivustosi ev\u00e4steisiin. T\u00e4m\u00e4 on vain avuksesi, jotta sinun ei tarvitse t\u00e4ytt\u00e4\u00e4 n\u00e4it\u00e4 tietoja, jos j\u00e4t\u00e4t toisen kommentin my\u00f6hemmin. N\u00e4m\u00e4 ev\u00e4steet vanhenevat vuoden kuluttua.<\/p><p>Jos siirryt kirjautumissivulle, v\u00e4liaikainen ev\u00e4ste luodaan sen m\u00e4\u00e4ritt\u00e4miseksi, hyv\u00e4ksyyk\u00f6 selaimesi ev\u00e4steet. Se ei sis\u00e4ll\u00e4 henkil\u00f6tietoja, ja se poistetaan automaattisesti, kun suljet selaimesi.<\/p><p>Kun kirjaudut sis\u00e4\u00e4n, asetamme ev\u00e4steit\u00e4 tallentaaksemme kirjautumistietosi ja n\u00e4ytt\u00f6asetukset. Yhteysev\u00e4steen elinik\u00e4 on kaksi p\u00e4iv\u00e4\u00e4, n\u00e4ytt\u00f6vaihtoehtoev\u00e4steen yksi vuosi. Jos valitset &quot;Muista minut&quot;, kirjautumisev\u00e4stett\u00e4si s\u00e4ilytet\u00e4\u00e4n kaksi viikkoa. Jos kirjaudut ulos tililt\u00e4si, kirjautumisev\u00e4ste poistetaan.<\/p><p>Kun muokkaat tai julkaiset viesti\u00e4, selaimeesi tallennetaan lis\u00e4ev\u00e4ste. T\u00e4m\u00e4 ev\u00e4ste ei sis\u00e4ll\u00e4 henkil\u00f6tietoja. Se n\u00e4ytt\u00e4\u00e4 yksinkertaisesti juuri muokkaamasi viestin tunnuksen. Se vanhenee yhden p\u00e4iv\u00e4n kuluttua.<\/p><h2><strong>Muilta sivustoilta upotettu sis\u00e4lt\u00f6<\/strong><\/h2><p>T\u00e4m\u00e4n sivuston artikkelit voivat sis\u00e4lt\u00e4\u00e4 upotettua sis\u00e4lt\u00f6\u00e4 (esim. videoita, kuvia, artikkeleita jne.). Muilta sivustoilta upotettu sis\u00e4lt\u00f6 k\u00e4ytt\u00e4ytyy samalla tavalla kuin jos k\u00e4vij\u00e4 menisi kyseiselle toiselle sivustolle.<\/p><p>N\u00e4m\u00e4 verkkosivustot voivat ker\u00e4t\u00e4 tietoja sinusta, k\u00e4ytt\u00e4\u00e4 ev\u00e4steit\u00e4, upottaa kolmannen osapuolen seurantaty\u00f6kaluja, seurata vuorovaikutustasi t\u00e4m\u00e4n upotetun sis\u00e4ll\u00f6n kanssa, jos sinulla on tili yhdistettyn\u00e4 heid\u00e4n verkkosivustoonsa.<\/p><h2><strong>Yleis\u00f6tilastot ja -mittaukset<\/strong><\/h2><p>K\u00e4yt\u00e4mme teknologioita, kuten ev\u00e4steit\u00e4, mukauttaaksemme sis\u00e4lt\u00f6\u00e4 ja mainoksia, tarjotaksemme sosiaalisen median ominaisuuksia ja analysoidaksemme sivuston liikennett\u00e4. Jaamme tietoja sivuston k\u00e4yt\u00f6st\u00e4si luotettujen sosiaalisen median, mainos- ja analytiikkakumppaneidemme kanssa.<\/p><p>Mittaaksemme tiettyj\u00e4 eri asiakaspolkuihin liittyvi\u00e4 tilastoja k\u00e4yt\u00e4mme Google Analyticsia, jonka tietosuojak\u00e4yt\u00e4nt\u00f6\u00f6n voit tutustua seuraavassa osoitteessa: <a href=\"https:\/\/policies.google.com\/privacy?hl=fr\">https:\/\/policies.google.com\/privacy?hl=fr<\/a>\u00a0.<\/p><p>K\u00e4yt\u00e4mme my\u00f6s Facebook-pikseli\u00e4, voit tutustua heid\u00e4n tietosuojak\u00e4yt\u00e4nt\u00f6ihins\u00e4 seuraavassa osoitteessa: <a href=\"https:\/\/www.facebook.com\/payments_terms\/privacy\">https:\/\/www.facebook.com\/payments_terms\/privacy\u00a0<\/a><\/p><h2><strong>Tietojesi tallennusajat<\/strong><\/h2><p>Jos j\u00e4t\u00e4t kommentin, kommentti ja sen metatiedot s\u00e4ilytet\u00e4\u00e4n toistaiseksi. T\u00e4m\u00e4 mahdollistaa my\u00f6hempien kommenttien automaattisen tunnistamisen ja hyv\u00e4ksymisen sen sijaan, ett\u00e4 ne j\u00e4tt\u00e4isiv\u00e4t ne valvontajonoon.<\/p><p>Sivustollemme rekister\u00f6ityneiden k\u00e4ytt\u00e4jien osalta (jos mahdollista) tallennamme my\u00f6s heid\u00e4n profiilissaan ilmoitetut henkil\u00f6tiedot. Kaikki k\u00e4ytt\u00e4j\u00e4t voivat tarkastella, muokata tai poistaa henkil\u00f6kohtaisia tietojaan milloin tahansa (paitsi k\u00e4ytt\u00e4j\u00e4tunnuksensa). Sivuston yll\u00e4pit\u00e4j\u00e4t voivat my\u00f6s tarkastella ja muokata n\u00e4it\u00e4 tietoja.<\/p><h2><strong>Oikeudet, jotka sinulla on tietoihisi<\/strong><\/h2><p>Jos sinulla on tili tai olet j\u00e4tt\u00e4nyt kommentteja sivustolle, voit pyyt\u00e4\u00e4 tiedoston, joka sis\u00e4lt\u00e4\u00e4 kaikki henkil\u00f6tiedot, jotka meill\u00e4 on sinusta, mukaan lukien meille toimittamasi tiedot. Voit my\u00f6s pyyt\u00e4\u00e4 sinua koskevien henkil\u00f6tietojen poistamista. T\u00e4m\u00e4 ei ota huomioon tietoja, jotka on tallennettu hallinnollisiin, oikeudellisiin tai turvallisuustarkoituksiin.<\/p><h2><strong>Henkil\u00f6tietojesi siirt\u00e4minen<\/strong><\/h2><p>Vierailijoiden kommentit voidaan tarkistaa k\u00e4ytt\u00e4m\u00e4ll\u00e4 automaattista roskapostikommenttien tunnistuspalvelua.<\/p><h2><strong>Yhteystiedot<\/strong><\/h2><p>Vous pouvez nous contacter par mail \u00e0 l&rsquo;adresse suivante : contact@darkorchid-viper-707018.hostingersite.com ou par courrier \u00e0 <span class=\"Apple-converted-space\">Brand Success<\/span> &#8211; 78, Avenue des Champs-\u00c9lys\u00e9es, Bureau 562, 75008 Paris &#8211; France<\/p><h2><strong>Mit\u00e4 ker\u00e4\u00e4mme ja varastoimme<\/strong><\/h2><p>Vierailusi aikana seuraamme:<\/p><ul><li>Katsomasi tuotteet: K\u00e4yt\u00e4mme niit\u00e4 esimerkiksi \u00e4skett\u00e4in katsomiesi tuotteiden n\u00e4ytt\u00e4miseen<\/li><li>Sijainti, IP-osoite ja selaintyyppi: arvioimme niiden perusteella verot ja toimituskulut<\/li><li>Toimitusosoite: Pyyd\u00e4mme sinua sy\u00f6tt\u00e4m\u00e4\u00e4n sen toimituskulujen arvioimiseksi ennen tilauksen tekemist\u00e4 ja l\u00e4hett\u00e4m\u00e4\u00e4n tilauksen sinulle!<\/li><\/ul><p>K\u00e4yt\u00e4mme ev\u00e4steit\u00e4 ostoskorin sis\u00e4ll\u00f6n seuraamiseen, kun selaat sivustoamme.<\/p><p>Kun ostat verkkosivustoltamme, pyyd\u00e4mme sinua antamaan tietoja, kuten nimesi, laskutusosoitteesi, toimitusosoitteesi, s\u00e4hk\u00f6postiosoitteesi, puhelinnumerosi, maksu-\/luottokorttitiedot ja mahdollisesti tilitiedot, kuten k\u00e4ytt\u00e4j\u00e4tunnus ja salasana. N\u00e4it\u00e4 tietoja k\u00e4ytet\u00e4\u00e4n:<\/p><ul><li>Tietojen l\u00e4hett\u00e4minen tilist\u00e4si ja tilauksestasi<\/li><li>Vastaa pyynt\u00f6ihin, mukaan lukien palautukset ja valitukset<\/li><li>Maksujen k\u00e4sittely ja petostentorjunta<\/li><li>Configurez votre compte pour notre boutique<\/li><li>Noudata kaikkia lakis\u00e4\u00e4teisi\u00e4 velvoitteita, kuten verojen laskemista<\/li><li>Paranna myym\u00e4l\u00e4mme tarjouksia<\/li><li>L\u00e4het\u00e4 sinulle markkinointiviestej\u00e4, jos haluat vastaanottaa niit\u00e4<\/li><\/ul><p>Jos luot tilin, tallennamme nimesi, osoitteesi, s\u00e4hk\u00f6postiosoitteesi ja puhelinnumerosi, joita k\u00e4ytet\u00e4\u00e4n tilausten vahvistamiseen tulevia tilauksia varten.<\/p><p>Nous stockons g\u00e9n\u00e9ralement vos informations aussi longtemps que nous en avons besoin pour l&rsquo;usage pour lequel nous les collectons et utilisons, et nous ne sommes pas oblig\u00e9s l\u00e9galement de conitnuer \u00e0 les conserver. Par exemple, nous stockons les informations de commande pour 2 ann\u00e9es pour les taxes et la comptabilit\u00e9. Ceci inclut votre nom, adresse de messagerie et adresses de facturation et livraison.<\/p><p>Tallennamme my\u00f6s kommentit tai arvostelut, jos p\u00e4\u00e4t\u00e4t l\u00e4hett\u00e4\u00e4 ne.<\/p><h2><strong>Kenell\u00e4 tiimist\u00e4mme on p\u00e4\u00e4sy tietoihin<\/strong><\/h2><p>Tiimimme j\u00e4senill\u00e4 on p\u00e4\u00e4sy meille antamiasi tietoja varten. Esimerkiksi kaupan yll\u00e4pit\u00e4jill\u00e4 ja johtajilla on k\u00e4ytt\u00f6oikeudet:<\/p><ul><li>Tilaustiedot, kuten mit\u00e4 ostettiin, milloin ja minne se tulee l\u00e4hett\u00e4\u00e4 ja<\/li><li>Asiakastiedot, kuten nimesi, s\u00e4hk\u00f6postiosoitteesi sek\u00e4 laskutus- ja toimitustiedot.<\/li><\/ul><p>Tiimimme voi k\u00e4ytt\u00e4\u00e4 n\u00e4it\u00e4 tietoja tilausten k\u00e4sittely\u00e4, hyvityksi\u00e4 ja tukea varten.<\/p><h2><strong>Mit\u00e4 jaamme muiden kanssa<\/strong><\/h2><p>Jaamme tietoja kolmansille osapuolille, jotka auttavat meit\u00e4 hallitsemaan tilauksiamme ja myym\u00e4l\u00e4palvelujamme; Stripe, joka on luottokorttimaksupalvelu ja PayPal, joka on maksuyhdysk\u00e4yt\u00e4v\u00e4.<\/p><h3><strong>Maksut<\/strong><\/h3><p>Hyv\u00e4ksymme maksut PayPalin ja Stripen kautta. Maksuja k\u00e4sitelt\u00e4ess\u00e4 tiettyj\u00e4 tietoja v\u00e4litet\u00e4\u00e4n PayPalille tai Stripelle, mukaan lukien maksun suorittamiseen tarvittavat tiedot, kuten kokonaissumma tai laskutustiedot.<\/p><p>Ole hyv\u00e4 ja lue <a href=\"https:\/\/www.paypal.com\/us\/webapps\/mpp\/ua\/privacy-full\">PayPalin tietosuojak\u00e4yt\u00e4nt\u00f6<\/a> Lis\u00e4tietoja.<\/p><p>Ole hyv\u00e4 ja lue <a href=\"https:\/\/stripe.com\/fr\/privacy\">Stripen tietosuojak\u00e4yt\u00e4nt\u00f6<\/a> Lis\u00e4tietoja.<\/p>\t\t\t\t\t\t\t\t<\/div>\n\t\t\t\t<\/div>\n\t\t\t\t\t<\/div>\n\t\t<\/div>\n\t\t\t\t\t<\/div>\n\t\t<\/section>\n\t\t\t\t<\/div>","protected":false},"excerpt":{"rendered":"<p>Politique de Confidentialit\u00e9 \u00a0 Qui sommes-nous\u00a0? L&rsquo;adresse de notre site Web est\u00a0: https:\/\/darkorchid-viper-707018.hostingersite.com Soci\u00e9t\u00e9 : Brand Success &#8211; 78 avenue [&hellip;]<\/p>\n","protected":false},"author":1,"featured_media":0,"parent":0,"menu_order":0,"comment_status":"closed","ping_status":"closed","template":"","meta":{"_seopress_robots_primary_cat":"","_seopress_titles_title":"","_seopress_titles_desc":"","_seopress_robots_index":"","site-sidebar-layout":"no-sidebar","site-content-layout":"page-builder","ast-site-content-layout":"default","site-content-style":"default","site-sidebar-style":"default","ast-global-header-display":"","ast-banner-title-visibility":"","ast-main-header-display":"","ast-hfb-above-header-display":"","ast-hfb-below-header-display":"","ast-hfb-mobile-header-display":"","site-post-title":"disabled","ast-breadcrumbs-content":"","ast-featured-img":"disabled","footer-sml-layout":"","ast-disable-related-posts":"","theme-transparent-header-meta":"","adv-header-id-meta":"","stick-header-meta":"","header-above-stick-meta":"","header-main-stick-meta":"","header-below-stick-meta":"","astra-migrate-meta-layouts":"set","ast-page-background-enabled":"default","ast-page-background-meta":{"desktop":{"background-color":"","background-image":"","background-repeat":"repeat","background-position":"center center","background-size":"auto","background-attachment":"scroll","background-type":"","background-media":"","overlay-type":"","overlay-color":"","overlay-opacity":"","overlay-gradient":""},"tablet":{"background-color":"","background-image":"","background-repeat":"repeat","background-position":"center center","background-size":"auto","background-attachment":"scroll","background-type":"","background-media":"","overlay-type":"","overlay-color":"","overlay-opacity":"","overlay-gradient":""},"mobile":{"background-color":"","background-image":"","background-repeat":"repeat","background-position":"center center","background-size":"auto","background-attachment":"scroll","background-type":"","background-media":"","overlay-type":"","overlay-color":"","overlay-opacity":"","overlay-gradient":""}},"ast-content-background-meta":{"desktop":{"background-color":"var(--ast-global-color-5)","background-image":"","background-repeat":"repeat","background-position":"center center","background-size":"auto","background-attachment":"scroll","background-type":"","background-media":"","overlay-type":"","overlay-color":"","overlay-opacity":"","overlay-gradient":""},"tablet":{"background-color":"var(--ast-global-color-5)","background-image":"","background-repeat":"repeat","background-position":"center center","background-size":"auto","background-attachment":"scroll","background-type":"","background-media":"","overlay-type":"","overlay-color":"","overlay-opacity":"","overlay-gradient":""},"mobile":{"background-color":"var(--ast-global-color-5)","background-image":"","background-repeat":"repeat","background-position":"center center","background-size":"auto","background-attachment":"scroll","background-type":"","background-media":"","overlay-type":"","overlay-color":"","overlay-opacity":"","overlay-gradient":""}},"footnotes":""},"class_list":["post-672","page","type-page","status-publish","hentry"],"_links":{"self":[{"href":"https:\/\/live-stream-pro.com\/fi\/wp-json\/wp\/v2\/pages\/672","targetHints":{"allow":["GET"]}}],"collection":[{"href":"https:\/\/live-stream-pro.com\/fi\/wp-json\/wp\/v2\/pages"}],"about":[{"href":"https:\/\/live-stream-pro.com\/fi\/wp-json\/wp\/v2\/types\/page"}],"author":[{"embeddable":true,"href":"https:\/\/live-stream-pro.com\/fi\/wp-json\/wp\/v2\/users\/1"}],"replies":[{"embeddable":true,"href":"https:\/\/live-stream-pro.com\/fi\/wp-json\/wp\/v2\/comments?post=672"}],"version-history":[{"count":0,"href":"https:\/\/live-stream-pro.com\/fi\/wp-json\/wp\/v2\/pages\/672\/revisions"}],"wp:attachment":[{"href":"https:\/\/live-stream-pro.com\/fi\/wp-json\/wp\/v2\/media?parent=672"}],"curies":[{"name":"wp","href":"https:\/\/api.w.org\/{rel}","templated":true}]}}