{"id":676,"date":"2022-07-11T18:22:23","date_gmt":"2022-07-11T18:22:23","guid":{"rendered":"https:\/\/darkorchid-viper-707018.hostingersite.com\/?page_id=676"},"modified":"2025-04-13T23:22:49","modified_gmt":"2025-04-13T22:22:49","slug":"legal-notice","status":"publish","type":"page","link":"https:\/\/live-stream-pro.com\/fi\/oikeudellinen-huomautus\/","title":{"rendered":"Oikeudelliset tiedot"},"content":{"rendered":"<div data-elementor-type=\"wp-page\" data-elementor-id=\"676\" class=\"elementor elementor-676\" data-elementor-post-type=\"page\">\n\t\t\t\t\t\t<section class=\"elementor-section elementor-top-section elementor-element elementor-element-741fece elementor-section-boxed elementor-section-height-default elementor-section-height-default\" data-id=\"741fece\" data-element_type=\"section\" data-e-type=\"section\">\n\t\t\t\t\t\t<div class=\"elementor-container elementor-column-gap-default\">\n\t\t\t\t\t<div class=\"elementor-column elementor-col-100 elementor-top-column elementor-element elementor-element-ebdb51c\" data-id=\"ebdb51c\" data-element_type=\"column\" data-e-type=\"column\">\n\t\t\t<div class=\"elementor-widget-wrap elementor-element-populated\">\n\t\t\t\t\t\t<div class=\"elementor-element elementor-element-9bddc5e elementor-widget elementor-widget-heading\" data-id=\"9bddc5e\" data-element_type=\"widget\" data-e-type=\"widget\" data-widget_type=\"heading.default\">\n\t\t\t\t<div class=\"elementor-widget-container\">\n\t\t\t\t\t<h1 class=\"elementor-heading-title elementor-size-default\">Oikeudelliset tiedot<\/h1>\t\t\t\t<\/div>\n\t\t\t\t<\/div>\n\t\t\t\t<div class=\"elementor-element elementor-element-87670af elementor-widget elementor-widget-text-editor\" data-id=\"87670af\" data-element_type=\"widget\" data-e-type=\"widget\" data-widget_type=\"text-editor.default\">\n\t\t\t\t<div class=\"elementor-widget-container\">\n\t\t\t\t\t\t\t\t\t<h2><strong>\u00a0<\/strong><\/h2><h2><strong>1. Sivuston esittely<\/strong><\/h2><div style=\"caret-color: #7a7a7a; color: #7a7a7a; font-size: 15px;\"><p style=\"font-size: 15px; margin-bottom: 1.75em;\">Luottamuksesta digitaalitalouteen 21. kes\u00e4kuuta 2004 annetun lain nro 2004-575 pyk\u00e4l\u00e4n 6 mukaisesti live-stream-pro.com-sivuston k\u00e4ytt\u00e4jille tiedotetaan eri osallistujien henkil\u00f6llisyydest\u00e4 sen t\u00e4yt\u00e4nt\u00f6\u00f6npanon ja valvonnan puitteissa. :<\/p><p style=\"font-size: 15px; margin-bottom: 1.75em;\"><strong>Omistaja<\/strong> :<\/p><ul><li>Soci\u00e9t\u00e9 :<span class=\"Apple-converted-space\"> Brand Success &#8211; 78 avenue des Champs Elys\u00e9es &#8211; Bureau 562 &#8211; 75008 Paris &#8211; France.\u00a0<\/span><\/li><li>N\u00b0 de T\u00e9l\u00e9phone : +187722956001<\/li><li>Adresse mail : contact@darkorchid-viper-707018.hostingersite.com<\/li><li>Num\u00e9ro de l\u2019entreprise : 83353766500022<\/li><\/ul><p style=\"font-size: 15px; margin-bottom: 1.75em;\"><span style=\"font-style: inherit; color: var( --e-global-color-text ); font-family: var( --e-global-typography-text-font-family ), Sans-serif;\">Julkaisup\u00e4\u00e4llikk\u00f6 on luonnollinen henkil\u00f6 tai oikeushenkil\u00f6.<\/span><\/p><p style=\"font-size: 15px; margin-bottom: 1.75em;\"><strong>Is\u00e4nt\u00e4<\/strong>\u00a0:\u00a0<em>OVH<\/em>\u00a0SAS: 2 rue Kellermann \u2013 BP 80157 59053 ROUBAIX CEDEX 1<\/p><h2><strong>2. Sivuston ja tarjottavien palvelujen yleiset k\u00e4ytt\u00f6ehdot.<\/strong><\/h2><p style=\"font-size: 15px; margin-bottom: 1.75em;\">Live-stream-pro.com-sivuston k\u00e4ytt\u00f6 edellytt\u00e4\u00e4 alla kuvattujen yleisten k\u00e4ytt\u00f6ehtojen t\u00e4ytt\u00e4 hyv\u00e4ksymist\u00e4. N\u00e4it\u00e4 k\u00e4ytt\u00f6ehtoja voidaan muuttaa tai t\u00e4ydent\u00e4\u00e4 milloin tahansa, joten live-stream-pro.com-sivuston k\u00e4ytt\u00e4ji\u00e4 kehotetaan tutustumaan niihin s\u00e4\u00e4nn\u00f6llisesti.<\/p><p style=\"font-size: 15px; margin-bottom: 1.75em;\">Ce site est normalement accessible \u00e0 tout moment aux utilisateurs. Une interruption pour raison de maintenance technique peut \u00eatre toutefois d\u00e9cid\u00e9e par <span class=\"Apple-converted-space\">Brand Success<\/span>, qui s\u2019efforcera alors de communiquer pr\u00e9alablement aux utilisateurs les dates et heures de l\u2019intervention.<\/p><p style=\"font-size: 15px; margin-bottom: 1.75em;\">Live-stream-pro.com-verkkosivusto<a style=\"color: #547dd3;\" href=\"https:\/\/rocket-marketing.eu\/\">\u00a0<\/a>est mis \u00e0 jour r\u00e9guli\u00e8rement par <span class=\"Apple-converted-space\">Brand Success<\/span>. De la m\u00eame fa\u00e7on, les mentions l\u00e9gales peuvent \u00eatre modifi\u00e9es \u00e0 tout moment : elles s\u2019imposent n\u00e9anmoins \u00e0 l\u2019utilisateur qui est invit\u00e9 \u00e0 s\u2019y r\u00e9f\u00e9rer le plus souvent possible afin d\u2019en prendre connaissance.<\/p><h2><strong>3. Kuvaus tarjotuista palveluista.<\/strong><\/h2><p style=\"font-size: 15px; margin-bottom: 1.75em;\">Live-stream-pro.com-sivuston tavoitteena on tarjota tietoa kaikesta yrityksen toiminnasta.<\/p><p style=\"font-size: 15px; margin-bottom: 1.75em;\"><span class=\"Apple-converted-space\">Brand Success<\/span> s\u2019efforce de fournir sur le site live-stream-pro.com des informations aussi pr\u00e9cises que possible. Toutefois, il ne pourra \u00eatre tenue responsable des omissions, des inexactitudes et des carences dans la mise \u00e0 jour, qu\u2019elles soient de son fait ou du fait des tiers partenaires qui lui fournissent ces informations.<\/p><p style=\"font-size: 15px; margin-bottom: 1.75em;\">Kaikki live-stream-pro.com-sivustolla ilmoitetut tiedot on tarkoitettu vain tiedoksi, ja ne voivat muuttua. Lis\u00e4ksi live-stream-pro.com-sivuston tiedot eiv\u00e4t ole tyhjent\u00e4vi\u00e4. Niihin saatetaan tehd\u00e4 muutoksia, jotka on tehty sen j\u00e4lkeen, kun ne asetettiin verkkoon.<\/p><h2><strong>4. Teknisi\u00e4 tietoja koskevat sopimusrajoitukset.<\/strong><\/h2><p style=\"font-size: 15px; margin-bottom: 1.75em;\">Sivusto k\u00e4ytt\u00e4\u00e4 JavaScript-tekniikkaa.<\/p><p style=\"font-size: 15px; margin-bottom: 1.75em;\">Sivusto ei ole vastuussa sivuston k\u00e4ytt\u00f6\u00f6n liittyvist\u00e4 aineellisista vahingoista. Lis\u00e4ksi sivuston k\u00e4ytt\u00e4j\u00e4 sitoutuu k\u00e4ytt\u00e4m\u00e4\u00e4n sivustoa uusimmilla, viruksia sis\u00e4lt\u00e4m\u00e4tt\u00f6mill\u00e4 laitteilla ja p\u00e4ivitetyll\u00e4 uusimman sukupolven selaimella.<\/p><h2><strong>5. Immateriaalioikeus ja v\u00e4\u00e4rent\u00e4minen.<\/strong><\/h2><p style=\"font-size: 15px; margin-bottom: 1.75em;\"><span class=\"Apple-converted-space\">Brand Success<\/span> est propri\u00e9taire des droits de propri\u00e9t\u00e9 intellectuelle ou d\u00e9tient les droits d\u2019usage sur tous les \u00e9l\u00e9ments accessibles sur le site, notamment les textes, images, graphismes, logo, ic\u00f4nes, sons, logiciels.<\/p><p style=\"font-size: 15px; margin-bottom: 1.75em;\">Toute reproduction, repr\u00e9sentation, modification, publication, adaptation de tout ou partie des \u00e9l\u00e9ments du site, quel que soit le moyen ou le proc\u00e9d\u00e9 utilis\u00e9, est interdite, sauf autorisation \u00e9crite pr\u00e9alable de la soci\u00e9t\u00e9 <span class=\"Apple-converted-space\">Brand Success<\/span>.<\/p><p style=\"font-size: 15px; margin-bottom: 1.75em;\">Sivuston tai sen sis\u00e4lt\u00e4mien elementtien luvaton k\u00e4ytt\u00f6 katsotaan loukkaukseksi, ja siit\u00e4 asetetaan syytteeseen immateriaalioikeuslain artiklojen L.335-2 ja sit\u00e4 seuraavien m\u00e4\u00e4r\u00e4ysten mukaisesti.<\/p><h2><strong>6. Vastuun rajoitukset.<\/strong><\/h2><p style=\"font-size: 15px; margin-bottom: 1.75em;\"><span class=\"Apple-converted-space\">Brand Success<\/span> ne pourra \u00eatre tenue responsable des dommages directs et indirects caus\u00e9s au mat\u00e9riel de l\u2019utilisateur, lors de l\u2019acc\u00e8s au site live-stream-pro.com, et r\u00e9sultant soit de l\u2019utilisation d\u2019un mat\u00e9riel ne r\u00e9pondant pas aux sp\u00e9cifications indiqu\u00e9es au point 4, soit de l\u2019apparition d\u2019un bug ou d\u2019une incompatibilit\u00e9.<\/p><p style=\"font-size: 15px; margin-bottom: 1.75em;\"><span class=\"Apple-converted-space\">Brand Success<\/span> ne pourra \u00e9galement \u00eatre tenue responsable des dommages indirects (tels par exemple qu\u2019une perte de march\u00e9 ou perte d\u2019une chance) cons\u00e9cutifs \u00e0 l\u2019utilisation du site <span style=\"background-color: var(--ast-global-color-2);\">live-stream-pro.com<\/span><\/p><p style=\"font-size: 15px; margin-bottom: 1.75em;\">Des espaces interactifs (possibilit\u00e9 de poser des questions dans l\u2019espace contact) sont \u00e0 la disposition des utilisateurs. <span class=\"Apple-converted-space\">Brand Success<\/span> se r\u00e9serve le droit de supprimer, sans mise en demeure pr\u00e9alable, tout contenu d\u00e9pos\u00e9 dans cet espace qui contreviendrait \u00e0 la l\u00e9gislation applicable en France, en particulier aux dispositions relatives \u00e0 la protection des donn\u00e9es.\u00a0<\/p><p style=\"font-size: 15px; margin-bottom: 1.75em;\">Le cas \u00e9ch\u00e9ant, <span class=\"Apple-converted-space\">Brand Success <\/span>se r\u00e9serve \u00e9galement la possibilit\u00e9 de mettre en cause la responsabilit\u00e9 civile et\/ou p\u00e9nale de l\u2019utilisateur, notamment en cas de message \u00e0 caract\u00e8re raciste, injurieux, diffamant, ou pornographique, quel que soit le support utilis\u00e9 (texte, photographie\u2026).<\/p><h2><strong>7. Henkil\u00f6tietojen hallinta.<\/strong><\/h2><p style=\"font-size: 15px; margin-bottom: 1.75em;\">Ranskassa henkil\u00f6tietoja suojataan erityisesti 6. tammikuuta 1978 annetulla lailla nro 78-87, 6. elokuuta 2004 annetulla lailla nro 2004-801, rikoslain pyk\u00e4l\u00e4ll\u00e4 L. 226-13 ja 24. lokakuuta annetulla Euroopan direktiivill\u00e4. , 1995.<\/p><p style=\"font-size: 15px; margin-bottom: 1.75em;\">Live-stream-pro.com-sivustoa k\u00e4ytett\u00e4ess\u00e4 voidaan ker\u00e4t\u00e4: niiden linkkien URL-osoite, joiden kautta k\u00e4ytt\u00e4j\u00e4 p\u00e4\u00e4si live-stream-pro.com-sivustolle, k\u00e4ytt\u00e4j\u00e4n p\u00e4\u00e4syn tarjoaja, k\u00e4ytt\u00e4j\u00e4n IP-protokolla osoite.<\/p><p style=\"font-size: 15px; margin-bottom: 1.75em;\">En tout \u00e9tat de cause <span class=\"Apple-converted-space\">Brand Success<\/span> ne collecte des informations personnelles relatives \u00e0 l\u2019utilisateur que pour le besoin de certains services propos\u00e9s par le site live-stream-pro.com. L\u2019utilisateur fournit ces informations en toute connaissance de cause, notamment lorsqu\u2019il proc\u00e8de par lui-m\u00eame \u00e0 leur saisie. Il est alors pr\u00e9cis\u00e9 \u00e0 l\u2019utilisateur du site live-stream-pro.com a l\u2019obligation ou non de fournir ces informations.<\/p><p style=\"font-size: 15px; margin-bottom: 1.75em;\">6. tammikuuta 1978 annetun lain 78-17 pyk\u00e4l\u00e4n 38 ja sit\u00e4 seuraavien s\u00e4\u00e4nn\u00f6sten mukaisesti tietojen k\u00e4sittelyst\u00e4, tiedostoista ja vapauksista jokaisella k\u00e4ytt\u00e4j\u00e4ll\u00e4 on oikeus saada itse\u00e4\u00e4n koskevat henkil\u00f6tiedot, oikaista ne ja vastustaa niit\u00e4 antamalla h\u00e4nen kirjallisena ja allekirjoitettu pyynt\u00f6, johon on liitetty kopio henkil\u00f6llisyystodistuksesta, jossa on asiakirjan haltijan allekirjoitus ja jossa ilmoitetaan osoite, johon vastaus on l\u00e4hetett\u00e4v\u00e4.<\/p><p style=\"font-size: 15px; margin-bottom: 1.75em;\">Aucune information personnelle de l\u2019utilisateur du site live-stream-pro.com n\u2019est publi\u00e9e \u00e0 l\u2019insu de l\u2019utilisateur, \u00e9chang\u00e9e, transf\u00e9r\u00e9e, c\u00e9d\u00e9e ou vendue sur un support quelconque \u00e0 des tiers. Seule l\u2019hypoth\u00e8se du rachat de <span class=\"Apple-converted-space\">Brand Success<\/span> et de ses droits permettrait la transmission des dites informations \u00e0 l\u2019\u00e9ventuel acqu\u00e9reur qui serait \u00e0 son tour tenu de la m\u00eame obligation de conservation et de modification des donn\u00e9es vis \u00e0 vis de l\u2019utilisateur du site\u00a0<span style=\"background-color: var(--ast-global-color-2);\">live-stream-pro.com<\/span><\/p><p style=\"font-size: 15px; margin-bottom: 1.75em;\">Tietokannat on suojattu tietokantojen oikeudellisesta suojasta 11. maaliskuuta 1996 annetun direktiivin 96\/9 t\u00e4yt\u00e4nt\u00f6\u00f6npanosta 1. hein\u00e4kuuta 1998 annetun lain s\u00e4\u00e4nn\u00f6ksill\u00e4.<\/p><h2><strong>8. Hypertekstilinkit ja ev\u00e4steet.<\/strong><\/h2><p style=\"font-size: 15px; margin-bottom: 1.75em;\">Le site live-stream-pro.com contient un certain nombre de liens hypertextes vers d\u2019autres sites, mis en place avec l\u2019autorisation de <span class=\"Apple-converted-space\">Brand Success<\/span>. Cependant, <span class=\"Apple-converted-space\">Brand Success<\/span> n\u2019a pas la possibilit\u00e9 de v\u00e9rifier le contenu des sites ainsi visit\u00e9s, et n\u2019assumera en cons\u00e9quence aucune responsabilit\u00e9 de ce fait.<\/p><p style=\"font-size: 15px; margin-bottom: 1.75em;\">Live-stream-pro.com-sivuston selaaminen saattaa aiheuttaa ev\u00e4steiden asentamisen k\u00e4ytt\u00e4j\u00e4n tietokoneelle. Ev\u00e4ste on pieni tiedosto, joka ei mahdollista k\u00e4ytt\u00e4j\u00e4n tunnistamista, mutta joka tallentaa tietoja, jotka liittyv\u00e4t tietokoneella sivustolla liikkumiseen. N\u00e4in saadulla tiedolla pyrit\u00e4\u00e4n helpottamaan my\u00f6hemp\u00e4\u00e4 navigointia sivustolla ja mahdollistamaan my\u00f6s erilaiset liikennemittaukset.<\/p><p style=\"font-size: 15px; margin-bottom: 1.75em;\">Ev\u00e4steen asennuksesta kielt\u00e4ytyminen voi johtaa siihen, ett\u00e4 tiettyihin palveluihin p\u00e4\u00e4sy on mahdotonta. K\u00e4ytt\u00e4j\u00e4 voi kuitenkin m\u00e4\u00e4ritt\u00e4\u00e4 tietokoneensa seuraavalla tavalla kielt\u00e4ytym\u00e4\u00e4n ev\u00e4steiden asennuksesta:<\/p><p style=\"font-size: 15px; margin-bottom: 1.75em;\">Internet Explorerissa: ty\u00f6kaluv\u00e4lilehti (hampaan muotoinen piktogrammi oikeassa yl\u00e4kulmassa) \/ Internet-asetukset. Napsauta Tietosuoja ja valitse Est\u00e4 kaikki ev\u00e4steet. Vahvista Ok.<\/p><p style=\"font-size: 15px; margin-bottom: 1.75em;\">Firefox-kohdassa: napsauta selainikkunan yl\u00e4osassa olevaa Firefox-painiketta ja siirry sitten Asetukset-v\u00e4lilehteen. Napsauta Tietosuoja-v\u00e4lilehte\u00e4. Aseta s\u00e4ilytyss\u00e4\u00e4nn\u00f6t: K\u00e4yt\u00e4 mukautettuja asetuksia historiassa. Poista lopuksi valinta poistaaksesi ev\u00e4steet k\u00e4yt\u00f6st\u00e4.<\/p><p style=\"font-size: 15px; margin-bottom: 1.75em;\">Safari-kohdassa: Napsauta selaimen oikeassa yl\u00e4kulmassa olevaa valikkokuvaketta (symbolistaa hammasratas). Valitse Asetukset. Napsauta N\u00e4yt\u00e4 lis\u00e4asetukset. Napsauta Tietosuoja-osiossa Sis\u00e4lt\u00f6asetukset. Ev\u00e4steet-osiossa voit est\u00e4\u00e4 ev\u00e4steet.<\/p><p style=\"font-size: 15px; margin-bottom: 1.75em;\">Chrome: Napsauta selaimen oikeassa yl\u00e4kulmassa olevaa valikkokuvaketta (symbolisoitu kolmella vaakaviivalla). Valitse Asetukset. Napsauta N\u00e4yt\u00e4 lis\u00e4asetukset. Napsauta Tietosuoja-osiossa Asetukset. &quot;Tietosuoja&quot;-v\u00e4lilehdell\u00e4 voit est\u00e4\u00e4 ev\u00e4steet.<\/p><h2><strong>9. Sovellettava laki ja toimivallan my\u00f6nt\u00e4minen.<\/strong><\/h2><p style=\"font-size: 15px; margin-bottom: 1.75em;\">Kaikki live-stream-pro.com-sivuston k\u00e4ytt\u00f6\u00e4 koskevat riidat ovat Ranskan lain alaisia. Yksinomainen toimivalta my\u00f6nnet\u00e4\u00e4n Pariisin toimivaltaisille tuomioistuimille.<\/p><h2><strong>10. P\u00e4\u00e4asialliset lait.<\/strong><\/h2><p style=\"font-size: 15px; margin-bottom: 1.75em;\">Laki nro 78-17, 6. tammikuuta 1978, erityisesti muutettu 6. elokuuta 2004 annetulla lailla nro 2004-801, joka koskee tietojenk\u00e4sittely\u00e4, tiedostoja ja vapauksia.<\/p><p style=\"font-size: 15px; margin-bottom: 1.75em;\">Laki nro 2004-575, 21. kes\u00e4kuuta 2004 luottamuksesta digitaalitalouteen.<\/p><h2><strong>11. Sanasto.<\/strong><\/h2><p style=\"font-size: 15px; margin-bottom: 1.75em;\">K\u00e4ytt\u00e4j\u00e4: Internet-k\u00e4ytt\u00e4j\u00e4 muodostaa yhteyden k\u00e4ytt\u00e4m\u00e4ll\u00e4 yll\u00e4 mainittua sivustoa.<\/p><p style=\"font-size: 15px; margin-bottom: 1.75em;\">Henkil\u00f6tiedot: &quot;tiedot, jotka mahdollistavat miss\u00e4 tahansa muodossa suoraan tai v\u00e4lillisesti niiden luonnollisten henkil\u00f6iden tunnistamisen, joita ne koskevat&quot; (6. tammikuuta 1978 annetun lain nro 78-17 \u00a7 4).<\/p><\/div>\t\t\t\t\t\t\t\t<\/div>\n\t\t\t\t<\/div>\n\t\t\t\t\t<\/div>\n\t\t<\/div>\n\t\t\t\t\t<\/div>\n\t\t<\/section>\n\t\t\t\t<\/div>","protected":false},"excerpt":{"rendered":"<p>Mentions L\u00e9gales \u00a0 1. Pr\u00e9sentation du site En vertu de l\u2019article 6 de la loi n\u00b0 2004-575 du 21 juin [&hellip;]<\/p>\n","protected":false},"author":1,"featured_media":0,"parent":0,"menu_order":0,"comment_status":"closed","ping_status":"closed","template":"","meta":{"_seopress_robots_primary_cat":"","_seopress_titles_title":"","_seopress_titles_desc":"","_seopress_robots_index":"","site-sidebar-layout":"no-sidebar","site-content-layout":"page-builder","ast-site-content-layout":"default","site-content-style":"default","site-sidebar-style":"default","ast-global-header-display":"","ast-banner-title-visibility":"","ast-main-header-display":"","ast-hfb-above-header-display":"","ast-hfb-below-header-display":"","ast-hfb-mobile-header-display":"","site-post-title":"disabled","ast-breadcrumbs-content":"","ast-featured-img":"disabled","footer-sml-layout":"","ast-disable-related-posts":"","theme-transparent-header-meta":"","adv-header-id-meta":"","stick-header-meta":"","header-above-stick-meta":"","header-main-stick-meta":"","header-below-stick-meta":"","astra-migrate-meta-layouts":"set","ast-page-background-enabled":"default","ast-page-background-meta":{"desktop":{"background-color":"","background-image":"","background-repeat":"repeat","background-position":"center center","background-size":"auto","background-attachment":"scroll","background-type":"","background-media":"","overlay-type":"","overlay-color":"","overlay-opacity":"","overlay-gradient":""},"tablet":{"background-color":"","background-image":"","background-repeat":"repeat","background-position":"center center","background-size":"auto","background-attachment":"scroll","background-type":"","background-media":"","overlay-type":"","overlay-color":"","overlay-opacity":"","overlay-gradient":""},"mobile":{"background-color":"","background-image":"","background-repeat":"repeat","background-position":"center center","background-size":"auto","background-attachment":"scroll","background-type":"","background-media":"","overlay-type":"","overlay-color":"","overlay-opacity":"","overlay-gradient":""}},"ast-content-background-meta":{"desktop":{"background-color":"var(--ast-global-color-5)","background-image":"","background-repeat":"repeat","background-position":"center center","background-size":"auto","background-attachment":"scroll","background-type":"","background-media":"","overlay-type":"","overlay-color":"","overlay-opacity":"","overlay-gradient":""},"tablet":{"background-color":"var(--ast-global-color-5)","background-image":"","background-repeat":"repeat","background-position":"center center","background-size":"auto","background-attachment":"scroll","background-type":"","background-media":"","overlay-type":"","overlay-color":"","overlay-opacity":"","overlay-gradient":""},"mobile":{"background-color":"var(--ast-global-color-5)","background-image":"","background-repeat":"repeat","background-position":"center center","background-size":"auto","background-attachment":"scroll","background-type":"","background-media":"","overlay-type":"","overlay-color":"","overlay-opacity":"","overlay-gradient":""}},"footnotes":""},"class_list":["post-676","page","type-page","status-publish","hentry"],"_links":{"self":[{"href":"https:\/\/live-stream-pro.com\/fi\/wp-json\/wp\/v2\/pages\/676","targetHints":{"allow":["GET"]}}],"collection":[{"href":"https:\/\/live-stream-pro.com\/fi\/wp-json\/wp\/v2\/pages"}],"about":[{"href":"https:\/\/live-stream-pro.com\/fi\/wp-json\/wp\/v2\/types\/page"}],"author":[{"embeddable":true,"href":"https:\/\/live-stream-pro.com\/fi\/wp-json\/wp\/v2\/users\/1"}],"replies":[{"embeddable":true,"href":"https:\/\/live-stream-pro.com\/fi\/wp-json\/wp\/v2\/comments?post=676"}],"version-history":[{"count":0,"href":"https:\/\/live-stream-pro.com\/fi\/wp-json\/wp\/v2\/pages\/676\/revisions"}],"wp:attachment":[{"href":"https:\/\/live-stream-pro.com\/fi\/wp-json\/wp\/v2\/media?parent=676"}],"curies":[{"name":"wp","href":"https:\/\/api.w.org\/{rel}","templated":true}]}}