{"id":672,"date":"2022-07-11T18:12:41","date_gmt":"2022-07-11T18:12:41","guid":{"rendered":"https:\/\/darkorchid-viper-707018.hostingersite.com\/?page_id=672"},"modified":"2025-04-13T23:22:36","modified_gmt":"2025-04-13T22:22:36","slug":"privacy-policy","status":"publish","type":"page","link":"https:\/\/live-stream-pro.com\/it\/politica-sulla-riservatezza\/","title":{"rendered":"Informativa sulla privacy"},"content":{"rendered":"<div data-elementor-type=\"wp-page\" data-elementor-id=\"672\" class=\"elementor elementor-672\" data-elementor-post-type=\"page\">\n\t\t\t\t\t\t<section class=\"elementor-section elementor-top-section elementor-element elementor-element-7af476d elementor-section-boxed elementor-section-height-default elementor-section-height-default\" data-id=\"7af476d\" data-element_type=\"section\" data-e-type=\"section\">\n\t\t\t\t\t\t<div class=\"elementor-container elementor-column-gap-default\">\n\t\t\t\t\t<div class=\"elementor-column elementor-col-100 elementor-top-column elementor-element elementor-element-0cff594\" data-id=\"0cff594\" data-element_type=\"column\" data-e-type=\"column\">\n\t\t\t<div class=\"elementor-widget-wrap elementor-element-populated\">\n\t\t\t\t\t\t<div class=\"elementor-element elementor-element-277604e elementor-widget elementor-widget-heading\" data-id=\"277604e\" data-element_type=\"widget\" data-e-type=\"widget\" data-widget_type=\"heading.default\">\n\t\t\t\t<div class=\"elementor-widget-container\">\n\t\t\t\t\t<h1 class=\"elementor-heading-title elementor-size-default\">Informativa sulla privacy <\/h1>\t\t\t\t<\/div>\n\t\t\t\t<\/div>\n\t\t\t\t<div class=\"elementor-element elementor-element-61f349f elementor-widget elementor-widget-text-editor\" data-id=\"61f349f\" data-element_type=\"widget\" data-e-type=\"widget\" data-widget_type=\"text-editor.default\">\n\t\t\t\t<div class=\"elementor-widget-container\">\n\t\t\t\t\t\t\t\t\t<h2><strong>\u00a0<\/strong><\/h2><h2><strong>Chi siamo noi ?<\/strong><\/h2><p>L&#039;indirizzo del nostro sito web \u00e8: https:\/\/darkorchid-viper-707018.hostingersite.com<\/p><ul><li>Soci\u00e9t\u00e9 :<span class=\"Apple-converted-space\"> Brand Success &#8211; 78 avenue des Champs Elys\u00e9es &#8211; Bureau 562 &#8211; 75008 Paris &#8211; France.\u00a0<\/span><\/li><li>N\u00b0 de T\u00e9l\u00e9phone : +187722956001<\/li><li>Adresse mail : contact@darkorchid-viper-707018.hostingersite.com<\/li><li>Num\u00e9ro de l&rsquo;entreprise : 83353766500022<\/li><\/ul><p>Puoi contattarci al seguente indirizzo email: contact@darkorchid-viper-707018.hostingersite.com<\/p><h2><strong>Utilizzo dei dati personali raccolti<\/strong><\/h2><p>Per qualsiasi ordine effettuato o creazione di un account, accetti di ricevere offerte e promozioni via e-mail e\/o telefono.<\/p><h2><strong>Commenti<\/strong><\/h2><p>Quando lasci un commento sul nostro sito web, i dati inseriti nel modulo dei commenti, ma anche il tuo indirizzo IP e lo user agent del tuo browser vengono raccolti per aiutarci a rilevare commenti indesiderati.<\/p><p>Una stringa anonima creata dal tuo indirizzo email (chiamata anche hash) pu\u00f2 essere inviata al servizio Gravatar per verificare se lo stai utilizzando. Le disposizioni sulla riservatezza del servizio Gravatar sono disponibili qui: https:\/\/automattic.com\/privacy\/. Dopo la convalida del tuo commento, la foto del tuo profilo sar\u00e0 visibile pubblicamente accanto al tuo commento.<\/p><h2><strong>Media<\/strong><\/h2><p>Se sei un utente registrato e carichi immagini sul Sito, ti consigliamo di evitare di caricare immagini che contengono dati di coordinate GPS EXIF. I visitatori del tuo sito web possono scaricare ed estrarre dati sulla posizione da queste immagini.<\/p><h2><strong>Moduli di contatto<\/strong><\/h2><p>Pour nous contacter, veuillez nous \u00e9crire \u00e0 l&rsquo;adresse contact@darkorchid-viper-707018.hostingersite.com ou par courrier \u00e0 <span class=\"Apple-converted-space\">Brand Success<\/span> &#8211; 78, Avenue des Champs-\u00c9lys\u00e9es, Bureau 562, 75008 Paris &#8211; France<\/p><h2><strong>Biscotti<\/strong><\/h2><p>Se lasci un commento sul nostro sito, potresti salvare il tuo nome, indirizzo email e sito web nei cookie. Questo \u00e8 solo per la tua comodit\u00e0 in modo che tu non debba inserire queste informazioni se lasci un altro commento in seguito. Questi cookie scadono dopo un anno.<\/p><p>Se vai alla pagina di accesso, verr\u00e0 creato un cookie temporaneo per determinare se il tuo browser accetta i cookie. Non contiene dati personali e verr\u00e0 cancellato automaticamente alla chiusura del browser.<\/p><p>Quando accedi, imposteremo una serie di cookie per salvare le tue informazioni di accesso e le preferenze dello schermo. La durata di un cookie di connessione \u00e8 di due giorni, quella di un cookie di opzione dello schermo \u00e8 di un anno. Se selezioni \u201cRicordami\u201d, il tuo cookie di accesso verr\u00e0 conservato per due settimane. Se esci dal tuo account, il cookie di accesso verr\u00e0 eliminato.<\/p><p>Modificando o pubblicando un post, un cookie aggiuntivo verr\u00e0 memorizzato nel tuo browser. Questo cookie non include alcun dato personale. Mostra semplicemente l&#039;ID del post che hai appena modificato. Scade dopo un giorno.<\/p><h2><strong>Contenuti incorporati da altri siti<\/strong><\/h2><p>Gli articoli su questo sito possono includere contenuti incorporati (ad esempio video, immagini, articoli, ecc.). Il contenuto incorporato da altri siti si comporta come se il visitatore si recasse su quell&#039;altro sito.<\/p><p>Questi siti Web potrebbero raccogliere dati su di te, utilizzare cookie, incorporare strumenti di tracciamento di terze parti, tracciare le tue interazioni con questo contenuto incorporato se disponi di un account collegato al loro sito Web.<\/p><h2><strong>Statistiche e misurazioni del pubblico<\/strong><\/h2><p>Utilizziamo tecnologie, come i cookie, per personalizzare contenuti e pubblicit\u00e0, fornire funzionalit\u00e0 dei social media e analizzare il traffico del sito. Condividiamo informazioni sul tuo utilizzo del sito con i nostri fidati partner di social media, pubblicit\u00e0 e analisi.<\/p><p>Per misurare alcune statistiche legate ai diversi percorsi dei clienti, utilizziamo Google Analytics, puoi consultare la loro privacy policy al seguente indirizzo: <a href=\"https:\/\/policies.google.com\/privacy?hl=fr\">https:\/\/policies.google.com\/privacy?hl=fr<\/a>\u00a0.<\/p><p>Utilizziamo anche il pixel di Facebook, puoi consultare la loro privacy policy al seguente indirizzo: <a href=\"https:\/\/www.facebook.com\/payments_terms\/privacy\">https:\/\/www.facebook.com\/payments_terms\/privacy\u00a0<\/a><\/p><h2><strong>Tempi di conservazione dei tuoi dati<\/strong><\/h2><p>Se lasci un commento, il commento e i relativi metadati vengono conservati a tempo indeterminato. Ci\u00f2 consente ai commenti successivi di essere riconosciuti e approvati automaticamente invece di lasciarli nella coda di moderazione.<\/p><p>Per gli utenti che si registrano sul nostro sito (se possibile), memorizziamo anche i dati personali indicati nel loro profilo. Tutti gli utenti possono visualizzare, modificare o cancellare le proprie informazioni personali in qualsiasi momento (eccetto il proprio nome utente). I gestori del sito possono anche visualizzare e modificare queste informazioni.<\/p><h2><strong>I diritti che hai sui tuoi dati<\/strong><\/h2><p>Se hai un account o hai lasciato commenti sul sito, puoi richiedere di ricevere un file contenente tutti i dati personali che abbiamo su di te, compresi quelli che ci hai fornito. Puoi anche richiedere la cancellazione dei dati personali che ti riguardano. Ci\u00f2 non tiene conto dei dati archiviati per scopi amministrativi, legali o di sicurezza.<\/p><h2><strong>Trasmissione dei tuoi dati personali<\/strong><\/h2><p>I commenti dei visitatori possono essere controllati utilizzando un servizio di rilevamento automatico dei commenti spam.<\/p><h2><strong>Informazioni sui contatti<\/strong><\/h2><p>Vous pouvez nous contacter par mail \u00e0 l&rsquo;adresse suivante : contact@darkorchid-viper-707018.hostingersite.com ou par courrier \u00e0 <span class=\"Apple-converted-space\">Brand Success<\/span> &#8211; 78, Avenue des Champs-\u00c9lys\u00e9es, Bureau 562, 75008 Paris &#8211; France<\/p><h2><strong>Cosa raccogliamo e conserviamo<\/strong><\/h2><p>Durante la tua visita al sito, tracciamo:<\/p><ul><li>Prodotti che hai visualizzato: li utilizziamo, ad esempio, per visualizzare i prodotti che hai visualizzato di recente<\/li><li>Posizione, indirizzo IP e tipo di browser: li utilizziamo per stimare tasse e costi di consegna<\/li><li>Indirizzo di consegna: ti chiederemo di inserirlo per stimare i costi di consegna prima di effettuare l&#039;ordine e per inviarti l&#039;ordine!<\/li><\/ul><p>Utilizziamo i cookie per tenere traccia del contenuto del carrello mentre navighi nel nostro sito.<\/p><p>Quando acquisti dal nostro sito web, ti chiederemo di fornire informazioni tra cui nome, indirizzo di fatturazione, indirizzo di consegna, indirizzo e-mail, numero di telefono, dettagli di pagamento\/carta di credito ed eventualmente dettagli dell&#039;account come nome utente e password. Queste informazioni verranno utilizzate per:<\/p><ul><li>Invio di informazioni sul tuo account e ordine<\/li><li>Rispondere alle richieste, inclusi rimborsi e reclami<\/li><li>Elaborazione dei pagamenti e prevenzione delle frodi<\/li><li>Configurez votre compte pour notre boutique<\/li><li>Rispettare eventuali obblighi legali, come il calcolo delle tasse<\/li><li>Migliora le offerte del nostro negozio<\/li><li>Inviarti messaggi di marketing, se scegli di riceverli<\/li><\/ul><p>Se crei un account, memorizziamo il tuo nome, indirizzo, email e numero di telefono, che verranno utilizzati per precompilare la convalida dell&#039;ordine per ordini futuri.<\/p><p>Nous stockons g\u00e9n\u00e9ralement vos informations aussi longtemps que nous en avons besoin pour l&rsquo;usage pour lequel nous les collectons et utilisons, et nous ne sommes pas oblig\u00e9s l\u00e9galement de conitnuer \u00e0 les conserver. Par exemple, nous stockons les informations de commande pour 2 ann\u00e9es pour les taxes et la comptabilit\u00e9. Ceci inclut votre nom, adresse de messagerie et adresses de facturation et livraison.<\/p><p>Memorizziamo anche commenti o recensioni, se scegli di inviarli.<\/p><h2><strong>Chi nel nostro team ha accesso ai dati<\/strong><\/h2><p>I membri del nostro team hanno accesso alle informazioni che ci fornisci. Ad esempio, gli amministratori e i gestori del negozio hanno accesso a:<\/p><ul><li>Informazioni sull&#039;ordine, ad esempio cosa \u00e8 stato acquistato, quando e dove deve essere inviato e<\/li><li>Informazioni sul cliente come nome, indirizzo e-mail e informazioni di fatturazione e spedizione.<\/li><\/ul><p>Il nostro team ha accesso a queste informazioni per elaborare gli ordini, emettere rimborsi e supportarti.<\/p><h2><strong>Ci\u00f2 che condividiamo con gli altri<\/strong><\/h2><p>Condividiamo i dati con terze parti che ci aiutano a gestire i nostri ordini e i servizi del negozio; Stripe che \u00e8 un servizio di pagamento con carta di credito e PayPal che \u00e8 un gateway di pagamento.<\/p><h3><strong>Pagamenti<\/strong><\/h3><p>Accettiamo pagamenti tramite PayPal e Stripe. Durante l&#039;elaborazione dei pagamenti, alcuni dati verranno trasmessi a PayPal o Stripe, comprese le informazioni necessarie per completare il pagamento, come l&#039;importo totale o le informazioni di fatturazione.<\/p><p>Si prega di leggere il <a href=\"https:\/\/www.paypal.com\/us\/webapps\/mpp\/ua\/privacy-full\">Informativa sulla privacy di PayPal<\/a> per ulteriori dettagli.<\/p><p>Si prega di leggere il <a href=\"https:\/\/stripe.com\/fr\/privacy\">Informativa sulla privacy di Stripe<\/a> per ulteriori dettagli.<\/p>\t\t\t\t\t\t\t\t<\/div>\n\t\t\t\t<\/div>\n\t\t\t\t\t<\/div>\n\t\t<\/div>\n\t\t\t\t\t<\/div>\n\t\t<\/section>\n\t\t\t\t<\/div>","protected":false},"excerpt":{"rendered":"<p>Politique de Confidentialit\u00e9 \u00a0 Qui sommes-nous\u00a0? L&rsquo;adresse de notre site Web est\u00a0: https:\/\/darkorchid-viper-707018.hostingersite.com Soci\u00e9t\u00e9 : Brand Success &#8211; 78 avenue [&hellip;]<\/p>\n","protected":false},"author":1,"featured_media":0,"parent":0,"menu_order":0,"comment_status":"closed","ping_status":"closed","template":"","meta":{"_seopress_robots_primary_cat":"","_seopress_titles_title":"","_seopress_titles_desc":"","_seopress_robots_index":"","site-sidebar-layout":"no-sidebar","site-content-layout":"page-builder","ast-site-content-layout":"default","site-content-style":"default","site-sidebar-style":"default","ast-global-header-display":"","ast-banner-title-visibility":"","ast-main-header-display":"","ast-hfb-above-header-display":"","ast-hfb-below-header-display":"","ast-hfb-mobile-header-display":"","site-post-title":"disabled","ast-breadcrumbs-content":"","ast-featured-img":"disabled","footer-sml-layout":"","ast-disable-related-posts":"","theme-transparent-header-meta":"","adv-header-id-meta":"","stick-header-meta":"","header-above-stick-meta":"","header-main-stick-meta":"","header-below-stick-meta":"","astra-migrate-meta-layouts":"set","ast-page-background-enabled":"default","ast-page-background-meta":{"desktop":{"background-color":"","background-image":"","background-repeat":"repeat","background-position":"center center","background-size":"auto","background-attachment":"scroll","background-type":"","background-media":"","overlay-type":"","overlay-color":"","overlay-opacity":"","overlay-gradient":""},"tablet":{"background-color":"","background-image":"","background-repeat":"repeat","background-position":"center center","background-size":"auto","background-attachment":"scroll","background-type":"","background-media":"","overlay-type":"","overlay-color":"","overlay-opacity":"","overlay-gradient":""},"mobile":{"background-color":"","background-image":"","background-repeat":"repeat","background-position":"center center","background-size":"auto","background-attachment":"scroll","background-type":"","background-media":"","overlay-type":"","overlay-color":"","overlay-opacity":"","overlay-gradient":""}},"ast-content-background-meta":{"desktop":{"background-color":"var(--ast-global-color-5)","background-image":"","background-repeat":"repeat","background-position":"center center","background-size":"auto","background-attachment":"scroll","background-type":"","background-media":"","overlay-type":"","overlay-color":"","overlay-opacity":"","overlay-gradient":""},"tablet":{"background-color":"var(--ast-global-color-5)","background-image":"","background-repeat":"repeat","background-position":"center center","background-size":"auto","background-attachment":"scroll","background-type":"","background-media":"","overlay-type":"","overlay-color":"","overlay-opacity":"","overlay-gradient":""},"mobile":{"background-color":"var(--ast-global-color-5)","background-image":"","background-repeat":"repeat","background-position":"center center","background-size":"auto","background-attachment":"scroll","background-type":"","background-media":"","overlay-type":"","overlay-color":"","overlay-opacity":"","overlay-gradient":""}},"footnotes":""},"class_list":["post-672","page","type-page","status-publish","hentry"],"_links":{"self":[{"href":"https:\/\/live-stream-pro.com\/it\/wp-json\/wp\/v2\/pages\/672","targetHints":{"allow":["GET"]}}],"collection":[{"href":"https:\/\/live-stream-pro.com\/it\/wp-json\/wp\/v2\/pages"}],"about":[{"href":"https:\/\/live-stream-pro.com\/it\/wp-json\/wp\/v2\/types\/page"}],"author":[{"embeddable":true,"href":"https:\/\/live-stream-pro.com\/it\/wp-json\/wp\/v2\/users\/1"}],"replies":[{"embeddable":true,"href":"https:\/\/live-stream-pro.com\/it\/wp-json\/wp\/v2\/comments?post=672"}],"version-history":[{"count":0,"href":"https:\/\/live-stream-pro.com\/it\/wp-json\/wp\/v2\/pages\/672\/revisions"}],"wp:attachment":[{"href":"https:\/\/live-stream-pro.com\/it\/wp-json\/wp\/v2\/media?parent=672"}],"curies":[{"name":"wp","href":"https:\/\/api.w.org\/{rel}","templated":true}]}}