{"id":676,"date":"2022-07-11T18:22:23","date_gmt":"2022-07-11T18:22:23","guid":{"rendered":"https:\/\/darkorchid-viper-707018.hostingersite.com\/?page_id=676"},"modified":"2025-04-13T23:22:49","modified_gmt":"2025-04-13T22:22:49","slug":"legal-notice","status":"publish","type":"page","link":"https:\/\/live-stream-pro.com\/it\/avviso-legale\/","title":{"rendered":"Informazioni legali"},"content":{"rendered":"<div data-elementor-type=\"wp-page\" data-elementor-id=\"676\" class=\"elementor elementor-676\" data-elementor-post-type=\"page\">\n\t\t\t\t\t\t<section class=\"elementor-section elementor-top-section elementor-element elementor-element-741fece elementor-section-boxed elementor-section-height-default elementor-section-height-default\" data-id=\"741fece\" data-element_type=\"section\" data-e-type=\"section\">\n\t\t\t\t\t\t<div class=\"elementor-container elementor-column-gap-default\">\n\t\t\t\t\t<div class=\"elementor-column elementor-col-100 elementor-top-column elementor-element elementor-element-ebdb51c\" data-id=\"ebdb51c\" data-element_type=\"column\" data-e-type=\"column\">\n\t\t\t<div class=\"elementor-widget-wrap elementor-element-populated\">\n\t\t\t\t\t\t<div class=\"elementor-element elementor-element-9bddc5e elementor-widget elementor-widget-heading\" data-id=\"9bddc5e\" data-element_type=\"widget\" data-e-type=\"widget\" data-widget_type=\"heading.default\">\n\t\t\t\t<div class=\"elementor-widget-container\">\n\t\t\t\t\t<h1 class=\"elementor-heading-title elementor-size-default\">Informazioni legali<\/h1>\t\t\t\t<\/div>\n\t\t\t\t<\/div>\n\t\t\t\t<div class=\"elementor-element elementor-element-87670af elementor-widget elementor-widget-text-editor\" data-id=\"87670af\" data-element_type=\"widget\" data-e-type=\"widget\" data-widget_type=\"text-editor.default\">\n\t\t\t\t<div class=\"elementor-widget-container\">\n\t\t\t\t\t\t\t\t\t<h2><strong>\u00a0<\/strong><\/h2><h2><strong>1. Presentazione del sito<\/strong><\/h2><div style=\"caret-color: #7a7a7a; color: #7a7a7a; font-size: 15px;\"><p style=\"font-size: 15px; margin-bottom: 1.75em;\">Ai sensi dell&#039;articolo 6 della legge n. 2004-575 del 21 giugno 2004 per la fiducia nell&#039;economia digitale, gli utenti del sito live-stream-pro.com sono informati dell&#039;identit\u00e0 dei diversi partecipanti al quadro per la sua attuazione e monitoraggio :<\/p><p style=\"font-size: 15px; margin-bottom: 1.75em;\"><strong>Proprietario<\/strong> :<\/p><ul><li>Soci\u00e9t\u00e9 :<span class=\"Apple-converted-space\"> Brand Success &#8211; 78 avenue des Champs Elys\u00e9es &#8211; Bureau 562 &#8211; 75008 Paris &#8211; France.\u00a0<\/span><\/li><li>N\u00b0 de T\u00e9l\u00e9phone : +187722956001<\/li><li>Adresse mail : contact@darkorchid-viper-707018.hostingersite.com<\/li><li>Num\u00e9ro de l\u2019entreprise : 83353766500022<\/li><\/ul><p style=\"font-size: 15px; margin-bottom: 1.75em;\"><span style=\"font-style: inherit; color: var( --e-global-color-text ); font-family: var( --e-global-typography-text-font-family ), Sans-serif;\">Il responsabile della pubblicazione \u00e8 una persona fisica o giuridica.<\/span><\/p><p style=\"font-size: 15px; margin-bottom: 1.75em;\"><strong>Ospite<\/strong>\u00a0:\u00a0<em>OVH<\/em>\u00a0SAS: 2 rue Kellermann \u2013 BP 80157 59053 ROUBAIX CEDEX 1<\/p><h2><strong>2. Condizioni generali di utilizzo del sito e dei servizi offerti.<\/strong><\/h2><p style=\"font-size: 15px; margin-bottom: 1.75em;\">L&#039;utilizzo del sito live-stream-pro.com implica la piena accettazione delle condizioni generali di utilizzo di seguito descritte. Le presenti condizioni d&#039;uso possono essere modificate o integrate in qualsiasi momento, gli utenti del sito live-stream-pro.com sono pertanto invitati a consultarle regolarmente.<\/p><p style=\"font-size: 15px; margin-bottom: 1.75em;\">Ce site est normalement accessible \u00e0 tout moment aux utilisateurs. Une interruption pour raison de maintenance technique peut \u00eatre toutefois d\u00e9cid\u00e9e par <span class=\"Apple-converted-space\">Brand Success<\/span>, qui s\u2019efforcera alors de communiquer pr\u00e9alablement aux utilisateurs les dates et heures de l\u2019intervention.<\/p><p style=\"font-size: 15px; margin-bottom: 1.75em;\">Il sito web live-stream-pro.com<a style=\"color: #547dd3;\" href=\"https:\/\/rocket-marketing.eu\/\">\u00a0<\/a>est mis \u00e0 jour r\u00e9guli\u00e8rement par <span class=\"Apple-converted-space\">Brand Success<\/span>. De la m\u00eame fa\u00e7on, les mentions l\u00e9gales peuvent \u00eatre modifi\u00e9es \u00e0 tout moment : elles s\u2019imposent n\u00e9anmoins \u00e0 l\u2019utilisateur qui est invit\u00e9 \u00e0 s\u2019y r\u00e9f\u00e9rer le plus souvent possible afin d\u2019en prendre connaissance.<\/p><h2><strong>3. Descrizione dei servizi forniti.<\/strong><\/h2><p style=\"font-size: 15px; margin-bottom: 1.75em;\">Il sito live-stream-pro.com ha lo scopo di fornire informazioni riguardanti tutte le attivit\u00e0 dell&#039;azienda.<\/p><p style=\"font-size: 15px; margin-bottom: 1.75em;\"><span class=\"Apple-converted-space\">Brand Success<\/span> s\u2019efforce de fournir sur le site live-stream-pro.com des informations aussi pr\u00e9cises que possible. Toutefois, il ne pourra \u00eatre tenue responsable des omissions, des inexactitudes et des carences dans la mise \u00e0 jour, qu\u2019elles soient de son fait ou du fait des tiers partenaires qui lui fournissent ces informations.<\/p><p style=\"font-size: 15px; margin-bottom: 1.75em;\">Tutte le informazioni indicate sul sito live-stream-pro.com sono fornite solo a scopo informativo e sono soggette a modifiche. Inoltre, le informazioni presenti sul sito live-stream-pro.com non sono esaustive. Vengono forniti soggetti a modifiche apportate da quando sono stati messi online.<\/p><h2><strong>4. Limitazioni contrattuali sui dati tecnici.<\/strong><\/h2><p style=\"font-size: 15px; margin-bottom: 1.75em;\">Il sito utilizza la tecnologia JavaScript.<\/p><p style=\"font-size: 15px; margin-bottom: 1.75em;\">Il sito web non potr\u00e0 essere ritenuto responsabile per danni materiali legati all&#039;utilizzo del sito. Inoltre, l&#039;utente del sito si impegna ad accedere al sito utilizzando apparecchiature recenti, non contenenti virus e con un browser aggiornato di ultima generazione.<\/p><h2><strong>5. Propriet\u00e0 intellettuale e contraffazione.<\/strong><\/h2><p style=\"font-size: 15px; margin-bottom: 1.75em;\"><span class=\"Apple-converted-space\">Brand Success<\/span> est propri\u00e9taire des droits de propri\u00e9t\u00e9 intellectuelle ou d\u00e9tient les droits d\u2019usage sur tous les \u00e9l\u00e9ments accessibles sur le site, notamment les textes, images, graphismes, logo, ic\u00f4nes, sons, logiciels.<\/p><p style=\"font-size: 15px; margin-bottom: 1.75em;\">Toute reproduction, repr\u00e9sentation, modification, publication, adaptation de tout ou partie des \u00e9l\u00e9ments du site, quel que soit le moyen ou le proc\u00e9d\u00e9 utilis\u00e9, est interdite, sauf autorisation \u00e9crite pr\u00e9alable de la soci\u00e9t\u00e9 <span class=\"Apple-converted-space\">Brand Success<\/span>.<\/p><p style=\"font-size: 15px; margin-bottom: 1.75em;\">Qualsiasi utilizzo non autorizzato del sito o di uno qualsiasi degli elementi in esso contenuti sar\u00e0 considerato una violazione e perseguito ai sensi delle disposizioni degli articoli L.335-2 e seguenti del Codice della propriet\u00e0 intellettuale.<\/p><h2><strong>6. Limitazioni di responsabilit\u00e0.<\/strong><\/h2><p style=\"font-size: 15px; margin-bottom: 1.75em;\"><span class=\"Apple-converted-space\">Brand Success<\/span> ne pourra \u00eatre tenue responsable des dommages directs et indirects caus\u00e9s au mat\u00e9riel de l\u2019utilisateur, lors de l\u2019acc\u00e8s au site live-stream-pro.com, et r\u00e9sultant soit de l\u2019utilisation d\u2019un mat\u00e9riel ne r\u00e9pondant pas aux sp\u00e9cifications indiqu\u00e9es au point 4, soit de l\u2019apparition d\u2019un bug ou d\u2019une incompatibilit\u00e9.<\/p><p style=\"font-size: 15px; margin-bottom: 1.75em;\"><span class=\"Apple-converted-space\">Brand Success<\/span> ne pourra \u00e9galement \u00eatre tenue responsable des dommages indirects (tels par exemple qu\u2019une perte de march\u00e9 ou perte d\u2019une chance) cons\u00e9cutifs \u00e0 l\u2019utilisation du site <span style=\"background-color: var(--ast-global-color-2);\">live-stream-pro.com<\/span><\/p><p style=\"font-size: 15px; margin-bottom: 1.75em;\">Des espaces interactifs (possibilit\u00e9 de poser des questions dans l\u2019espace contact) sont \u00e0 la disposition des utilisateurs. <span class=\"Apple-converted-space\">Brand Success<\/span> se r\u00e9serve le droit de supprimer, sans mise en demeure pr\u00e9alable, tout contenu d\u00e9pos\u00e9 dans cet espace qui contreviendrait \u00e0 la l\u00e9gislation applicable en France, en particulier aux dispositions relatives \u00e0 la protection des donn\u00e9es.\u00a0<\/p><p style=\"font-size: 15px; margin-bottom: 1.75em;\">Le cas \u00e9ch\u00e9ant, <span class=\"Apple-converted-space\">Brand Success <\/span>se r\u00e9serve \u00e9galement la possibilit\u00e9 de mettre en cause la responsabilit\u00e9 civile et\/ou p\u00e9nale de l\u2019utilisateur, notamment en cas de message \u00e0 caract\u00e8re raciste, injurieux, diffamant, ou pornographique, quel que soit le support utilis\u00e9 (texte, photographie\u2026).<\/p><h2><strong>7. Gestione dei dati personali.<\/strong><\/h2><p style=\"font-size: 15px; margin-bottom: 1.75em;\">In Francia, i dati personali sono protetti in particolare dalla legge n. 78-87 del 6 gennaio 1978, dalla legge n. 2004-801 del 6 agosto 2004, dall&#039;articolo L. 226-13 del Codice penale e dalla Direttiva europea del 24 ottobre , 1995.<\/p><p style=\"font-size: 15px; margin-bottom: 1.75em;\">Quando si utilizza il sito live-stream-pro.com, possono essere raccolti: l&#039;URL dei collegamenti attraverso i quali l&#039;utente ha effettuato l&#039;accesso al sito live-stream-pro.com il fornitore di accesso dell&#039;utente, il protocollo Internet (IP) dell&#039;utente indirizzo.<\/p><p style=\"font-size: 15px; margin-bottom: 1.75em;\">En tout \u00e9tat de cause <span class=\"Apple-converted-space\">Brand Success<\/span> ne collecte des informations personnelles relatives \u00e0 l\u2019utilisateur que pour le besoin de certains services propos\u00e9s par le site live-stream-pro.com. L\u2019utilisateur fournit ces informations en toute connaissance de cause, notamment lorsqu\u2019il proc\u00e8de par lui-m\u00eame \u00e0 leur saisie. Il est alors pr\u00e9cis\u00e9 \u00e0 l\u2019utilisateur du site live-stream-pro.com a l\u2019obligation ou non de fournir ces informations.<\/p><p style=\"font-size: 15px; margin-bottom: 1.75em;\">Conformemente alle disposizioni degli articoli 38 e seguenti della legge 78-17 del 6 gennaio 1978 relativa all&#039;informatica, ai file e alle libert\u00e0, ogni utente dispone di un diritto di accesso, rettifica e opposizione ai dati personali che lo riguardano, presentando la sua richiesta scritta richiesta sottoscritta, accompagnata da copia del documento di identit\u00e0 con firma del titolare del documento, specificando l&#039;indirizzo al quale dovr\u00e0 essere inviata la risposta.<\/p><p style=\"font-size: 15px; margin-bottom: 1.75em;\">Aucune information personnelle de l\u2019utilisateur du site live-stream-pro.com n\u2019est publi\u00e9e \u00e0 l\u2019insu de l\u2019utilisateur, \u00e9chang\u00e9e, transf\u00e9r\u00e9e, c\u00e9d\u00e9e ou vendue sur un support quelconque \u00e0 des tiers. Seule l\u2019hypoth\u00e8se du rachat de <span class=\"Apple-converted-space\">Brand Success<\/span> et de ses droits permettrait la transmission des dites informations \u00e0 l\u2019\u00e9ventuel acqu\u00e9reur qui serait \u00e0 son tour tenu de la m\u00eame obligation de conservation et de modification des donn\u00e9es vis \u00e0 vis de l\u2019utilisateur du site\u00a0<span style=\"background-color: var(--ast-global-color-2);\">live-stream-pro.com<\/span><\/p><p style=\"font-size: 15px; margin-bottom: 1.75em;\">Le banche dati sono protette dalle disposizioni della legge del 1 luglio 1998 che recepisce la direttiva 96\/9 dell&#039;11 marzo 1996 relativa alla protezione giuridica delle banche dati.<\/p><h2><strong>8. Collegamenti ipertestuali e cookie.<\/strong><\/h2><p style=\"font-size: 15px; margin-bottom: 1.75em;\">Le site live-stream-pro.com contient un certain nombre de liens hypertextes vers d\u2019autres sites, mis en place avec l\u2019autorisation de <span class=\"Apple-converted-space\">Brand Success<\/span>. Cependant, <span class=\"Apple-converted-space\">Brand Success<\/span> n\u2019a pas la possibilit\u00e9 de v\u00e9rifier le contenu des sites ainsi visit\u00e9s, et n\u2019assumera en cons\u00e9quence aucune responsabilit\u00e9 de ce fait.<\/p><p style=\"font-size: 15px; margin-bottom: 1.75em;\">La navigazione sul sito live-stream-pro.com pu\u00f2 causare l&#039;installazione di cookie sul computer dell&#039;utente. Un cookie \u00e8 un file di piccole dimensioni, che non consente l&#039;identificazione dell&#039;utente, ma che registra informazioni relative alla navigazione di un computer su un sito. I dati cos\u00ec ottenuti hanno lo scopo di facilitare la successiva navigazione sul sito, e hanno anche lo scopo di consentire varie misurazioni del traffico.<\/p><p style=\"font-size: 15px; margin-bottom: 1.75em;\">Rifiutare l&#039;installazione di un cookie pu\u00f2 comportare l&#039;impossibilit\u00e0 di accedere ad alcuni servizi. L&#039;utente pu\u00f2 comunque configurare il proprio computer nel modo seguente per rifiutare l&#039;installazione dei cookie:<\/p><p style=\"font-size: 15px; margin-bottom: 1.75em;\">In Internet Explorer: scheda Strumenti (pittogramma a forma di ingranaggio in alto a destra) \/ Opzioni Internet. Fai clic su Privacy e scegli Blocca tutti i cookie. Convalidare su Ok.<\/p><p style=\"font-size: 15px; margin-bottom: 1.75em;\">In Firefox: nella parte superiore della finestra del browser, fare clic sul pulsante Firefox, quindi andare alla scheda Opzioni. Fare clic sulla scheda Privacy. Imposta le regole di conservazione su: utilizza le impostazioni personalizzate per la cronologia. Infine deselezionalo per disabilitare i cookie.<\/p><p style=\"font-size: 15px; margin-bottom: 1.75em;\">In Safari: fare clic in alto a destra nel browser sul pittogramma del menu (simboleggiato da un ingranaggio). Seleziona Impostazioni. Fai clic su Mostra impostazioni avanzate. Nella sezione \u201cPrivacy\u201d, fai clic su Impostazioni contenuti. Nella sezione \u201cCookie\u201d \u00e8 possibile bloccare i cookie.<\/p><p style=\"font-size: 15px; margin-bottom: 1.75em;\">In Chrome: fare clic in alto a destra nel browser sul pittogramma del menu (simboleggiato da tre linee orizzontali). Seleziona Impostazioni. Fai clic su Mostra impostazioni avanzate. Nella sezione \u201cPrivacy\u201d, fare clic su Preferenze. Nella scheda \u201cPrivacy\u201d \u00e8 possibile bloccare i cookie.<\/p><h2><strong>9. Legge applicabile e attribuzione di giurisdizione.<\/strong><\/h2><p style=\"font-size: 15px; margin-bottom: 1.75em;\">Qualsiasi controversia relativa all&#039;utilizzo del sito live-stream-pro.com \u00e8 soggetta alla legge francese. La giurisdizione esclusiva \u00e8 attribuita ai tribunali competenti di Parigi.<\/p><h2><strong>10. Le principali leggi interessate.<\/strong><\/h2><p style=\"font-size: 15px; margin-bottom: 1.75em;\">Legge n. 78-17 del 6 gennaio 1978, modificata in particolare dalla legge n. 2004-801 del 6 agosto 2004 relativa all&#039;informatica, ai file e alle libert\u00e0.<\/p><p style=\"font-size: 15px; margin-bottom: 1.75em;\">Legge n. 2004-575 del 21 giugno 2004 per la fiducia nell&#039;economia digitale.<\/p><h2><strong>11. Glossario.<\/strong><\/h2><p style=\"font-size: 15px; margin-bottom: 1.75em;\">Utente: utente Internet che si connette utilizzando il suddetto sito.<\/p><p style=\"font-size: 15px; margin-bottom: 1.75em;\">Informazioni personali: \u201cinformazioni che consentono, sotto qualsiasi forma, direttamente o indirettamente, l&#039;identificazione delle persone fisiche a cui si applica\u201d (articolo 4 della legge n. 78-17 del 6 gennaio 1978).<\/p><\/div>\t\t\t\t\t\t\t\t<\/div>\n\t\t\t\t<\/div>\n\t\t\t\t\t<\/div>\n\t\t<\/div>\n\t\t\t\t\t<\/div>\n\t\t<\/section>\n\t\t\t\t<\/div>","protected":false},"excerpt":{"rendered":"<p>Mentions L\u00e9gales \u00a0 1. Pr\u00e9sentation du site En vertu de l\u2019article 6 de la loi n\u00b0 2004-575 du 21 juin [&hellip;]<\/p>\n","protected":false},"author":1,"featured_media":0,"parent":0,"menu_order":0,"comment_status":"closed","ping_status":"closed","template":"","meta":{"_seopress_robots_primary_cat":"","_seopress_titles_title":"","_seopress_titles_desc":"","_seopress_robots_index":"","site-sidebar-layout":"no-sidebar","site-content-layout":"page-builder","ast-site-content-layout":"default","site-content-style":"default","site-sidebar-style":"default","ast-global-header-display":"","ast-banner-title-visibility":"","ast-main-header-display":"","ast-hfb-above-header-display":"","ast-hfb-below-header-display":"","ast-hfb-mobile-header-display":"","site-post-title":"disabled","ast-breadcrumbs-content":"","ast-featured-img":"disabled","footer-sml-layout":"","ast-disable-related-posts":"","theme-transparent-header-meta":"","adv-header-id-meta":"","stick-header-meta":"","header-above-stick-meta":"","header-main-stick-meta":"","header-below-stick-meta":"","astra-migrate-meta-layouts":"set","ast-page-background-enabled":"default","ast-page-background-meta":{"desktop":{"background-color":"","background-image":"","background-repeat":"repeat","background-position":"center center","background-size":"auto","background-attachment":"scroll","background-type":"","background-media":"","overlay-type":"","overlay-color":"","overlay-opacity":"","overlay-gradient":""},"tablet":{"background-color":"","background-image":"","background-repeat":"repeat","background-position":"center center","background-size":"auto","background-attachment":"scroll","background-type":"","background-media":"","overlay-type":"","overlay-color":"","overlay-opacity":"","overlay-gradient":""},"mobile":{"background-color":"","background-image":"","background-repeat":"repeat","background-position":"center center","background-size":"auto","background-attachment":"scroll","background-type":"","background-media":"","overlay-type":"","overlay-color":"","overlay-opacity":"","overlay-gradient":""}},"ast-content-background-meta":{"desktop":{"background-color":"var(--ast-global-color-5)","background-image":"","background-repeat":"repeat","background-position":"center center","background-size":"auto","background-attachment":"scroll","background-type":"","background-media":"","overlay-type":"","overlay-color":"","overlay-opacity":"","overlay-gradient":""},"tablet":{"background-color":"var(--ast-global-color-5)","background-image":"","background-repeat":"repeat","background-position":"center center","background-size":"auto","background-attachment":"scroll","background-type":"","background-media":"","overlay-type":"","overlay-color":"","overlay-opacity":"","overlay-gradient":""},"mobile":{"background-color":"var(--ast-global-color-5)","background-image":"","background-repeat":"repeat","background-position":"center center","background-size":"auto","background-attachment":"scroll","background-type":"","background-media":"","overlay-type":"","overlay-color":"","overlay-opacity":"","overlay-gradient":""}},"footnotes":""},"class_list":["post-676","page","type-page","status-publish","hentry"],"_links":{"self":[{"href":"https:\/\/live-stream-pro.com\/it\/wp-json\/wp\/v2\/pages\/676","targetHints":{"allow":["GET"]}}],"collection":[{"href":"https:\/\/live-stream-pro.com\/it\/wp-json\/wp\/v2\/pages"}],"about":[{"href":"https:\/\/live-stream-pro.com\/it\/wp-json\/wp\/v2\/types\/page"}],"author":[{"embeddable":true,"href":"https:\/\/live-stream-pro.com\/it\/wp-json\/wp\/v2\/users\/1"}],"replies":[{"embeddable":true,"href":"https:\/\/live-stream-pro.com\/it\/wp-json\/wp\/v2\/comments?post=676"}],"version-history":[{"count":0,"href":"https:\/\/live-stream-pro.com\/it\/wp-json\/wp\/v2\/pages\/676\/revisions"}],"wp:attachment":[{"href":"https:\/\/live-stream-pro.com\/it\/wp-json\/wp\/v2\/media?parent=676"}],"curies":[{"name":"wp","href":"https:\/\/api.w.org\/{rel}","templated":true}]}}