{"id":672,"date":"2022-07-11T18:12:41","date_gmt":"2022-07-11T18:12:41","guid":{"rendered":"https:\/\/darkorchid-viper-707018.hostingersite.com\/?page_id=672"},"modified":"2025-04-13T23:22:36","modified_gmt":"2025-04-13T22:22:36","slug":"privacy-policy","status":"publish","type":"page","link":"https:\/\/live-stream-pro.com\/nb\/personvernerklaering\/","title":{"rendered":"Personvernerkl\u00e6ring"},"content":{"rendered":"<div data-elementor-type=\"wp-page\" data-elementor-id=\"672\" class=\"elementor elementor-672\" data-elementor-post-type=\"page\">\n\t\t\t\t\t\t<section class=\"elementor-section elementor-top-section elementor-element elementor-element-7af476d elementor-section-boxed elementor-section-height-default elementor-section-height-default\" data-id=\"7af476d\" data-element_type=\"section\" data-e-type=\"section\">\n\t\t\t\t\t\t<div class=\"elementor-container elementor-column-gap-default\">\n\t\t\t\t\t<div class=\"elementor-column elementor-col-100 elementor-top-column elementor-element elementor-element-0cff594\" data-id=\"0cff594\" data-element_type=\"column\" data-e-type=\"column\">\n\t\t\t<div class=\"elementor-widget-wrap elementor-element-populated\">\n\t\t\t\t\t\t<div class=\"elementor-element elementor-element-277604e elementor-widget elementor-widget-heading\" data-id=\"277604e\" data-element_type=\"widget\" data-e-type=\"widget\" data-widget_type=\"heading.default\">\n\t\t\t\t<div class=\"elementor-widget-container\">\n\t\t\t\t\t<h1 class=\"elementor-heading-title elementor-size-default\">Personvernerkl\u00e6ring <\/h1>\t\t\t\t<\/div>\n\t\t\t\t<\/div>\n\t\t\t\t<div class=\"elementor-element elementor-element-61f349f elementor-widget elementor-widget-text-editor\" data-id=\"61f349f\" data-element_type=\"widget\" data-e-type=\"widget\" data-widget_type=\"text-editor.default\">\n\t\t\t\t<div class=\"elementor-widget-container\">\n\t\t\t\t\t\t\t\t\t<h2><strong>\u00a0<\/strong><\/h2><h2><strong>Hvem er vi ?<\/strong><\/h2><p>Nettstedets adresse er: https:\/\/darkorchid-viper-707018.hostingersite.com<\/p><ul><li>Soci\u00e9t\u00e9 :<span class=\"Apple-converted-space\"> Brand Success &#8211; 78 avenue des Champs Elys\u00e9es &#8211; Bureau 562 &#8211; 75008 Paris &#8211; France.\u00a0<\/span><\/li><li>N\u00b0 de T\u00e9l\u00e9phone : +187722956001<\/li><li>Adresse mail : contact@darkorchid-viper-707018.hostingersite.com<\/li><li>Num\u00e9ro de l&rsquo;entreprise : 83353766500022<\/li><\/ul><p>Du kan kontakte oss p\u00e5 f\u00f8lgende e-postadresse: contact@darkorchid-viper-707018.hostingersite.com<\/p><h2><strong>Bruk av personopplysninger som samles inn<\/strong><\/h2><p>For enhver bestilling eller opprettelse av konto, godtar du \u00e5 motta tilbud og kampanjer via e-post og\/eller telefon.<\/p><h2><strong>Kommentarer<\/strong><\/h2><p>N\u00e5r du legger igjen en kommentar p\u00e5 nettstedet v\u00e5rt, samles dataene inn i kommentarskjemaet, men ogs\u00e5 din IP-adresse og brukeragenten til nettleseren din for \u00e5 hjelpe oss med \u00e5 oppdage u\u00f8nskede kommentarer.<\/p><p>En anonymisert streng opprettet fra e-postadressen din (ogs\u00e5 kalt en hash) kan sendes til Gravatar-tjenesten for \u00e5 sjekke om du bruker den. Konfidensialitetsbestemmelsene til Gravatar-tjenesten er tilgjengelige her: https:\/\/automattic.com\/privacy\/. Etter validering av kommentaren din, vil profilbildet ditt v\u00e6re offentlig synlig ved siden av kommentaren din.<\/p><h2><strong>Media<\/strong><\/h2><p>Hvis du er en registrert bruker og laster opp bilder til nettstedet, anbefaler vi deg \u00e5 unng\u00e5 \u00e5 laste opp bilder som inneholder EXIF-GPS-koordinatdata. Bes\u00f8kende p\u00e5 nettstedet ditt kan laste ned og trekke ut stedsdata fra disse bildene.<\/p><h2><strong>Kontaktskjemaer<\/strong><\/h2><p>Pour nous contacter, veuillez nous \u00e9crire \u00e0 l&rsquo;adresse contact@darkorchid-viper-707018.hostingersite.com ou par courrier \u00e0 <span class=\"Apple-converted-space\">Brand Success<\/span> &#8211; 78, Avenue des Champs-\u00c9lys\u00e9es, Bureau 562, 75008 Paris &#8211; France<\/p><h2><strong>Informasjonskapsler<\/strong><\/h2><p>Hvis du legger igjen en kommentar p\u00e5 siden v\u00e5r, kan du lagre navn, e-postadresse og nettside i informasjonskapsler. Dette er kun for enkelhets skyld, slik at du ikke trenger \u00e5 fylle ut denne informasjonen hvis du legger igjen en kommentar senere. Disse informasjonskapslene utl\u00f8per etter ett \u00e5r.<\/p><p>Hvis du g\u00e5r til p\u00e5loggingssiden, vil det opprettes en midlertidig informasjonskapsel for \u00e5 avgj\u00f8re om nettleseren din godtar informasjonskapsler. Den inneholder ikke personopplysninger og slettes automatisk n\u00e5r du lukker nettleseren.<\/p><p>N\u00e5r du logger inn, vil vi sette en rekke informasjonskapsler for \u00e5 lagre p\u00e5loggingsinformasjonen og skjermpreferansene dine. Levetiden til en tilkoblingsinformasjonskapsel er to dager, den for en skjermalternativinformasjonskapsel er ett \u00e5r. Hvis du krysser av for &quot;Husk meg&quot;, vil p\u00e5loggingsinformasjonskapselen din bli lagret i to uker. Hvis du logger ut av kontoen din, vil p\u00e5loggingsinformasjonskapselen bli slettet.<\/p><p>Ved \u00e5 redigere eller publisere et innlegg, vil en ekstra informasjonskapsel bli lagret i nettleseren din. Denne informasjonskapselen inkluderer ingen personopplysninger. Den viser rett og slett ID-en til innlegget du nettopp redigerte. Den utl\u00f8per etter \u00e9n dag.<\/p><h2><strong>Innhold innebygd fra andre nettsteder<\/strong><\/h2><p>Artikler p\u00e5 dette nettstedet kan inneholde innebygd innhold (f.eks. videoer, bilder, artikler osv.). Innhold som er innebygd fra andre nettsteder, oppf\u00f8rer seg p\u00e5 samme m\u00e5te som om den bes\u00f8kende gikk til det andre nettstedet.<\/p><p>Disse nettstedene kan samle inn data om deg, bruke informasjonskapsler, bygge inn tredjeparts sporingsverkt\u00f8y, spore interaksjonene dine med dette innebygde innholdet hvis du har en konto koblet til nettstedet deres.<\/p><h2><strong>Publikumsstatistikk og m\u00e5linger<\/strong><\/h2><p>Vi bruker teknologier, for eksempel informasjonskapsler, for \u00e5 tilpasse innhold og annonsering, tilby funksjoner for sosiale medier og analysere nettstedstrafikk. Vi deler informasjon om din bruk av nettstedet med v\u00e5re p\u00e5litelige partnere for sosiale medier, reklame og analyse.<\/p><p>For \u00e5 m\u00e5le visse statistikker knyttet til ulike kundereiser, bruker vi Google Analytics, du kan se personvernreglene deres p\u00e5 f\u00f8lgende adresse: <a href=\"https:\/\/policies.google.com\/privacy?hl=fr\">https:\/\/policies.google.com\/privacy?hl=fr<\/a>\u00a0.<\/p><p>Vi bruker ogs\u00e5 Facebook-pikselen, du kan se personvernreglene deres p\u00e5 f\u00f8lgende adresse: <a href=\"https:\/\/www.facebook.com\/payments_terms\/privacy\">https:\/\/www.facebook.com\/payments_terms\/privacy\u00a0<\/a><\/p><h2><strong>Lagringstider for dataene dine<\/strong><\/h2><p>Hvis du legger igjen en kommentar, beholdes kommentaren og dens metadata p\u00e5 ubestemt tid. Dette gj\u00f8r at p\u00e5f\u00f8lgende kommentarer automatisk gjenkjennes og godkjennes i stedet for \u00e5 la dem st\u00e5 i modereringsk\u00f8en.<\/p><p>For brukere som registrerer seg p\u00e5 nettstedet v\u00e5rt (hvis mulig), lagrer vi ogs\u00e5 personopplysningene som er angitt i profilen deres. Alle brukere kan se, endre eller slette sin personlige informasjon n\u00e5r som helst (unntatt brukernavnet). Omr\u00e5deadministratorer kan ogs\u00e5 se og endre denne informasjonen.<\/p><h2><strong>Rettighetene du har over dataene dine<\/strong><\/h2><p>Hvis du har en konto eller har lagt igjen kommentarer p\u00e5 nettstedet, kan du be om \u00e5 motta en fil som inneholder alle personopplysningene vi har om deg, inkludert det du har gitt oss. Du kan ogs\u00e5 be om sletting av personopplysninger om deg. Dette tar ikke hensyn til data som er lagret for administrative, juridiske eller sikkerhetsform\u00e5l.<\/p><h2><strong>Overf\u00f8ring av dine personlige data<\/strong><\/h2><p>Bes\u00f8kendes kommentarer kan sjekkes ved hjelp av en automatisert spamkommentardeteksjonstjeneste.<\/p><h2><strong>Kontaktinformasjon<\/strong><\/h2><p>Vous pouvez nous contacter par mail \u00e0 l&rsquo;adresse suivante : contact@darkorchid-viper-707018.hostingersite.com ou par courrier \u00e0 <span class=\"Apple-converted-space\">Brand Success<\/span> &#8211; 78, Avenue des Champs-\u00c9lys\u00e9es, Bureau 562, 75008 Paris &#8211; France<\/p><h2><strong>Det vi samler inn og lagrer<\/strong><\/h2><p>Under ditt bes\u00f8k p\u00e5 nettstedet sporer vi:<\/p><ul><li>Produkter du har sett: Vi bruker dem til for eksempel \u00e5 vise produkter du nylig har sett<\/li><li>Plassering, IP-adresse og nettlesertype: vi bruker dem til \u00e5 beregne skatter og leveringskostnader<\/li><li>Leveringsadresse: vi vil be deg om \u00e5 angi den for \u00e5 beregne leveringskostnadene f\u00f8r du legger inn bestillingen, og for \u00e5 sende bestillingen til deg!<\/li><\/ul><p>Vi bruker informasjonskapsler for \u00e5 spore innholdet i handlekurven mens du navigerer p\u00e5 nettstedet v\u00e5rt.<\/p><p>N\u00e5r du kj\u00f8per fra nettstedet v\u00e5rt, vil vi be deg om \u00e5 oppgi informasjon, inkludert navn, faktureringsadresse, leveringsadresse, e-postadresse, telefonnummer, betalings-\/kredittkortdetaljer og muligens kontodetaljer som brukernavn og passord. Denne informasjonen vil bli brukt til \u00e5:<\/p><ul><li>Sender informasjon om din konto og ordre<\/li><li>Svar p\u00e5 foresp\u00f8rsler, inkludert refusjoner og klager<\/li><li>Betalingsbehandling og svindelforebygging<\/li><li>Configurez votre compte pour notre boutique<\/li><li>Overhold eventuelle juridiske forpliktelser, for eksempel \u00e5 beregne skatter<\/li><li>Forbedre v\u00e5re butikktilbud<\/li><li>Send deg markedsf\u00f8ringsmeldinger hvis du velger \u00e5 motta dem<\/li><\/ul><p>Hvis du oppretter en konto, lagrer vi navn, adresse, e-post og telefonnummer, som vil bli brukt til \u00e5 forh\u00e5ndsutfylle ordrevalidering for fremtidige bestillinger.<\/p><p>Nous stockons g\u00e9n\u00e9ralement vos informations aussi longtemps que nous en avons besoin pour l&rsquo;usage pour lequel nous les collectons et utilisons, et nous ne sommes pas oblig\u00e9s l\u00e9galement de conitnuer \u00e0 les conserver. Par exemple, nous stockons les informations de commande pour 2 ann\u00e9es pour les taxes et la comptabilit\u00e9. Ceci inclut votre nom, adresse de messagerie et adresses de facturation et livraison.<\/p><p>Vi lagrer ogs\u00e5 kommentarer eller anmeldelser, hvis du velger \u00e5 sende dem.<\/p><h2><strong>Hvem i teamet v\u00e5rt har tilgang til dataene<\/strong><\/h2><p>V\u00e5re teammedlemmer har tilgang til informasjonen du gir oss. Butikkadministratorer og -administratorer har for eksempel tilgang til:<\/p><ul><li>Bestillingsinformasjon som hva som ble kj\u00f8pt, n\u00e5r og hvor det skal sendes, og<\/li><li>Kundeinformasjon som navn, e-postadresse og fakturerings- og fraktinformasjon.<\/li><\/ul><p>Teamet v\u00e5rt har tilgang til denne informasjonen for \u00e5 behandle bestillinger, utstede refusjoner og st\u00f8tte deg.<\/p><h2><strong>Hva vi deler med andre<\/strong><\/h2><p>Vi deler data med tredjeparter som hjelper oss med \u00e5 administrere v\u00e5re bestillinger og butikktjenester; Stripe som er en kredittkortbetalingstjeneste og PayPal som er en betalingsgateway.<\/p><h3><strong>Betalinger<\/strong><\/h3><p>Vi aksepterer betaling med PayPal og Stripe. Ved behandling av betalinger vil visse data bli overf\u00f8rt til PayPal eller Stripe, inkludert informasjon som kreves for \u00e5 fullf\u00f8re betalingen, for eksempel totalbel\u00f8pet eller faktureringsinformasjon.<\/p><p>Vennligst les <a href=\"https:\/\/www.paypal.com\/us\/webapps\/mpp\/ua\/privacy-full\">PayPals retningslinjer for personvern<\/a> for flere detaljer.<\/p><p>Vennligst les <a href=\"https:\/\/stripe.com\/fr\/privacy\">Stripes retningslinjer for personvern<\/a> for flere detaljer.<\/p>\t\t\t\t\t\t\t\t<\/div>\n\t\t\t\t<\/div>\n\t\t\t\t\t<\/div>\n\t\t<\/div>\n\t\t\t\t\t<\/div>\n\t\t<\/section>\n\t\t\t\t<\/div>","protected":false},"excerpt":{"rendered":"<p>Politique de Confidentialit\u00e9 \u00a0 Qui sommes-nous\u00a0? L&rsquo;adresse de notre site Web est\u00a0: https:\/\/darkorchid-viper-707018.hostingersite.com Soci\u00e9t\u00e9 : Brand Success &#8211; 78 avenue [&hellip;]<\/p>\n","protected":false},"author":1,"featured_media":0,"parent":0,"menu_order":0,"comment_status":"closed","ping_status":"closed","template":"","meta":{"_seopress_robots_primary_cat":"","_seopress_titles_title":"","_seopress_titles_desc":"","_seopress_robots_index":"","site-sidebar-layout":"no-sidebar","site-content-layout":"page-builder","ast-site-content-layout":"default","site-content-style":"default","site-sidebar-style":"default","ast-global-header-display":"","ast-banner-title-visibility":"","ast-main-header-display":"","ast-hfb-above-header-display":"","ast-hfb-below-header-display":"","ast-hfb-mobile-header-display":"","site-post-title":"disabled","ast-breadcrumbs-content":"","ast-featured-img":"disabled","footer-sml-layout":"","ast-disable-related-posts":"","theme-transparent-header-meta":"","adv-header-id-meta":"","stick-header-meta":"","header-above-stick-meta":"","header-main-stick-meta":"","header-below-stick-meta":"","astra-migrate-meta-layouts":"set","ast-page-background-enabled":"default","ast-page-background-meta":{"desktop":{"background-color":"","background-image":"","background-repeat":"repeat","background-position":"center center","background-size":"auto","background-attachment":"scroll","background-type":"","background-media":"","overlay-type":"","overlay-color":"","overlay-opacity":"","overlay-gradient":""},"tablet":{"background-color":"","background-image":"","background-repeat":"repeat","background-position":"center center","background-size":"auto","background-attachment":"scroll","background-type":"","background-media":"","overlay-type":"","overlay-color":"","overlay-opacity":"","overlay-gradient":""},"mobile":{"background-color":"","background-image":"","background-repeat":"repeat","background-position":"center center","background-size":"auto","background-attachment":"scroll","background-type":"","background-media":"","overlay-type":"","overlay-color":"","overlay-opacity":"","overlay-gradient":""}},"ast-content-background-meta":{"desktop":{"background-color":"var(--ast-global-color-5)","background-image":"","background-repeat":"repeat","background-position":"center center","background-size":"auto","background-attachment":"scroll","background-type":"","background-media":"","overlay-type":"","overlay-color":"","overlay-opacity":"","overlay-gradient":""},"tablet":{"background-color":"var(--ast-global-color-5)","background-image":"","background-repeat":"repeat","background-position":"center center","background-size":"auto","background-attachment":"scroll","background-type":"","background-media":"","overlay-type":"","overlay-color":"","overlay-opacity":"","overlay-gradient":""},"mobile":{"background-color":"var(--ast-global-color-5)","background-image":"","background-repeat":"repeat","background-position":"center center","background-size":"auto","background-attachment":"scroll","background-type":"","background-media":"","overlay-type":"","overlay-color":"","overlay-opacity":"","overlay-gradient":""}},"footnotes":""},"class_list":["post-672","page","type-page","status-publish","hentry"],"_links":{"self":[{"href":"https:\/\/live-stream-pro.com\/nb\/wp-json\/wp\/v2\/pages\/672","targetHints":{"allow":["GET"]}}],"collection":[{"href":"https:\/\/live-stream-pro.com\/nb\/wp-json\/wp\/v2\/pages"}],"about":[{"href":"https:\/\/live-stream-pro.com\/nb\/wp-json\/wp\/v2\/types\/page"}],"author":[{"embeddable":true,"href":"https:\/\/live-stream-pro.com\/nb\/wp-json\/wp\/v2\/users\/1"}],"replies":[{"embeddable":true,"href":"https:\/\/live-stream-pro.com\/nb\/wp-json\/wp\/v2\/comments?post=672"}],"version-history":[{"count":0,"href":"https:\/\/live-stream-pro.com\/nb\/wp-json\/wp\/v2\/pages\/672\/revisions"}],"wp:attachment":[{"href":"https:\/\/live-stream-pro.com\/nb\/wp-json\/wp\/v2\/media?parent=672"}],"curies":[{"name":"wp","href":"https:\/\/api.w.org\/{rel}","templated":true}]}}