{"id":676,"date":"2022-07-11T18:22:23","date_gmt":"2022-07-11T18:22:23","guid":{"rendered":"https:\/\/darkorchid-viper-707018.hostingersite.com\/?page_id=676"},"modified":"2025-04-13T23:22:49","modified_gmt":"2025-04-13T22:22:49","slug":"legal-notice","status":"publish","type":"page","link":"https:\/\/live-stream-pro.com\/nb\/juridisk-varsel\/","title":{"rendered":"Juridisk varsel"},"content":{"rendered":"<div data-elementor-type=\"wp-page\" data-elementor-id=\"676\" class=\"elementor elementor-676\" data-elementor-post-type=\"page\">\n\t\t\t\t\t\t<section class=\"elementor-section elementor-top-section elementor-element elementor-element-741fece elementor-section-boxed elementor-section-height-default elementor-section-height-default\" data-id=\"741fece\" data-element_type=\"section\" data-e-type=\"section\">\n\t\t\t\t\t\t<div class=\"elementor-container elementor-column-gap-default\">\n\t\t\t\t\t<div class=\"elementor-column elementor-col-100 elementor-top-column elementor-element elementor-element-ebdb51c\" data-id=\"ebdb51c\" data-element_type=\"column\" data-e-type=\"column\">\n\t\t\t<div class=\"elementor-widget-wrap elementor-element-populated\">\n\t\t\t\t\t\t<div class=\"elementor-element elementor-element-9bddc5e elementor-widget elementor-widget-heading\" data-id=\"9bddc5e\" data-element_type=\"widget\" data-e-type=\"widget\" data-widget_type=\"heading.default\">\n\t\t\t\t<div class=\"elementor-widget-container\">\n\t\t\t\t\t<h1 class=\"elementor-heading-title elementor-size-default\">Juridisk varsel<\/h1>\t\t\t\t<\/div>\n\t\t\t\t<\/div>\n\t\t\t\t<div class=\"elementor-element elementor-element-87670af elementor-widget elementor-widget-text-editor\" data-id=\"87670af\" data-element_type=\"widget\" data-e-type=\"widget\" data-widget_type=\"text-editor.default\">\n\t\t\t\t<div class=\"elementor-widget-container\">\n\t\t\t\t\t\t\t\t\t<h2><strong>\u00a0<\/strong><\/h2><h2><strong>1. Presentasjon av nettstedet<\/strong><\/h2><div style=\"caret-color: #7a7a7a; color: #7a7a7a; font-size: 15px;\"><p style=\"font-size: 15px; margin-bottom: 1.75em;\">I henhold til artikkel 6 i lov nr. 2004-575 av 21. juni 2004 for tillit til den digitale \u00f8konomien, blir brukere av live-stream-pro.com-siden informert om identiteten til de ulike deltakerne i rammeverket for implementering og overv\u00e5king av det. :<\/p><p style=\"font-size: 15px; margin-bottom: 1.75em;\"><strong>Eieren<\/strong> :<\/p><ul><li>Soci\u00e9t\u00e9 :<span class=\"Apple-converted-space\"> Brand Success &#8211; 78 avenue des Champs Elys\u00e9es &#8211; Bureau 562 &#8211; 75008 Paris &#8211; France.\u00a0<\/span><\/li><li>N\u00b0 de T\u00e9l\u00e9phone : +187722956001<\/li><li>Adresse mail : contact@darkorchid-viper-707018.hostingersite.com<\/li><li>Num\u00e9ro de l\u2019entreprise : 83353766500022<\/li><\/ul><p style=\"font-size: 15px; margin-bottom: 1.75em;\"><span style=\"font-style: inherit; color: var( --e-global-color-text ); font-family: var( --e-global-typography-text-font-family ), Sans-serif;\">Publiseringsansvarlig er en fysisk person eller en juridisk person.<\/span><\/p><p style=\"font-size: 15px; margin-bottom: 1.75em;\"><strong>Vert<\/strong>\u00a0:\u00a0<em>OVH<\/em>\u00a0SAS: 2 rue Kellermann \u2013 BP 80157 59053 ROUBAIX CEDEX 1<\/p><h2><strong>2. Generelle vilk\u00e5r for bruk av nettstedet og tjenestene som tilbys.<\/strong><\/h2><p style=\"font-size: 15px; margin-bottom: 1.75em;\">Bruk av live-stream-pro.com-siden inneb\u00e6rer full aksept av de generelle bruksvilk\u00e5rene beskrevet nedenfor. Disse bruksbetingelsene kan endres eller suppleres n\u00e5r som helst, brukere av live-stream-pro.com-siden er derfor invitert til \u00e5 konsultere dem regelmessig.<\/p><p style=\"font-size: 15px; margin-bottom: 1.75em;\">Ce site est normalement accessible \u00e0 tout moment aux utilisateurs. Une interruption pour raison de maintenance technique peut \u00eatre toutefois d\u00e9cid\u00e9e par <span class=\"Apple-converted-space\">Brand Success<\/span>, qui s\u2019efforcera alors de communiquer pr\u00e9alablement aux utilisateurs les dates et heures de l\u2019intervention.<\/p><p style=\"font-size: 15px; margin-bottom: 1.75em;\">Nettstedet live-stream-pro.com<a style=\"color: #547dd3;\" href=\"https:\/\/rocket-marketing.eu\/\">\u00a0<\/a>est mis \u00e0 jour r\u00e9guli\u00e8rement par <span class=\"Apple-converted-space\">Brand Success<\/span>. De la m\u00eame fa\u00e7on, les mentions l\u00e9gales peuvent \u00eatre modifi\u00e9es \u00e0 tout moment : elles s\u2019imposent n\u00e9anmoins \u00e0 l\u2019utilisateur qui est invit\u00e9 \u00e0 s\u2019y r\u00e9f\u00e9rer le plus souvent possible afin d\u2019en prendre connaissance.<\/p><h2><strong>3. Beskrivelse av tjenester som tilbys.<\/strong><\/h2><p style=\"font-size: 15px; margin-bottom: 1.75em;\">Live-stream-pro.com-siden har som m\u00e5l \u00e5 gi informasjon om alle selskapets aktiviteter.<\/p><p style=\"font-size: 15px; margin-bottom: 1.75em;\"><span class=\"Apple-converted-space\">Brand Success<\/span> s\u2019efforce de fournir sur le site live-stream-pro.com des informations aussi pr\u00e9cises que possible. Toutefois, il ne pourra \u00eatre tenue responsable des omissions, des inexactitudes et des carences dans la mise \u00e0 jour, qu\u2019elles soient de son fait ou du fait des tiers partenaires qui lui fournissent ces informations.<\/p><p style=\"font-size: 15px; margin-bottom: 1.75em;\">All informasjon angitt p\u00e5 live-stream-pro.com-siden er kun gitt for informasjonsform\u00e5l, og kan endres. Videre er informasjonen p\u00e5 live-stream-pro.com-siden ikke utt\u00f8mmende. De gis med forbehold om at endringer har blitt gjort siden de ble lagt ut p\u00e5 nettet.<\/p><h2><strong>4. Kontraktsbegrensninger p\u00e5 tekniske data.<\/strong><\/h2><p style=\"font-size: 15px; margin-bottom: 1.75em;\">Nettstedet bruker JavaScript-teknologi.<\/p><p style=\"font-size: 15px; margin-bottom: 1.75em;\">Nettstedet kan ikke holdes ansvarlig for materielle skader knyttet til bruken av nettstedet. I tillegg forplikter brukeren av nettstedet seg til \u00e5 f\u00e5 tilgang til nettstedet ved hjelp av nyere utstyr, som ikke inneholder virus og med en oppdatert siste generasjons nettleser.<\/p><h2><strong>5. Immaterielle rettigheter og forfalskning.<\/strong><\/h2><p style=\"font-size: 15px; margin-bottom: 1.75em;\"><span class=\"Apple-converted-space\">Brand Success<\/span> est propri\u00e9taire des droits de propri\u00e9t\u00e9 intellectuelle ou d\u00e9tient les droits d\u2019usage sur tous les \u00e9l\u00e9ments accessibles sur le site, notamment les textes, images, graphismes, logo, ic\u00f4nes, sons, logiciels.<\/p><p style=\"font-size: 15px; margin-bottom: 1.75em;\">Toute reproduction, repr\u00e9sentation, modification, publication, adaptation de tout ou partie des \u00e9l\u00e9ments du site, quel que soit le moyen ou le proc\u00e9d\u00e9 utilis\u00e9, est interdite, sauf autorisation \u00e9crite pr\u00e9alable de la soci\u00e9t\u00e9 <span class=\"Apple-converted-space\">Brand Success<\/span>.<\/p><p style=\"font-size: 15px; margin-bottom: 1.75em;\">Enhver uautorisert bruk av nettstedet eller noen av elementene det inneholder vil bli ansett som en krenkelse og straffeforfulgt i samsvar med bestemmelsene i artiklene L.335-2 ff. i \u00e5ndsverkloven.<\/p><h2><strong>6. Ansvarsbegrensninger.<\/strong><\/h2><p style=\"font-size: 15px; margin-bottom: 1.75em;\"><span class=\"Apple-converted-space\">Brand Success<\/span> ne pourra \u00eatre tenue responsable des dommages directs et indirects caus\u00e9s au mat\u00e9riel de l\u2019utilisateur, lors de l\u2019acc\u00e8s au site live-stream-pro.com, et r\u00e9sultant soit de l\u2019utilisation d\u2019un mat\u00e9riel ne r\u00e9pondant pas aux sp\u00e9cifications indiqu\u00e9es au point 4, soit de l\u2019apparition d\u2019un bug ou d\u2019une incompatibilit\u00e9.<\/p><p style=\"font-size: 15px; margin-bottom: 1.75em;\"><span class=\"Apple-converted-space\">Brand Success<\/span> ne pourra \u00e9galement \u00eatre tenue responsable des dommages indirects (tels par exemple qu\u2019une perte de march\u00e9 ou perte d\u2019une chance) cons\u00e9cutifs \u00e0 l\u2019utilisation du site <span style=\"background-color: var(--ast-global-color-2);\">live-stream-pro.com<\/span><\/p><p style=\"font-size: 15px; margin-bottom: 1.75em;\">Des espaces interactifs (possibilit\u00e9 de poser des questions dans l\u2019espace contact) sont \u00e0 la disposition des utilisateurs. <span class=\"Apple-converted-space\">Brand Success<\/span> se r\u00e9serve le droit de supprimer, sans mise en demeure pr\u00e9alable, tout contenu d\u00e9pos\u00e9 dans cet espace qui contreviendrait \u00e0 la l\u00e9gislation applicable en France, en particulier aux dispositions relatives \u00e0 la protection des donn\u00e9es.\u00a0<\/p><p style=\"font-size: 15px; margin-bottom: 1.75em;\">Le cas \u00e9ch\u00e9ant, <span class=\"Apple-converted-space\">Brand Success <\/span>se r\u00e9serve \u00e9galement la possibilit\u00e9 de mettre en cause la responsabilit\u00e9 civile et\/ou p\u00e9nale de l\u2019utilisateur, notamment en cas de message \u00e0 caract\u00e8re raciste, injurieux, diffamant, ou pornographique, quel que soit le support utilis\u00e9 (texte, photographie\u2026).<\/p><h2><strong>7. H\u00e5ndtering av personopplysninger.<\/strong><\/h2><p style=\"font-size: 15px; margin-bottom: 1.75em;\">I Frankrike er personopplysninger spesielt beskyttet av lov nr. 78-87 av 6. januar 1978, lov nr. 2004-801 av 6. august 2004, artikkel L. 226-13 i straffeloven og det europeiske direktivet av 24. oktober , 1995.<\/p><p style=\"font-size: 15px; margin-bottom: 1.75em;\">N\u00e5r du bruker live-stream-pro.com-siden, kan f\u00f8lgende samles inn: URL-en til lenkene som brukeren fikk tilgang til live-stream-pro.com-siden, leverand\u00f8ren av brukertilgang, brukerens Internett-protokoll (IP) adresse.<\/p><p style=\"font-size: 15px; margin-bottom: 1.75em;\">En tout \u00e9tat de cause <span class=\"Apple-converted-space\">Brand Success<\/span> ne collecte des informations personnelles relatives \u00e0 l\u2019utilisateur que pour le besoin de certains services propos\u00e9s par le site live-stream-pro.com. L\u2019utilisateur fournit ces informations en toute connaissance de cause, notamment lorsqu\u2019il proc\u00e8de par lui-m\u00eame \u00e0 leur saisie. Il est alors pr\u00e9cis\u00e9 \u00e0 l\u2019utilisateur du site live-stream-pro.com a l\u2019obligation ou non de fournir ces informations.<\/p><p style=\"font-size: 15px; margin-bottom: 1.75em;\">I samsvar med bestemmelsene i artikkel 38 og f\u00f8lgende i lov 78-17 av 6. januar 1978 om databehandling, filer og friheter, har enhver bruker rett til innsyn, retting og motstand mot personopplysninger som ang\u00e5r ham, ved \u00e5 gj\u00f8re sin skriftlige og signert foresp\u00f8rsel, ledsaget av en kopi av identitetsdokumentet med signatur fra innehaveren av dokumentet, med angivelse av adressen som svaret skal sendes til.<\/p><p style=\"font-size: 15px; margin-bottom: 1.75em;\">Aucune information personnelle de l\u2019utilisateur du site live-stream-pro.com n\u2019est publi\u00e9e \u00e0 l\u2019insu de l\u2019utilisateur, \u00e9chang\u00e9e, transf\u00e9r\u00e9e, c\u00e9d\u00e9e ou vendue sur un support quelconque \u00e0 des tiers. Seule l\u2019hypoth\u00e8se du rachat de <span class=\"Apple-converted-space\">Brand Success<\/span> et de ses droits permettrait la transmission des dites informations \u00e0 l\u2019\u00e9ventuel acqu\u00e9reur qui serait \u00e0 son tour tenu de la m\u00eame obligation de conservation et de modification des donn\u00e9es vis \u00e0 vis de l\u2019utilisateur du site\u00a0<span style=\"background-color: var(--ast-global-color-2);\">live-stream-pro.com<\/span><\/p><p style=\"font-size: 15px; margin-bottom: 1.75em;\">Databasene er beskyttet av bestemmelsene i loven av 1. juli 1998 som implementerer direktiv 96\/9 av 11. mars 1996 om rettslig beskyttelse av databaser.<\/p><h2><strong>8. Hypertekstlenker og informasjonskapsler.<\/strong><\/h2><p style=\"font-size: 15px; margin-bottom: 1.75em;\">Le site live-stream-pro.com contient un certain nombre de liens hypertextes vers d\u2019autres sites, mis en place avec l\u2019autorisation de <span class=\"Apple-converted-space\">Brand Success<\/span>. Cependant, <span class=\"Apple-converted-space\">Brand Success<\/span> n\u2019a pas la possibilit\u00e9 de v\u00e9rifier le contenu des sites ainsi visit\u00e9s, et n\u2019assumera en cons\u00e9quence aucune responsabilit\u00e9 de ce fait.<\/p><p style=\"font-size: 15px; margin-bottom: 1.75em;\">\u00c5 surfe p\u00e5 live-stream-pro.com-siden kan f\u00f8re til installasjon av informasjonskapsler p\u00e5 brukerens datamaskin. En informasjonskapsel er en liten fil som ikke tillater identifikasjon av brukeren, men som registrerer informasjon knyttet til navigering av en datamaskin p\u00e5 et nettsted. Dataene som innhentes p\u00e5 denne m\u00e5ten har som m\u00e5l \u00e5 lette etterf\u00f8lgende navigering p\u00e5 siden, og er ogs\u00e5 ment \u00e5 muliggj\u00f8re ulike trafikkm\u00e5linger.<\/p><p style=\"font-size: 15px; margin-bottom: 1.75em;\">\u00c5 nekte \u00e5 installere en informasjonskapsel kan f\u00f8re til at det er umulig \u00e5 f\u00e5 tilgang til visse tjenester. Brukeren kan imidlertid konfigurere datamaskinen sin p\u00e5 f\u00f8lgende m\u00e5te for \u00e5 nekte installasjon av informasjonskapsler:<\/p><p style=\"font-size: 15px; margin-bottom: 1.75em;\">Under Internet Explorer: verkt\u00f8yfane (tannhjulformet piktogram \u00f8verst til h\u00f8yre) \/ internettalternativer. Klikk p\u00e5 Personvern og velg Blokker alle informasjonskapsler. Bekreft p\u00e5 Ok.<\/p><p style=\"font-size: 15px; margin-bottom: 1.75em;\">Under Firefox: \u00f8verst i nettleservinduet, klikk p\u00e5 Firefox-knappen, og g\u00e5 deretter til fanen Alternativer. Klikk p\u00e5 fanen Personvern. Angi oppbevaringsregler til: Bruk egendefinerte innstillinger for historikk. Til slutt fjerner du merket for \u00e5 deaktivere informasjonskapsler.<\/p><p style=\"font-size: 15px; margin-bottom: 1.75em;\">Under Safari: Klikk \u00f8verst til h\u00f8yre i nettleseren p\u00e5 menypiktogrammet (symbolisert med et tannhjul). Velg Innstillinger. Klikk p\u00e5 Vis avanserte innstillinger. I \u00abPersonvern\u00bb-delen klikker du p\u00e5 Innholdsinnstillinger. I delen &quot;Informasjonskapsler&quot; kan du blokkere informasjonskapsler.<\/p><p style=\"font-size: 15px; margin-bottom: 1.75em;\">Under Chrome: Klikk \u00f8verst til h\u00f8yre i nettleseren p\u00e5 menypiktogrammet (symbolisert med tre horisontale linjer). Velg Innstillinger. Klikk p\u00e5 Vis avanserte innstillinger. I \u00abPersonvern\u00bb-delen klikker du p\u00e5 Innstillinger. I \u00abPersonvern\u00bb-fanen kan du blokkere informasjonskapsler.<\/p><h2><strong>9. Gjeldende lov og tildeling av jurisdiksjon.<\/strong><\/h2><p style=\"font-size: 15px; margin-bottom: 1.75em;\">Enhver tvist knyttet til bruken av live-stream-pro.com-siden er underlagt fransk lov. Eksklusiv jurisdiksjon er gitt til de kompetente domstolene i Paris.<\/p><h2><strong>10. Hovedlovene som gjelder.<\/strong><\/h2><p style=\"font-size: 15px; margin-bottom: 1.75em;\">Lov nr. 78-17 av 6. januar 1978, s\u00e6rlig endret ved lov nr. 2004-801 av 6. august 2004 om databehandling, filer og friheter.<\/p><p style=\"font-size: 15px; margin-bottom: 1.75em;\">Lov nr. 2004-575 av 21. juni 2004 om tillit til den digitale \u00f8konomien.<\/p><h2><strong>11. Ordliste.<\/strong><\/h2><p style=\"font-size: 15px; margin-bottom: 1.75em;\">Bruker: Internett-bruker kobler til ved \u00e5 bruke det ovennevnte nettstedet.<\/p><p style=\"font-size: 15px; margin-bottom: 1.75em;\">Personopplysninger: \u00abopplysninger som muliggj\u00f8r, i enhver form, direkte eller indirekte, identifisering av de fysiske personene de gjelder\u00bb (artikkel 4 i lov nr. 78-17 av 6. januar 1978).<\/p><\/div>\t\t\t\t\t\t\t\t<\/div>\n\t\t\t\t<\/div>\n\t\t\t\t\t<\/div>\n\t\t<\/div>\n\t\t\t\t\t<\/div>\n\t\t<\/section>\n\t\t\t\t<\/div>","protected":false},"excerpt":{"rendered":"<p>Mentions L\u00e9gales \u00a0 1. Pr\u00e9sentation du site En vertu de l\u2019article 6 de la loi n\u00b0 2004-575 du 21 juin [&hellip;]<\/p>\n","protected":false},"author":1,"featured_media":0,"parent":0,"menu_order":0,"comment_status":"closed","ping_status":"closed","template":"","meta":{"_seopress_robots_primary_cat":"","_seopress_titles_title":"","_seopress_titles_desc":"","_seopress_robots_index":"","site-sidebar-layout":"no-sidebar","site-content-layout":"page-builder","ast-site-content-layout":"default","site-content-style":"default","site-sidebar-style":"default","ast-global-header-display":"","ast-banner-title-visibility":"","ast-main-header-display":"","ast-hfb-above-header-display":"","ast-hfb-below-header-display":"","ast-hfb-mobile-header-display":"","site-post-title":"disabled","ast-breadcrumbs-content":"","ast-featured-img":"disabled","footer-sml-layout":"","ast-disable-related-posts":"","theme-transparent-header-meta":"","adv-header-id-meta":"","stick-header-meta":"","header-above-stick-meta":"","header-main-stick-meta":"","header-below-stick-meta":"","astra-migrate-meta-layouts":"set","ast-page-background-enabled":"default","ast-page-background-meta":{"desktop":{"background-color":"","background-image":"","background-repeat":"repeat","background-position":"center center","background-size":"auto","background-attachment":"scroll","background-type":"","background-media":"","overlay-type":"","overlay-color":"","overlay-opacity":"","overlay-gradient":""},"tablet":{"background-color":"","background-image":"","background-repeat":"repeat","background-position":"center center","background-size":"auto","background-attachment":"scroll","background-type":"","background-media":"","overlay-type":"","overlay-color":"","overlay-opacity":"","overlay-gradient":""},"mobile":{"background-color":"","background-image":"","background-repeat":"repeat","background-position":"center center","background-size":"auto","background-attachment":"scroll","background-type":"","background-media":"","overlay-type":"","overlay-color":"","overlay-opacity":"","overlay-gradient":""}},"ast-content-background-meta":{"desktop":{"background-color":"var(--ast-global-color-5)","background-image":"","background-repeat":"repeat","background-position":"center center","background-size":"auto","background-attachment":"scroll","background-type":"","background-media":"","overlay-type":"","overlay-color":"","overlay-opacity":"","overlay-gradient":""},"tablet":{"background-color":"var(--ast-global-color-5)","background-image":"","background-repeat":"repeat","background-position":"center center","background-size":"auto","background-attachment":"scroll","background-type":"","background-media":"","overlay-type":"","overlay-color":"","overlay-opacity":"","overlay-gradient":""},"mobile":{"background-color":"var(--ast-global-color-5)","background-image":"","background-repeat":"repeat","background-position":"center center","background-size":"auto","background-attachment":"scroll","background-type":"","background-media":"","overlay-type":"","overlay-color":"","overlay-opacity":"","overlay-gradient":""}},"footnotes":""},"class_list":["post-676","page","type-page","status-publish","hentry"],"_links":{"self":[{"href":"https:\/\/live-stream-pro.com\/nb\/wp-json\/wp\/v2\/pages\/676","targetHints":{"allow":["GET"]}}],"collection":[{"href":"https:\/\/live-stream-pro.com\/nb\/wp-json\/wp\/v2\/pages"}],"about":[{"href":"https:\/\/live-stream-pro.com\/nb\/wp-json\/wp\/v2\/types\/page"}],"author":[{"embeddable":true,"href":"https:\/\/live-stream-pro.com\/nb\/wp-json\/wp\/v2\/users\/1"}],"replies":[{"embeddable":true,"href":"https:\/\/live-stream-pro.com\/nb\/wp-json\/wp\/v2\/comments?post=676"}],"version-history":[{"count":0,"href":"https:\/\/live-stream-pro.com\/nb\/wp-json\/wp\/v2\/pages\/676\/revisions"}],"wp:attachment":[{"href":"https:\/\/live-stream-pro.com\/nb\/wp-json\/wp\/v2\/media?parent=676"}],"curies":[{"name":"wp","href":"https:\/\/api.w.org\/{rel}","templated":true}]}}