{"id":672,"date":"2022-07-11T18:12:41","date_gmt":"2022-07-11T18:12:41","guid":{"rendered":"https:\/\/darkorchid-viper-707018.hostingersite.com\/?page_id=672"},"modified":"2025-04-13T23:22:36","modified_gmt":"2025-04-13T22:22:36","slug":"privacy-policy","status":"publish","type":"page","link":"https:\/\/live-stream-pro.com\/nl\/privacybeleid\/","title":{"rendered":"Privacybeleid"},"content":{"rendered":"<div data-elementor-type=\"wp-page\" data-elementor-id=\"672\" class=\"elementor elementor-672\" data-elementor-post-type=\"page\">\n\t\t\t\t\t\t<section class=\"elementor-section elementor-top-section elementor-element elementor-element-7af476d elementor-section-boxed elementor-section-height-default elementor-section-height-default\" data-id=\"7af476d\" data-element_type=\"section\" data-e-type=\"section\">\n\t\t\t\t\t\t<div class=\"elementor-container elementor-column-gap-default\">\n\t\t\t\t\t<div class=\"elementor-column elementor-col-100 elementor-top-column elementor-element elementor-element-0cff594\" data-id=\"0cff594\" data-element_type=\"column\" data-e-type=\"column\">\n\t\t\t<div class=\"elementor-widget-wrap elementor-element-populated\">\n\t\t\t\t\t\t<div class=\"elementor-element elementor-element-277604e elementor-widget elementor-widget-heading\" data-id=\"277604e\" data-element_type=\"widget\" data-e-type=\"widget\" data-widget_type=\"heading.default\">\n\t\t\t\t<div class=\"elementor-widget-container\">\n\t\t\t\t\t<h1 class=\"elementor-heading-title elementor-size-default\">Privacybeleid <\/h1>\t\t\t\t<\/div>\n\t\t\t\t<\/div>\n\t\t\t\t<div class=\"elementor-element elementor-element-61f349f elementor-widget elementor-widget-text-editor\" data-id=\"61f349f\" data-element_type=\"widget\" data-e-type=\"widget\" data-widget_type=\"text-editor.default\">\n\t\t\t\t<div class=\"elementor-widget-container\">\n\t\t\t\t\t\t\t\t\t<h2><strong>\u00a0<\/strong><\/h2><h2><strong>Wie zijn we ?<\/strong><\/h2><p>Ons websiteadres is: https:\/\/darkorchid-viper-707018.hostingersite.com<\/p><ul><li>Soci\u00e9t\u00e9 :<span class=\"Apple-converted-space\"> Brand Success &#8211; 78 avenue des Champs Elys\u00e9es &#8211; Bureau 562 &#8211; 75008 Paris &#8211; France.\u00a0<\/span><\/li><li>N\u00b0 de T\u00e9l\u00e9phone : +187722956001<\/li><li>Adresse mail : contact@darkorchid-viper-707018.hostingersite.com<\/li><li>Num\u00e9ro de l&rsquo;entreprise : 83353766500022<\/li><\/ul><p>U kunt contact met ons opnemen op het volgende e-mailadres: contact@darkorchid-viper-707018.hostingersite.com<\/p><h2><strong>Gebruik van verzamelde persoonlijke gegevens<\/strong><\/h2><p>Voor elke geplaatste bestelling of het aanmaken van een account gaat u ermee akkoord aanbiedingen en promoties per e-mail en\/of telefoon te ontvangen.<\/p><h2><strong>Opmerkingen<\/strong><\/h2><p>Wanneer u een reactie achterlaat op onze website, worden de gegevens die u in het reactieformulier invoert, maar ook uw IP-adres en de user-agent van uw browser verzameld om ons te helpen ongewenste reacties op te sporen.<\/p><p>Er kan een geanonimiseerde string, gemaakt op basis van uw e-mailadres (ook wel een hash genoemd), naar de Gravatar-service worden gestuurd om te controleren of u deze gebruikt. De vertrouwelijkheidsbepalingen van de Gravatar-service zijn hier beschikbaar: https:\/\/automattic.com\/privacy\/. Na validatie van uw reactie zal uw profielfoto publiekelijk zichtbaar zijn naast uw reactie.<\/p><h2><strong>Media<\/strong><\/h2><p>Als u een geregistreerde gebruiker bent en afbeeldingen uploadt naar de Website, raden wij u aan om geen afbeeldingen te uploaden die EXIF GPS-co\u00f6rdinatengegevens bevatten. Bezoekers van uw website kunnen locatiegegevens uit deze afbeeldingen downloaden en extraheren.<\/p><h2><strong>Contactformulieren<\/strong><\/h2><p>Pour nous contacter, veuillez nous \u00e9crire \u00e0 l&rsquo;adresse contact@darkorchid-viper-707018.hostingersite.com ou par courrier \u00e0 <span class=\"Apple-converted-space\">Brand Success<\/span> &#8211; 78, Avenue des Champs-\u00c9lys\u00e9es, Bureau 562, 75008 Paris &#8211; France<\/p><h2><strong>Koekjes<\/strong><\/h2><p>Als u een reactie achterlaat op onze site, kunt u uw naam, e-mailadres en website opslaan in cookies. Dit is alleen voor uw gemak, zodat u deze gegevens niet hoeft in te vullen als u later nog een reactie achterlaat. Deze cookies vervallen na \u00e9\u00e9n jaar.<\/p><p>Als u naar de inlogpagina gaat, wordt er een tijdelijke cookie aangemaakt om te bepalen of uw browser cookies accepteert. Het bevat geen persoonlijke gegevens en wordt automatisch verwijderd wanneer u uw browser sluit.<\/p><p>Wanneer u inlogt, plaatsen wij een aantal cookies om uw inloggegevens en schermvoorkeuren op te slaan. De levensduur van een verbindingscookie is twee dagen, die van een schermoptiecookie \u00e9\u00e9n jaar. Als u \u201cOnthoud mij\u201d aanvinkt, wordt uw login-cookie twee weken bewaard. Als u uitlogt bij uw account, wordt de login-cookie verwijderd.<\/p><p>Als u een bericht bewerkt of publiceert, wordt er een extra cookie in uw browser opgeslagen. Deze cookie bevat geen persoonlijke gegevens. Het toont eenvoudigweg de ID van het bericht dat je zojuist hebt bewerkt. Deze vervalt na \u00e9\u00e9n dag.<\/p><h2><strong>Inhoud die is ingesloten vanaf andere sites<\/strong><\/h2><p>Artikelen op deze site kunnen ingesloten inhoud bevatten (bijvoorbeeld video&#039;s, afbeeldingen, artikelen, enz.). Inhoud die is ingesloten vanaf andere sites gedraagt zich hetzelfde alsof de bezoeker naar die andere site zou gaan.<\/p><p>Deze websites kunnen gegevens over u verzamelen, cookies gebruiken, trackingtools van derden insluiten en uw interacties met deze ingesloten inhoud volgen als u een account heeft dat aan hun website is gekoppeld.<\/p><h2><strong>Publieksstatistieken en -metingen<\/strong><\/h2><p>We gebruiken technologie\u00ebn, zoals cookies, om inhoud en advertenties te personaliseren, functies voor sociale media aan te bieden en siteverkeer te analyseren. We delen informatie over uw gebruik van de site met onze vertrouwde sociale media-, advertentie- en analysepartners.<\/p><p>Om bepaalde statistieken te meten die verband houden met verschillende klantreizen, maken wij gebruik van Google Analytics, u kunt hun privacybeleid raadplegen op het volgende adres: <a href=\"https:\/\/policies.google.com\/privacy?hl=fr\">https:\/\/policies.google.com\/privacy?hl=fr<\/a>\u00a0.<\/p><p>Wij maken ook gebruik van de Facebook-pixel, hun privacybeleid kunt u raadplegen op het volgende adres: <a href=\"https:\/\/www.facebook.com\/payments_terms\/privacy\">https:\/\/www.facebook.com\/payments_terms\/privacy\u00a0<\/a><\/p><h2><strong>Bewaartijden voor uw gegevens<\/strong><\/h2><p>Als u een reactie achterlaat, worden de reactie en de metagegevens ervan voor onbepaalde tijd bewaard. Hierdoor kunnen daaropvolgende reacties automatisch worden herkend en goedgekeurd, in plaats van dat ze in de moderatiewachtrij blijven staan.<\/p><p>Voor gebruikers die zich (indien mogelijk) op onze site registreren, slaan wij ook de persoonlijke gegevens op die in hun profiel zijn aangegeven. Alle gebruikers kunnen op elk moment hun persoonlijke gegevens bekijken, wijzigen of verwijderen (behalve hun gebruikersnaam). Locatiebeheerders kunnen deze informatie ook bekijken en wijzigen.<\/p><h2><strong>De rechten die u heeft over uw gegevens<\/strong><\/h2><p>Als u een account heeft of reacties op de site heeft achtergelaten, kunt u verzoeken om een bestand met alle persoonlijke gegevens die we over u hebben, inclusief de gegevens die u aan ons heeft verstrekt. U kunt ook verzoeken om de verwijdering van persoonlijke gegevens die op u betrekking hebben. Hierbij wordt geen rekening gehouden met gegevens die zijn opgeslagen voor administratieve, wettelijke of veiligheidsdoeleinden.<\/p><h2><strong>Overdracht van uw persoonlijke gegevens<\/strong><\/h2><p>Bezoekersreacties kunnen worden gecontroleerd met behulp van een geautomatiseerde detectieservice voor spamreacties.<\/p><h2><strong>Contactgegevens<\/strong><\/h2><p>Vous pouvez nous contacter par mail \u00e0 l&rsquo;adresse suivante : contact@darkorchid-viper-707018.hostingersite.com ou par courrier \u00e0 <span class=\"Apple-converted-space\">Brand Success<\/span> &#8211; 78, Avenue des Champs-\u00c9lys\u00e9es, Bureau 562, 75008 Paris &#8211; France<\/p><h2><strong>Wat we verzamelen en opslaan<\/strong><\/h2><p>Tijdens uw bezoek aan de site houden wij bij:<\/p><ul><li>Producten die u heeft bekeken: Wij gebruiken ze om bijvoorbeeld producten weer te geven die u onlangs heeft bekeken<\/li><li>Locatie, IP-adres en browsertype: we gebruiken ze om belastingen en bezorgkosten te schatten<\/li><li>Afleveradres: wij vragen u dit in te vullen om de bezorgkosten in te schatten voordat u de bestelling plaatst, en de bestelling naar u te versturen!<\/li><\/ul><p>Wij gebruiken cookies om de inhoud van uw winkelwagentje bij te houden terwijl u door onze site navigeert.<\/p><p>Wanneer u via onze website een aankoop doet, vragen wij u om informatie te verstrekken, waaronder uw naam, factuuradres, afleveradres, e-mailadres, telefoonnummer, betalings-\/creditcardgegevens en mogelijk accountgegevens zoals gebruikersnaam en wachtwoord. Deze informatie zal worden gebruikt om:<\/p><ul><li>Het verzenden van informatie over uw account en bestelling<\/li><li>Reageren op verzoeken, inclusief terugbetalingen en klachten<\/li><li>Betalingsverwerking en fraudepreventie<\/li><li>Configurez votre compte pour notre boutique<\/li><li>Voldoe aan eventuele wettelijke verplichtingen, zoals het berekenen van belastingen<\/li><li>Verbeter onze winkelaanbiedingen<\/li><li>U marketingberichten sturen als u ervoor kiest deze te ontvangen<\/li><\/ul><p>Als u een account aanmaakt, slaan wij uw naam, adres, e-mailadres en telefoonnummer op, die zullen worden gebruikt om de ordervalidatie vooraf in te vullen voor toekomstige bestellingen.<\/p><p>Nous stockons g\u00e9n\u00e9ralement vos informations aussi longtemps que nous en avons besoin pour l&rsquo;usage pour lequel nous les collectons et utilisons, et nous ne sommes pas oblig\u00e9s l\u00e9galement de conitnuer \u00e0 les conserver. Par exemple, nous stockons les informations de commande pour 2 ann\u00e9es pour les taxes et la comptabilit\u00e9. Ceci inclut votre nom, adresse de messagerie et adresses de facturation et livraison.<\/p><p>We slaan ook opmerkingen of recensies op, als u ervoor kiest deze te verzenden.<\/p><h2><strong>Wie in ons team toegang heeft tot de gegevens<\/strong><\/h2><p>Onze teamleden hebben toegang tot de informatie die u ons verstrekt. Winkelbeheerders en -managers hebben bijvoorbeeld toegang tot:<\/p><ul><li>Bestelinformatie zoals wat er is gekocht, wanneer en waar het naartoe moet worden verzonden, en<\/li><li>Klantgegevens zoals uw naam, e-mailadres en factuur- en verzendgegevens.<\/li><\/ul><p>Ons team heeft toegang tot deze informatie om bestellingen te verwerken, restituties uit te voeren en u te ondersteunen.<\/p><h2><strong>Wat we delen met anderen<\/strong><\/h2><p>We delen gegevens met derde partijen die ons helpen bij het beheren van onze bestellingen en winkeldiensten; Stripe, een creditcardbetalingsservice, en PayPal, een betalingsgateway.<\/p><h3><strong>Betalingen<\/strong><\/h3><p>Wij accepteren betalingen via PayPal en Stripe. Bij het verwerken van betalingen worden bepaalde gegevens naar PayPal of Stripe verzonden, inclusief informatie die nodig is om de betaling te voltooien, zoals het totaalbedrag of factuurgegevens.<\/p><p>Lees alstublieft de <a href=\"https:\/\/www.paypal.com\/us\/webapps\/mpp\/ua\/privacy-full\">PayPal-privacybeleid<\/a> voor meer details.<\/p><p>Lees alstublieft de <a href=\"https:\/\/stripe.com\/fr\/privacy\">Streep privacybeleid<\/a> voor meer details.<\/p>\t\t\t\t\t\t\t\t<\/div>\n\t\t\t\t<\/div>\n\t\t\t\t\t<\/div>\n\t\t<\/div>\n\t\t\t\t\t<\/div>\n\t\t<\/section>\n\t\t\t\t<\/div>","protected":false},"excerpt":{"rendered":"<p>Politique de Confidentialit\u00e9 \u00a0 Qui sommes-nous\u00a0? L&rsquo;adresse de notre site Web est\u00a0: https:\/\/darkorchid-viper-707018.hostingersite.com Soci\u00e9t\u00e9 : Brand Success &#8211; 78 avenue [&hellip;]<\/p>\n","protected":false},"author":1,"featured_media":0,"parent":0,"menu_order":0,"comment_status":"closed","ping_status":"closed","template":"","meta":{"_seopress_robots_primary_cat":"","_seopress_titles_title":"","_seopress_titles_desc":"","_seopress_robots_index":"","site-sidebar-layout":"no-sidebar","site-content-layout":"page-builder","ast-site-content-layout":"default","site-content-style":"default","site-sidebar-style":"default","ast-global-header-display":"","ast-banner-title-visibility":"","ast-main-header-display":"","ast-hfb-above-header-display":"","ast-hfb-below-header-display":"","ast-hfb-mobile-header-display":"","site-post-title":"disabled","ast-breadcrumbs-content":"","ast-featured-img":"disabled","footer-sml-layout":"","ast-disable-related-posts":"","theme-transparent-header-meta":"","adv-header-id-meta":"","stick-header-meta":"","header-above-stick-meta":"","header-main-stick-meta":"","header-below-stick-meta":"","astra-migrate-meta-layouts":"set","ast-page-background-enabled":"default","ast-page-background-meta":{"desktop":{"background-color":"","background-image":"","background-repeat":"repeat","background-position":"center center","background-size":"auto","background-attachment":"scroll","background-type":"","background-media":"","overlay-type":"","overlay-color":"","overlay-opacity":"","overlay-gradient":""},"tablet":{"background-color":"","background-image":"","background-repeat":"repeat","background-position":"center center","background-size":"auto","background-attachment":"scroll","background-type":"","background-media":"","overlay-type":"","overlay-color":"","overlay-opacity":"","overlay-gradient":""},"mobile":{"background-color":"","background-image":"","background-repeat":"repeat","background-position":"center center","background-size":"auto","background-attachment":"scroll","background-type":"","background-media":"","overlay-type":"","overlay-color":"","overlay-opacity":"","overlay-gradient":""}},"ast-content-background-meta":{"desktop":{"background-color":"var(--ast-global-color-5)","background-image":"","background-repeat":"repeat","background-position":"center center","background-size":"auto","background-attachment":"scroll","background-type":"","background-media":"","overlay-type":"","overlay-color":"","overlay-opacity":"","overlay-gradient":""},"tablet":{"background-color":"var(--ast-global-color-5)","background-image":"","background-repeat":"repeat","background-position":"center center","background-size":"auto","background-attachment":"scroll","background-type":"","background-media":"","overlay-type":"","overlay-color":"","overlay-opacity":"","overlay-gradient":""},"mobile":{"background-color":"var(--ast-global-color-5)","background-image":"","background-repeat":"repeat","background-position":"center center","background-size":"auto","background-attachment":"scroll","background-type":"","background-media":"","overlay-type":"","overlay-color":"","overlay-opacity":"","overlay-gradient":""}},"footnotes":""},"class_list":["post-672","page","type-page","status-publish","hentry"],"_links":{"self":[{"href":"https:\/\/live-stream-pro.com\/nl\/wp-json\/wp\/v2\/pages\/672","targetHints":{"allow":["GET"]}}],"collection":[{"href":"https:\/\/live-stream-pro.com\/nl\/wp-json\/wp\/v2\/pages"}],"about":[{"href":"https:\/\/live-stream-pro.com\/nl\/wp-json\/wp\/v2\/types\/page"}],"author":[{"embeddable":true,"href":"https:\/\/live-stream-pro.com\/nl\/wp-json\/wp\/v2\/users\/1"}],"replies":[{"embeddable":true,"href":"https:\/\/live-stream-pro.com\/nl\/wp-json\/wp\/v2\/comments?post=672"}],"version-history":[{"count":0,"href":"https:\/\/live-stream-pro.com\/nl\/wp-json\/wp\/v2\/pages\/672\/revisions"}],"wp:attachment":[{"href":"https:\/\/live-stream-pro.com\/nl\/wp-json\/wp\/v2\/media?parent=672"}],"curies":[{"name":"wp","href":"https:\/\/api.w.org\/{rel}","templated":true}]}}