{"id":672,"date":"2022-07-11T18:12:41","date_gmt":"2022-07-11T18:12:41","guid":{"rendered":"https:\/\/darkorchid-viper-707018.hostingersite.com\/?page_id=672"},"modified":"2025-04-13T23:22:36","modified_gmt":"2025-04-13T22:22:36","slug":"privacy-policy","status":"publish","type":"page","link":"https:\/\/live-stream-pro.com\/pt\/politica-de-privacidade\/","title":{"rendered":"pol\u00edtica de Privacidade"},"content":{"rendered":"<div data-elementor-type=\"wp-page\" data-elementor-id=\"672\" class=\"elementor elementor-672\" data-elementor-post-type=\"page\">\n\t\t\t\t\t\t<section class=\"elementor-section elementor-top-section elementor-element elementor-element-7af476d elementor-section-boxed elementor-section-height-default elementor-section-height-default\" data-id=\"7af476d\" data-element_type=\"section\" data-e-type=\"section\">\n\t\t\t\t\t\t<div class=\"elementor-container elementor-column-gap-default\">\n\t\t\t\t\t<div class=\"elementor-column elementor-col-100 elementor-top-column elementor-element elementor-element-0cff594\" data-id=\"0cff594\" data-element_type=\"column\" data-e-type=\"column\">\n\t\t\t<div class=\"elementor-widget-wrap elementor-element-populated\">\n\t\t\t\t\t\t<div class=\"elementor-element elementor-element-277604e elementor-widget elementor-widget-heading\" data-id=\"277604e\" data-element_type=\"widget\" data-e-type=\"widget\" data-widget_type=\"heading.default\">\n\t\t\t\t<div class=\"elementor-widget-container\">\n\t\t\t\t\t<h1 class=\"elementor-heading-title elementor-size-default\">pol\u00edtica de Privacidade <\/h1>\t\t\t\t<\/div>\n\t\t\t\t<\/div>\n\t\t\t\t<div class=\"elementor-element elementor-element-61f349f elementor-widget elementor-widget-text-editor\" data-id=\"61f349f\" data-element_type=\"widget\" data-e-type=\"widget\" data-widget_type=\"text-editor.default\">\n\t\t\t\t<div class=\"elementor-widget-container\">\n\t\t\t\t\t\t\t\t\t<h2><strong>\u00a0<\/strong><\/h2><h2><strong>Quem somos n\u00f3s ?<\/strong><\/h2><p>O endere\u00e7o do nosso site \u00e9: https:\/\/darkorchid-viper-707018.hostingersite.com<\/p><ul><li>Soci\u00e9t\u00e9 :<span class=\"Apple-converted-space\"> Brand Success &#8211; 78 avenue des Champs Elys\u00e9es &#8211; Bureau 562 &#8211; 75008 Paris &#8211; France.\u00a0<\/span><\/li><li>N\u00b0 de T\u00e9l\u00e9phone : +187722956001<\/li><li>Adresse mail : contact@darkorchid-viper-707018.hostingersite.com<\/li><li>Num\u00e9ro de l&rsquo;entreprise : 83353766500022<\/li><\/ul><p>Voc\u00ea pode entrar em contato conosco no seguinte endere\u00e7o de e-mail: contact@darkorchid-viper-707018.hostingersite.com<\/p><h2><strong>Utiliza\u00e7\u00e3o de dados pessoais recolhidos<\/strong><\/h2><p>Para qualquer pedido realizado ou cria\u00e7\u00e3o de conta, voc\u00ea concorda em receber ofertas e promo\u00e7\u00f5es por e-mail e\/ou telefone.<\/p><h2><strong>Coment\u00e1rios<\/strong><\/h2><p>Quando voc\u00ea deixa um coment\u00e1rio em nosso site, os dados inseridos no formul\u00e1rio de coment\u00e1rios, mas tamb\u00e9m o seu endere\u00e7o IP e o agente do usu\u00e1rio do seu navegador s\u00e3o coletados para nos ajudar a detectar coment\u00e1rios indesejados.<\/p><p>Uma string an\u00f4nima criada a partir do seu endere\u00e7o de e-mail (tamb\u00e9m chamada de hash) pode ser enviada ao servi\u00e7o Gravatar para verificar se voc\u00ea a est\u00e1 usando. As disposi\u00e7\u00f5es de confidencialidade do servi\u00e7o Gravatar est\u00e3o dispon\u00edveis aqui: https:\/\/automattic.com\/privacy\/. Ap\u00f3s a valida\u00e7\u00e3o do seu coment\u00e1rio, a sua foto de perfil ficar\u00e1 publicamente vis\u00edvel ao lado do seu coment\u00e1rio.<\/p><h2><strong>meios de comunica\u00e7\u00e3o<\/strong><\/h2><p>Se voc\u00ea \u00e9 um usu\u00e1rio registrado e faz upload de imagens para o Site, aconselhamos evitar o upload de imagens que contenham dados de coordenadas GPS EXIF. Os visitantes do seu site podem baixar e extrair dados de localiza\u00e7\u00e3o dessas imagens.<\/p><h2><strong>Formul\u00e1rios de contato<\/strong><\/h2><p>Pour nous contacter, veuillez nous \u00e9crire \u00e0 l&rsquo;adresse contact@darkorchid-viper-707018.hostingersite.com ou par courrier \u00e0 <span class=\"Apple-converted-space\">Brand Success<\/span> &#8211; 78, Avenue des Champs-\u00c9lys\u00e9es, Bureau 562, 75008 Paris &#8211; France<\/p><h2><strong>Biscoitos<\/strong><\/h2><p>Se voc\u00ea deixar um coment\u00e1rio em nosso site, poder\u00e1 salvar seu nome, endere\u00e7o de e-mail e site em cookies. Isso \u00e9 apenas para sua comodidade, para que voc\u00ea n\u00e3o precise preencher essas informa\u00e7\u00f5es caso deixe outro coment\u00e1rio posteriormente. Estes cookies expiram ap\u00f3s um ano.<\/p><p>Se voc\u00ea acessar a p\u00e1gina de login, um cookie tempor\u00e1rio ser\u00e1 criado para determinar se o seu navegador aceita cookies. Ele n\u00e3o cont\u00e9m dados pessoais e ser\u00e1 exclu\u00eddo automaticamente quando voc\u00ea fechar o navegador.<\/p><p>Quando voc\u00ea fizer login, definiremos v\u00e1rios cookies para salvar suas informa\u00e7\u00f5es de login e prefer\u00eancias de tela. A vida \u00fatil de um cookie de conex\u00e3o \u00e9 de dois dias, e a de um cookie de op\u00e7\u00e3o de tela \u00e9 de um ano. Se voc\u00ea marcar \u201cLembrar-me\u201d, seu cookie de login ser\u00e1 retido por duas semanas. Se voc\u00ea sair da sua conta, o cookie de login ser\u00e1 exclu\u00eddo.<\/p><p>Ao editar ou publicar um post, um cookie adicional ser\u00e1 armazenado no seu navegador. Este cookie n\u00e3o inclui quaisquer dados pessoais. Simplesmente mostra o ID da postagem que voc\u00ea acabou de editar. Ele expira ap\u00f3s um dia.<\/p><h2><strong>Conte\u00fado incorporado de outros sites<\/strong><\/h2><p>Os artigos neste site podem incluir conte\u00fado incorporado (por exemplo, v\u00eddeos, imagens, artigos, etc.). O conte\u00fado incorporado de outros sites se comporta da mesma forma como se o visitante acessasse esse outro site.<\/p><p>Esses sites podem coletar dados sobre voc\u00ea, usar cookies, incorporar ferramentas de rastreamento de terceiros e rastrear suas intera\u00e7\u00f5es com esse conte\u00fado incorporado se voc\u00ea tiver uma conta conectada ao site deles.<\/p><h2><strong>Estat\u00edsticas e medi\u00e7\u00f5es de p\u00fablico<\/strong><\/h2><p>Utilizamos tecnologias, como cookies, para personalizar conte\u00fado e publicidade, fornecer recursos de m\u00eddia social e analisar o tr\u00e1fego do site. Compartilhamos informa\u00e7\u00f5es sobre o uso do site com nossos parceiros confi\u00e1veis de m\u00eddia social, publicidade e an\u00e1lise.<\/p><p>Para medir certas estat\u00edsticas ligadas a diferentes jornadas do cliente, utilizamos o Google Analytics, voc\u00ea pode consultar a sua pol\u00edtica de privacidade no seguinte endere\u00e7o: <a href=\"https:\/\/policies.google.com\/privacy?hl=fr\">https:\/\/policies.google.com\/privacy?hl=fr<\/a>\u00a0.<\/p><p>Tamb\u00e9m utilizamos o pixel do Facebook, voc\u00ea pode consultar a pol\u00edtica de privacidade deles no seguinte endere\u00e7o: <a href=\"https:\/\/www.facebook.com\/payments_terms\/privacy\">https:\/\/www.facebook.com\/payments_terms\/privacy\u00a0<\/a><\/p><h2><strong>Tempos de armazenamento para seus dados<\/strong><\/h2><p>Se voc\u00ea deixar um coment\u00e1rio, o coment\u00e1rio e seus metadados ser\u00e3o retidos indefinidamente. Isso permite que os coment\u00e1rios subsequentes sejam reconhecidos e aprovados automaticamente, em vez de deix\u00e1-los na fila de modera\u00e7\u00e3o.<\/p><p>Para os utilizadores que se registam no nosso site (se poss\u00edvel), guardamos tamb\u00e9m os dados pessoais indicados no seu perfil. Todos os usu\u00e1rios podem visualizar, modificar ou excluir suas informa\u00e7\u00f5es pessoais a qualquer momento (exceto seu nome de usu\u00e1rio). Os gerentes de site tamb\u00e9m podem visualizar e modificar essas informa\u00e7\u00f5es.<\/p><h2><strong>Os direitos que voc\u00ea tem sobre seus dados<\/strong><\/h2><p>Se voc\u00ea possui uma conta ou deixou coment\u00e1rios no site, pode solicitar o recebimento de um arquivo contendo todos os dados pessoais que temos sobre voc\u00ea, inclusive os que voc\u00ea nos forneceu. Voc\u00ea tamb\u00e9m pode solicitar a exclus\u00e3o dos dados pessoais que lhe dizem respeito. Isto n\u00e3o leva em considera\u00e7\u00e3o os dados armazenados para fins administrativos, legais ou de seguran\u00e7a.<\/p><h2><strong>Transmiss\u00e3o dos seus dados pessoais<\/strong><\/h2><p>Os coment\u00e1rios dos visitantes podem ser verificados usando um servi\u00e7o automatizado de detec\u00e7\u00e3o de coment\u00e1rios de spam.<\/p><h2><strong>Informa\u00e7\u00f5es de contato<\/strong><\/h2><p>Vous pouvez nous contacter par mail \u00e0 l&rsquo;adresse suivante : contact@darkorchid-viper-707018.hostingersite.com ou par courrier \u00e0 <span class=\"Apple-converted-space\">Brand Success<\/span> &#8211; 78, Avenue des Champs-\u00c9lys\u00e9es, Bureau 562, 75008 Paris &#8211; France<\/p><h2><strong>O que coletamos e armazenamos<\/strong><\/h2><p>Durante sua visita ao site, rastreamos:<\/p><ul><li>Produtos que voc\u00ea visualizou: n\u00f3s os usamos para, por exemplo, exibir produtos que voc\u00ea visualizou recentemente<\/li><li>Localiza\u00e7\u00e3o, endere\u00e7o IP e tipo de navegador: utilizamos para estimar impostos e custos de entrega<\/li><li>Endere\u00e7o de entrega: solicitaremos que voc\u00ea o insira para estimar os custos de entrega antes de fazer o pedido e para enviar o pedido para voc\u00ea!<\/li><\/ul><p>Usamos cookies para rastrear o conte\u00fado do carrinho de compras enquanto voc\u00ea navega em nosso site.<\/p><p>Quando voc\u00ea compra em nosso site, solicitaremos que voc\u00ea forne\u00e7a informa\u00e7\u00f5es, incluindo seu nome, endere\u00e7o de cobran\u00e7a, endere\u00e7o de entrega, endere\u00e7o de e-mail, n\u00famero de telefone, detalhes de pagamento\/cart\u00e3o de cr\u00e9dito e, possivelmente, detalhes da conta, como nome de usu\u00e1rio e senha. Essas informa\u00e7\u00f5es ser\u00e3o usadas para:<\/p><ul><li>Envio de informa\u00e7\u00f5es sobre sua conta e pedido<\/li><li>Responder a solicita\u00e7\u00f5es, incluindo reembolsos e reclama\u00e7\u00f5es<\/li><li>Processamento de pagamentos e preven\u00e7\u00e3o de fraudes<\/li><li>Configurez votre compte pour notre boutique<\/li><li>Cumprir quaisquer obriga\u00e7\u00f5es legais, como c\u00e1lculo de impostos<\/li><li>Melhorar as ofertas da nossa loja<\/li><li>Enviar mensagens de marketing, se voc\u00ea decidir receb\u00ea-las<\/li><\/ul><p>Se voc\u00ea criar uma conta, armazenaremos seu nome, endere\u00e7o, e-mail e n\u00famero de telefone, que ser\u00e3o usados para preencher previamente a valida\u00e7\u00e3o de pedidos para pedidos futuros.<\/p><p>Nous stockons g\u00e9n\u00e9ralement vos informations aussi longtemps que nous en avons besoin pour l&rsquo;usage pour lequel nous les collectons et utilisons, et nous ne sommes pas oblig\u00e9s l\u00e9galement de conitnuer \u00e0 les conserver. Par exemple, nous stockons les informations de commande pour 2 ann\u00e9es pour les taxes et la comptabilit\u00e9. Ceci inclut votre nom, adresse de messagerie et adresses de facturation et livraison.<\/p><p>Tamb\u00e9m armazenamos coment\u00e1rios ou avalia\u00e7\u00f5es, caso voc\u00ea opte por envi\u00e1-los.<\/p><h2><strong>Quem em nossa equipe tem acesso aos dados<\/strong><\/h2><p>Os membros da nossa equipe t\u00eam acesso \u00e0s informa\u00e7\u00f5es que voc\u00ea nos fornece. Por exemplo, administradores e gerentes de loja t\u00eam acesso a:<\/p><ul><li>Informa\u00e7\u00f5es do pedido, como o que foi comprado, quando e para onde deve ser enviado e<\/li><li>Informa\u00e7\u00f5es do cliente, como seu nome, endere\u00e7o de e-mail e informa\u00e7\u00f5es de cobran\u00e7a e envio.<\/li><\/ul><p>Nossa equipe tem acesso a essas informa\u00e7\u00f5es para processar pedidos, emitir reembolsos e apoi\u00e1-lo.<\/p><h2><strong>O que compartilhamos com os outros<\/strong><\/h2><p>Partilhamos dados com terceiros que nos ajudam a gerir as nossas encomendas e servi\u00e7os de loja; Stripe, que \u00e9 um servi\u00e7o de pagamento com cart\u00e3o de cr\u00e9dito, e PayPal, que \u00e9 um gateway de pagamento.<\/p><h3><strong>Pagamentos<\/strong><\/h3><p>Aceitamos pagamentos por PayPal e Stripe. Ao processar pagamentos, determinados dados ser\u00e3o transmitidos ao PayPal ou Stripe, incluindo informa\u00e7\u00f5es necess\u00e1rias para concluir o pagamento, como valor total ou informa\u00e7\u00f5es de faturamento.<\/p><p>Por favor leia o <a href=\"https:\/\/www.paypal.com\/us\/webapps\/mpp\/ua\/privacy-full\">Pol\u00edtica de privacidade do PayPal<\/a> para mais detalhes.<\/p><p>Por favor leia o <a href=\"https:\/\/stripe.com\/fr\/privacy\">Pol\u00edtica de privacidade do Stripe<\/a> para mais detalhes.<\/p>\t\t\t\t\t\t\t\t<\/div>\n\t\t\t\t<\/div>\n\t\t\t\t\t<\/div>\n\t\t<\/div>\n\t\t\t\t\t<\/div>\n\t\t<\/section>\n\t\t\t\t<\/div>","protected":false},"excerpt":{"rendered":"<p>Politique de Confidentialit\u00e9 \u00a0 Qui sommes-nous\u00a0? L&rsquo;adresse de notre site Web est\u00a0: https:\/\/darkorchid-viper-707018.hostingersite.com Soci\u00e9t\u00e9 : Brand Success &#8211; 78 avenue [&hellip;]<\/p>\n","protected":false},"author":1,"featured_media":0,"parent":0,"menu_order":0,"comment_status":"closed","ping_status":"closed","template":"","meta":{"_seopress_robots_primary_cat":"","_seopress_titles_title":"","_seopress_titles_desc":"","_seopress_robots_index":"","site-sidebar-layout":"no-sidebar","site-content-layout":"page-builder","ast-site-content-layout":"default","site-content-style":"default","site-sidebar-style":"default","ast-global-header-display":"","ast-banner-title-visibility":"","ast-main-header-display":"","ast-hfb-above-header-display":"","ast-hfb-below-header-display":"","ast-hfb-mobile-header-display":"","site-post-title":"disabled","ast-breadcrumbs-content":"","ast-featured-img":"disabled","footer-sml-layout":"","ast-disable-related-posts":"","theme-transparent-header-meta":"","adv-header-id-meta":"","stick-header-meta":"","header-above-stick-meta":"","header-main-stick-meta":"","header-below-stick-meta":"","astra-migrate-meta-layouts":"set","ast-page-background-enabled":"default","ast-page-background-meta":{"desktop":{"background-color":"","background-image":"","background-repeat":"repeat","background-position":"center center","background-size":"auto","background-attachment":"scroll","background-type":"","background-media":"","overlay-type":"","overlay-color":"","overlay-opacity":"","overlay-gradient":""},"tablet":{"background-color":"","background-image":"","background-repeat":"repeat","background-position":"center center","background-size":"auto","background-attachment":"scroll","background-type":"","background-media":"","overlay-type":"","overlay-color":"","overlay-opacity":"","overlay-gradient":""},"mobile":{"background-color":"","background-image":"","background-repeat":"repeat","background-position":"center center","background-size":"auto","background-attachment":"scroll","background-type":"","background-media":"","overlay-type":"","overlay-color":"","overlay-opacity":"","overlay-gradient":""}},"ast-content-background-meta":{"desktop":{"background-color":"var(--ast-global-color-5)","background-image":"","background-repeat":"repeat","background-position":"center center","background-size":"auto","background-attachment":"scroll","background-type":"","background-media":"","overlay-type":"","overlay-color":"","overlay-opacity":"","overlay-gradient":""},"tablet":{"background-color":"var(--ast-global-color-5)","background-image":"","background-repeat":"repeat","background-position":"center center","background-size":"auto","background-attachment":"scroll","background-type":"","background-media":"","overlay-type":"","overlay-color":"","overlay-opacity":"","overlay-gradient":""},"mobile":{"background-color":"var(--ast-global-color-5)","background-image":"","background-repeat":"repeat","background-position":"center center","background-size":"auto","background-attachment":"scroll","background-type":"","background-media":"","overlay-type":"","overlay-color":"","overlay-opacity":"","overlay-gradient":""}},"footnotes":""},"class_list":["post-672","page","type-page","status-publish","hentry"],"_links":{"self":[{"href":"https:\/\/live-stream-pro.com\/pt\/wp-json\/wp\/v2\/pages\/672","targetHints":{"allow":["GET"]}}],"collection":[{"href":"https:\/\/live-stream-pro.com\/pt\/wp-json\/wp\/v2\/pages"}],"about":[{"href":"https:\/\/live-stream-pro.com\/pt\/wp-json\/wp\/v2\/types\/page"}],"author":[{"embeddable":true,"href":"https:\/\/live-stream-pro.com\/pt\/wp-json\/wp\/v2\/users\/1"}],"replies":[{"embeddable":true,"href":"https:\/\/live-stream-pro.com\/pt\/wp-json\/wp\/v2\/comments?post=672"}],"version-history":[{"count":0,"href":"https:\/\/live-stream-pro.com\/pt\/wp-json\/wp\/v2\/pages\/672\/revisions"}],"wp:attachment":[{"href":"https:\/\/live-stream-pro.com\/pt\/wp-json\/wp\/v2\/media?parent=672"}],"curies":[{"name":"wp","href":"https:\/\/api.w.org\/{rel}","templated":true}]}}