{"id":676,"date":"2022-07-11T18:22:23","date_gmt":"2022-07-11T18:22:23","guid":{"rendered":"https:\/\/darkorchid-viper-707018.hostingersite.com\/?page_id=676"},"modified":"2025-04-13T23:22:49","modified_gmt":"2025-04-13T22:22:49","slug":"legal-notice","status":"publish","type":"page","link":"https:\/\/live-stream-pro.com\/pt\/noticia-legal\/","title":{"rendered":"Not\u00edcia legal"},"content":{"rendered":"<div data-elementor-type=\"wp-page\" data-elementor-id=\"676\" class=\"elementor elementor-676\" data-elementor-post-type=\"page\">\n\t\t\t\t\t\t<section class=\"elementor-section elementor-top-section elementor-element elementor-element-741fece elementor-section-boxed elementor-section-height-default elementor-section-height-default\" data-id=\"741fece\" data-element_type=\"section\" data-e-type=\"section\">\n\t\t\t\t\t\t<div class=\"elementor-container elementor-column-gap-default\">\n\t\t\t\t\t<div class=\"elementor-column elementor-col-100 elementor-top-column elementor-element elementor-element-ebdb51c\" data-id=\"ebdb51c\" data-element_type=\"column\" data-e-type=\"column\">\n\t\t\t<div class=\"elementor-widget-wrap elementor-element-populated\">\n\t\t\t\t\t\t<div class=\"elementor-element elementor-element-9bddc5e elementor-widget elementor-widget-heading\" data-id=\"9bddc5e\" data-element_type=\"widget\" data-e-type=\"widget\" data-widget_type=\"heading.default\">\n\t\t\t\t<div class=\"elementor-widget-container\">\n\t\t\t\t\t<h1 class=\"elementor-heading-title elementor-size-default\">Not\u00edcia legal<\/h1>\t\t\t\t<\/div>\n\t\t\t\t<\/div>\n\t\t\t\t<div class=\"elementor-element elementor-element-87670af elementor-widget elementor-widget-text-editor\" data-id=\"87670af\" data-element_type=\"widget\" data-e-type=\"widget\" data-widget_type=\"text-editor.default\">\n\t\t\t\t<div class=\"elementor-widget-container\">\n\t\t\t\t\t\t\t\t\t<h2><strong>\u00a0<\/strong><\/h2><h2><strong>1. Apresenta\u00e7\u00e3o do site<\/strong><\/h2><div style=\"caret-color: #7a7a7a; color: #7a7a7a; font-size: 15px;\"><p style=\"font-size: 15px; margin-bottom: 1.75em;\">Nos termos do artigo 6.\u00ba da Lei n.\u00ba 2004-575, de 21 de junho de 2004, para a confian\u00e7a na economia digital, os utilizadores do site live-stream-pro.com s\u00e3o informados da identidade dos v\u00e1rios participantes no quadro da sua implementa\u00e7\u00e3o e monitoriza\u00e7\u00e3o. :<\/p><p style=\"font-size: 15px; margin-bottom: 1.75em;\"><strong>Propriet\u00e1rio<\/strong> :<\/p><ul><li>Soci\u00e9t\u00e9 :<span class=\"Apple-converted-space\"> Brand Success &#8211; 78 avenue des Champs Elys\u00e9es &#8211; Bureau 562 &#8211; 75008 Paris &#8211; France.\u00a0<\/span><\/li><li>N\u00b0 de T\u00e9l\u00e9phone : +187722956001<\/li><li>Adresse mail : contact@darkorchid-viper-707018.hostingersite.com<\/li><li>Num\u00e9ro de l\u2019entreprise : 83353766500022<\/li><\/ul><p style=\"font-size: 15px; margin-bottom: 1.75em;\"><span style=\"font-style: inherit; color: var( --e-global-color-text ); font-family: var( --e-global-typography-text-font-family ), Sans-serif;\">O gestor da publica\u00e7\u00e3o \u00e9 pessoa f\u00edsica ou jur\u00eddica.<\/span><\/p><p style=\"font-size: 15px; margin-bottom: 1.75em;\"><strong>Hospedar<\/strong>\u00a0:\u00a0<em>OVH<\/em>\u00a0SAS: 2 rue Kellermann \u2013 BP 80157 59053 ROUBAIX CEDEX 1<\/p><h2><strong>2. Condi\u00e7\u00f5es gerais de utiliza\u00e7\u00e3o do site e dos servi\u00e7os oferecidos.<\/strong><\/h2><p style=\"font-size: 15px; margin-bottom: 1.75em;\">A utiliza\u00e7\u00e3o do site live-stream-pro.com implica a aceita\u00e7\u00e3o integral das condi\u00e7\u00f5es gerais de utiliza\u00e7\u00e3o abaixo descritas. Estas condi\u00e7\u00f5es de utiliza\u00e7\u00e3o podem ser modificadas ou complementadas a qualquer momento, pelo que os utilizadores do site live-stream-pro.com s\u00e3o convidados a consult\u00e1-las regularmente.<\/p><p style=\"font-size: 15px; margin-bottom: 1.75em;\">Ce site est normalement accessible \u00e0 tout moment aux utilisateurs. Une interruption pour raison de maintenance technique peut \u00eatre toutefois d\u00e9cid\u00e9e par <span class=\"Apple-converted-space\">Brand Success<\/span>, qui s\u2019efforcera alors de communiquer pr\u00e9alablement aux utilisateurs les dates et heures de l\u2019intervention.<\/p><p style=\"font-size: 15px; margin-bottom: 1.75em;\">O site live-stream-pro.com<a style=\"color: #547dd3;\" href=\"https:\/\/rocket-marketing.eu\/\">\u00a0<\/a>est mis \u00e0 jour r\u00e9guli\u00e8rement par <span class=\"Apple-converted-space\">Brand Success<\/span>. De la m\u00eame fa\u00e7on, les mentions l\u00e9gales peuvent \u00eatre modifi\u00e9es \u00e0 tout moment : elles s\u2019imposent n\u00e9anmoins \u00e0 l\u2019utilisateur qui est invit\u00e9 \u00e0 s\u2019y r\u00e9f\u00e9rer le plus souvent possible afin d\u2019en prendre connaissance.<\/p><h2><strong>3. Descri\u00e7\u00e3o dos servi\u00e7os prestados.<\/strong><\/h2><p style=\"font-size: 15px; margin-bottom: 1.75em;\">O site live-stream-pro.com tem como objetivo fornecer informa\u00e7\u00f5es sobre todas as atividades da empresa.<\/p><p style=\"font-size: 15px; margin-bottom: 1.75em;\"><span class=\"Apple-converted-space\">Brand Success<\/span> s\u2019efforce de fournir sur le site live-stream-pro.com des informations aussi pr\u00e9cises que possible. Toutefois, il ne pourra \u00eatre tenue responsable des omissions, des inexactitudes et des carences dans la mise \u00e0 jour, qu\u2019elles soient de son fait ou du fait des tiers partenaires qui lui fournissent ces informations.<\/p><p style=\"font-size: 15px; margin-bottom: 1.75em;\">Todas as informa\u00e7\u00f5es indicadas no site live-stream-pro.com s\u00e3o fornecidas apenas para fins informativos e est\u00e3o sujeitas a altera\u00e7\u00f5es. Al\u00e9m disso, as informa\u00e7\u00f5es no site live-stream-pro.com n\u00e3o s\u00e3o exaustivas. Eles s\u00e3o fornecidos sujeitos a modifica\u00e7\u00f5es feitas desde que foram colocados online.<\/p><h2><strong>4. Limita\u00e7\u00f5es contratuais de dados t\u00e9cnicos.<\/strong><\/h2><p style=\"font-size: 15px; margin-bottom: 1.75em;\">O site usa tecnologia JavaScript.<\/p><p style=\"font-size: 15px; margin-bottom: 1.75em;\">O site n\u00e3o pode ser responsabilizado por danos materiais associados \u00e0 utiliza\u00e7\u00e3o do site. Al\u00e9m disso, o usu\u00e1rio do site compromete-se a acessar o site utilizando equipamentos recentes, n\u00e3o contendo v\u00edrus e com navegador atualizado de \u00faltima gera\u00e7\u00e3o.<\/p><h2><strong>5. Propriedade Intelectual e Falsifica\u00e7\u00e3o.<\/strong><\/h2><p style=\"font-size: 15px; margin-bottom: 1.75em;\"><span class=\"Apple-converted-space\">Brand Success<\/span> est propri\u00e9taire des droits de propri\u00e9t\u00e9 intellectuelle ou d\u00e9tient les droits d\u2019usage sur tous les \u00e9l\u00e9ments accessibles sur le site, notamment les textes, images, graphismes, logo, ic\u00f4nes, sons, logiciels.<\/p><p style=\"font-size: 15px; margin-bottom: 1.75em;\">Toute reproduction, repr\u00e9sentation, modification, publication, adaptation de tout ou partie des \u00e9l\u00e9ments du site, quel que soit le moyen ou le proc\u00e9d\u00e9 utilis\u00e9, est interdite, sauf autorisation \u00e9crite pr\u00e9alable de la soci\u00e9t\u00e9 <span class=\"Apple-converted-space\">Brand Success<\/span>.<\/p><p style=\"font-size: 15px; margin-bottom: 1.75em;\">Qualquer utiliza\u00e7\u00e3o n\u00e3o autorizada do site ou de qualquer dos elementos nele contidos ser\u00e1 considerada como constituindo uma infra\u00e7\u00e3o e processada de acordo com o disposto nos artigos L.335-2 e seguintes do C\u00f3digo da Propriedade Intelectual.<\/p><h2><strong>6. Limita\u00e7\u00f5es de Responsabilidade.<\/strong><\/h2><p style=\"font-size: 15px; margin-bottom: 1.75em;\"><span class=\"Apple-converted-space\">Brand Success<\/span> ne pourra \u00eatre tenue responsable des dommages directs et indirects caus\u00e9s au mat\u00e9riel de l\u2019utilisateur, lors de l\u2019acc\u00e8s au site live-stream-pro.com, et r\u00e9sultant soit de l\u2019utilisation d\u2019un mat\u00e9riel ne r\u00e9pondant pas aux sp\u00e9cifications indiqu\u00e9es au point 4, soit de l\u2019apparition d\u2019un bug ou d\u2019une incompatibilit\u00e9.<\/p><p style=\"font-size: 15px; margin-bottom: 1.75em;\"><span class=\"Apple-converted-space\">Brand Success<\/span> ne pourra \u00e9galement \u00eatre tenue responsable des dommages indirects (tels par exemple qu\u2019une perte de march\u00e9 ou perte d\u2019une chance) cons\u00e9cutifs \u00e0 l\u2019utilisation du site <span style=\"background-color: var(--ast-global-color-2);\">live-stream-pro.com<\/span><\/p><p style=\"font-size: 15px; margin-bottom: 1.75em;\">Des espaces interactifs (possibilit\u00e9 de poser des questions dans l\u2019espace contact) sont \u00e0 la disposition des utilisateurs. <span class=\"Apple-converted-space\">Brand Success<\/span> se r\u00e9serve le droit de supprimer, sans mise en demeure pr\u00e9alable, tout contenu d\u00e9pos\u00e9 dans cet espace qui contreviendrait \u00e0 la l\u00e9gislation applicable en France, en particulier aux dispositions relatives \u00e0 la protection des donn\u00e9es.\u00a0<\/p><p style=\"font-size: 15px; margin-bottom: 1.75em;\">Le cas \u00e9ch\u00e9ant, <span class=\"Apple-converted-space\">Brand Success <\/span>se r\u00e9serve \u00e9galement la possibilit\u00e9 de mettre en cause la responsabilit\u00e9 civile et\/ou p\u00e9nale de l\u2019utilisateur, notamment en cas de message \u00e0 caract\u00e8re raciste, injurieux, diffamant, ou pornographique, quel que soit le support utilis\u00e9 (texte, photographie\u2026).<\/p><h2><strong>7. Gest\u00e3o de dados pessoais.<\/strong><\/h2><p style=\"font-size: 15px; margin-bottom: 1.75em;\">Em Fran\u00e7a, os dados pessoais s\u00e3o protegidos nomeadamente pela lei n.\u00ba 78-87 de 6 de janeiro de 1978, pela lei n.\u00ba 2004-801 de 6 de agosto de 2004, pelo artigo L. 226-13 do C\u00f3digo Penal e pela Diretiva Europeia de 24 de outubro. , 1995.<\/p><p style=\"font-size: 15px; margin-bottom: 1.75em;\">Ao utilizar o site live-stream-pro.com, poder\u00e3o ser coletados: a URL dos links atrav\u00e9s dos quais o usu\u00e1rio acessou o site live-stream-pro.com o provedor de acesso do usu\u00e1rio, o Protocolo de Internet (IP) do usu\u00e1rio endere\u00e7o.<\/p><p style=\"font-size: 15px; margin-bottom: 1.75em;\">En tout \u00e9tat de cause <span class=\"Apple-converted-space\">Brand Success<\/span> ne collecte des informations personnelles relatives \u00e0 l\u2019utilisateur que pour le besoin de certains services propos\u00e9s par le site live-stream-pro.com. L\u2019utilisateur fournit ces informations en toute connaissance de cause, notamment lorsqu\u2019il proc\u00e8de par lui-m\u00eame \u00e0 leur saisie. Il est alors pr\u00e9cis\u00e9 \u00e0 l\u2019utilisateur du site live-stream-pro.com a l\u2019obligation ou non de fournir ces informations.<\/p><p style=\"font-size: 15px; margin-bottom: 1.75em;\">De acordo com o disposto nos artigos 38 e seguintes da lei 78-17, de 6 de janeiro de 1978, relativa ao tratamento de dados, arquivos e liberdades, qualquer usu\u00e1rio tem o direito de acesso, retifica\u00e7\u00e3o e oposi\u00e7\u00e3o aos dados pessoais que lhe digam respeito, fazendo o seu escrito e pedido assinado, acompanhado de c\u00f3pia do documento de identidade com assinatura do titular do documento, especificando o endere\u00e7o para onde dever\u00e1 ser enviada a resposta.<\/p><p style=\"font-size: 15px; margin-bottom: 1.75em;\">Aucune information personnelle de l\u2019utilisateur du site live-stream-pro.com n\u2019est publi\u00e9e \u00e0 l\u2019insu de l\u2019utilisateur, \u00e9chang\u00e9e, transf\u00e9r\u00e9e, c\u00e9d\u00e9e ou vendue sur un support quelconque \u00e0 des tiers. Seule l\u2019hypoth\u00e8se du rachat de <span class=\"Apple-converted-space\">Brand Success<\/span> et de ses droits permettrait la transmission des dites informations \u00e0 l\u2019\u00e9ventuel acqu\u00e9reur qui serait \u00e0 son tour tenu de la m\u00eame obligation de conservation et de modification des donn\u00e9es vis \u00e0 vis de l\u2019utilisateur du site\u00a0<span style=\"background-color: var(--ast-global-color-2);\">live-stream-pro.com<\/span><\/p><p style=\"font-size: 15px; margin-bottom: 1.75em;\">As bases de dados est\u00e3o protegidas pelas disposi\u00e7\u00f5es da lei de 1 de julho de 1998 que transp\u00f5e a diretiva 96\/9 de 11 de mar\u00e7o de 1996 relativa \u00e0 prote\u00e7\u00e3o jur\u00eddica das bases de dados.<\/p><h2><strong>8. Links de hipertexto e cookies.<\/strong><\/h2><p style=\"font-size: 15px; margin-bottom: 1.75em;\">Le site live-stream-pro.com contient un certain nombre de liens hypertextes vers d\u2019autres sites, mis en place avec l\u2019autorisation de <span class=\"Apple-converted-space\">Brand Success<\/span>. Cependant, <span class=\"Apple-converted-space\">Brand Success<\/span> n\u2019a pas la possibilit\u00e9 de v\u00e9rifier le contenu des sites ainsi visit\u00e9s, et n\u2019assumera en cons\u00e9quence aucune responsabilit\u00e9 de ce fait.<\/p><p style=\"font-size: 15px; margin-bottom: 1.75em;\">A navega\u00e7\u00e3o no site live-stream-pro.com pode causar a instala\u00e7\u00e3o de cookie(s) no computador do usu\u00e1rio. Um cookie \u00e9 um pequeno ficheiro, que n\u00e3o permite a identifica\u00e7\u00e3o do utilizador, mas que regista informa\u00e7\u00f5es relativas \u00e0 navega\u00e7\u00e3o de um computador num site. Os dados assim obtidos visam facilitar a posterior navega\u00e7\u00e3o no site, destinando-se tamb\u00e9m a permitir diversas medi\u00e7\u00f5es de tr\u00e1fego.<\/p><p style=\"font-size: 15px; margin-bottom: 1.75em;\">A recusa de instala\u00e7\u00e3o de um cookie pode resultar na impossibilidade de acesso a determinados servi\u00e7os. O utilizador pode, no entanto, configurar o seu computador da seguinte forma para recusar a instala\u00e7\u00e3o de cookies:<\/p><p style=\"font-size: 15px; margin-bottom: 1.75em;\">No Internet Explorer: guia de ferramentas (pictograma em forma de engrenagem no canto superior direito) \/ op\u00e7\u00f5es de internet. Clique em Privacidade e escolha Bloquear todos os cookies. Valide em OK.<\/p><p style=\"font-size: 15px; margin-bottom: 1.75em;\">No Firefox: na parte superior da janela do navegador, clique no bot\u00e3o Firefox e v\u00e1 para a guia Op\u00e7\u00f5es. Clique na guia Privacidade. Defina regras de reten\u00e7\u00e3o para: Usar configura\u00e7\u00f5es personalizadas para hist\u00f3rico. Por fim, desmarque para desativar os cookies.<\/p><p style=\"font-size: 15px; margin-bottom: 1.75em;\">No Safari: Clique no canto superior direito do navegador no pictograma do menu (simbolizado por uma engrenagem). Selecione Configura\u00e7\u00f5es. Clique em Mostrar configura\u00e7\u00f5es avan\u00e7adas. Na se\u00e7\u00e3o \u201cPrivacidade\u201d, clique em Configura\u00e7\u00f5es de conte\u00fado. Na se\u00e7\u00e3o \u201cCookies\u201d voc\u00ea pode bloquear cookies.<\/p><p style=\"font-size: 15px; margin-bottom: 1.75em;\">No Chrome: Clique no canto superior direito do navegador no pictograma do menu (simbolizado por tr\u00eas linhas horizontais). Selecione Configura\u00e7\u00f5es. Clique em Mostrar configura\u00e7\u00f5es avan\u00e7adas. Na se\u00e7\u00e3o \u201cPrivacidade\u201d, clique em Prefer\u00eancias. Na aba \u201cPrivacidade\u201d voc\u00ea pode bloquear cookies.<\/p><h2><strong>9. Lei aplic\u00e1vel e atribui\u00e7\u00e3o de jurisdi\u00e7\u00e3o.<\/strong><\/h2><p style=\"font-size: 15px; margin-bottom: 1.75em;\">Qualquer lit\u00edgio relativo \u00e0 utiliza\u00e7\u00e3o do site live-stream-pro.com est\u00e1 sujeito \u00e0 lei francesa. A jurisdi\u00e7\u00e3o exclusiva \u00e9 concedida aos tribunais competentes de Paris.<\/p><h2><strong>10. As principais leis em causa.<\/strong><\/h2><p style=\"font-size: 15px; margin-bottom: 1.75em;\">Lei n\u00ba 78-17 de 6 de janeiro de 1978, notavelmente alterada pela Lei n\u00ba 2004-801 de 6 de agosto de 2004 relativa ao processamento de dados, arquivos e liberdades.<\/p><p style=\"font-size: 15px; margin-bottom: 1.75em;\">Lei n\u00ba 2004-575, de 21 de junho de 2004, para a confian\u00e7a na economia digital.<\/p><h2><strong>11. Gloss\u00e1rio.<\/strong><\/h2><p style=\"font-size: 15px; margin-bottom: 1.75em;\">Usu\u00e1rio: Internauta conectado, utilizando o site acima mencionado.<\/p><p style=\"font-size: 15px; margin-bottom: 1.75em;\">Informa\u00e7\u00e3o pessoal: \u201ca informa\u00e7\u00e3o que permite, sob qualquer forma, direta ou indiretamente, a identifica\u00e7\u00e3o das pessoas singulares a quem se aplica\u201d (artigo 4.\u00ba da lei n.\u00ba 78-17, de 6 de janeiro de 1978).<\/p><\/div>\t\t\t\t\t\t\t\t<\/div>\n\t\t\t\t<\/div>\n\t\t\t\t\t<\/div>\n\t\t<\/div>\n\t\t\t\t\t<\/div>\n\t\t<\/section>\n\t\t\t\t<\/div>","protected":false},"excerpt":{"rendered":"<p>Mentions L\u00e9gales \u00a0 1. Pr\u00e9sentation du site En vertu de l\u2019article 6 de la loi n\u00b0 2004-575 du 21 juin [&hellip;]<\/p>\n","protected":false},"author":1,"featured_media":0,"parent":0,"menu_order":0,"comment_status":"closed","ping_status":"closed","template":"","meta":{"_seopress_robots_primary_cat":"","_seopress_titles_title":"","_seopress_titles_desc":"","_seopress_robots_index":"","site-sidebar-layout":"no-sidebar","site-content-layout":"page-builder","ast-site-content-layout":"default","site-content-style":"default","site-sidebar-style":"default","ast-global-header-display":"","ast-banner-title-visibility":"","ast-main-header-display":"","ast-hfb-above-header-display":"","ast-hfb-below-header-display":"","ast-hfb-mobile-header-display":"","site-post-title":"disabled","ast-breadcrumbs-content":"","ast-featured-img":"disabled","footer-sml-layout":"","ast-disable-related-posts":"","theme-transparent-header-meta":"","adv-header-id-meta":"","stick-header-meta":"","header-above-stick-meta":"","header-main-stick-meta":"","header-below-stick-meta":"","astra-migrate-meta-layouts":"set","ast-page-background-enabled":"default","ast-page-background-meta":{"desktop":{"background-color":"","background-image":"","background-repeat":"repeat","background-position":"center center","background-size":"auto","background-attachment":"scroll","background-type":"","background-media":"","overlay-type":"","overlay-color":"","overlay-opacity":"","overlay-gradient":""},"tablet":{"background-color":"","background-image":"","background-repeat":"repeat","background-position":"center center","background-size":"auto","background-attachment":"scroll","background-type":"","background-media":"","overlay-type":"","overlay-color":"","overlay-opacity":"","overlay-gradient":""},"mobile":{"background-color":"","background-image":"","background-repeat":"repeat","background-position":"center center","background-size":"auto","background-attachment":"scroll","background-type":"","background-media":"","overlay-type":"","overlay-color":"","overlay-opacity":"","overlay-gradient":""}},"ast-content-background-meta":{"desktop":{"background-color":"var(--ast-global-color-5)","background-image":"","background-repeat":"repeat","background-position":"center center","background-size":"auto","background-attachment":"scroll","background-type":"","background-media":"","overlay-type":"","overlay-color":"","overlay-opacity":"","overlay-gradient":""},"tablet":{"background-color":"var(--ast-global-color-5)","background-image":"","background-repeat":"repeat","background-position":"center center","background-size":"auto","background-attachment":"scroll","background-type":"","background-media":"","overlay-type":"","overlay-color":"","overlay-opacity":"","overlay-gradient":""},"mobile":{"background-color":"var(--ast-global-color-5)","background-image":"","background-repeat":"repeat","background-position":"center center","background-size":"auto","background-attachment":"scroll","background-type":"","background-media":"","overlay-type":"","overlay-color":"","overlay-opacity":"","overlay-gradient":""}},"footnotes":""},"class_list":["post-676","page","type-page","status-publish","hentry"],"_links":{"self":[{"href":"https:\/\/live-stream-pro.com\/pt\/wp-json\/wp\/v2\/pages\/676","targetHints":{"allow":["GET"]}}],"collection":[{"href":"https:\/\/live-stream-pro.com\/pt\/wp-json\/wp\/v2\/pages"}],"about":[{"href":"https:\/\/live-stream-pro.com\/pt\/wp-json\/wp\/v2\/types\/page"}],"author":[{"embeddable":true,"href":"https:\/\/live-stream-pro.com\/pt\/wp-json\/wp\/v2\/users\/1"}],"replies":[{"embeddable":true,"href":"https:\/\/live-stream-pro.com\/pt\/wp-json\/wp\/v2\/comments?post=676"}],"version-history":[{"count":0,"href":"https:\/\/live-stream-pro.com\/pt\/wp-json\/wp\/v2\/pages\/676\/revisions"}],"wp:attachment":[{"href":"https:\/\/live-stream-pro.com\/pt\/wp-json\/wp\/v2\/media?parent=676"}],"curies":[{"name":"wp","href":"https:\/\/api.w.org\/{rel}","templated":true}]}}