{"id":1328,"date":"2023-08-17T23:25:40","date_gmt":"2023-08-17T22:25:40","guid":{"rendered":"https:\/\/darkorchid-viper-707018.hostingersite.com\/?page_id=1328"},"modified":"2025-10-31T23:10:23","modified_gmt":"2025-10-31T22:10:23","slug":"a-propos","status":"publish","type":"page","link":"https:\/\/live-stream-pro.com\/sv\/handla-om\/","title":{"rendered":"Handla om"},"content":{"rendered":"<div data-elementor-type=\"wp-page\" data-elementor-id=\"1328\" class=\"elementor elementor-1328\" data-elementor-post-type=\"page\">\n\t\t\t\t\t\t<section class=\"elementor-section elementor-top-section elementor-element elementor-element-a7c05f5 elementor-section-boxed elementor-section-height-default elementor-section-height-default\" data-id=\"a7c05f5\" data-element_type=\"section\" data-e-type=\"section\">\n\t\t\t\t\t\t<div class=\"elementor-container elementor-column-gap-default\">\n\t\t\t\t\t<div class=\"elementor-column elementor-col-100 elementor-top-column elementor-element elementor-element-0c6888d\" data-id=\"0c6888d\" data-element_type=\"column\" data-e-type=\"column\">\n\t\t\t<div class=\"elementor-widget-wrap elementor-element-populated\">\n\t\t\t\t\t\t<div class=\"elementor-element elementor-element-703d02e elementor-widget elementor-widget-heading\" data-id=\"703d02e\" data-element_type=\"widget\" data-e-type=\"widget\" data-widget_type=\"heading.default\">\n\t\t\t\t<div class=\"elementor-widget-container\">\n\t\t\t\t\t<h1 class=\"elementor-heading-title elementor-size-default\">Om oss<\/h1>\t\t\t\t<\/div>\n\t\t\t\t<\/div>\n\t\t\t\t<div class=\"elementor-element elementor-element-e615dbb elementor-widget elementor-widget-heading\" data-id=\"e615dbb\" data-element_type=\"widget\" data-e-type=\"widget\" data-widget_type=\"heading.default\">\n\t\t\t\t<div class=\"elementor-widget-container\">\n\t\t\t\t\t<h2 class=\"elementor-heading-title elementor-size-default\">V\u00e5r historia<\/h2>\t\t\t\t<\/div>\n\t\t\t\t<\/div>\n\t\t\t\t<div class=\"elementor-element elementor-element-8907511 elementor-widget elementor-widget-text-editor\" data-id=\"8907511\" data-element_type=\"widget\" data-e-type=\"widget\" data-widget_type=\"text-editor.default\">\n\t\t\t\t<div class=\"elementor-widget-container\">\n\t\t\t\t\t\t\t\t\t<p>Grundades 2019, <strong>Live Stream Pro<\/strong> f\u00f6ddes ur en passion f\u00f6r teknik och en vision att revolutionera streamingupplevelsen.\u00a0<\/p><p>Fr\u00e5n v\u00e5r \u00f6dmjuka b\u00f6rjan har vi vuxit till att bli ett ledande varum\u00e4rke inom h\u00f6gkvalitativ streamingutrustning.<\/p>\t\t\t\t\t\t\t\t<\/div>\n\t\t\t\t<\/div>\n\t\t\t\t<div class=\"elementor-element elementor-element-3a438e0 elementor-widget elementor-widget-heading\" data-id=\"3a438e0\" data-element_type=\"widget\" data-e-type=\"widget\" data-widget_type=\"heading.default\">\n\t\t\t\t<div class=\"elementor-widget-container\">\n\t\t\t\t\t<h2 class=\"elementor-heading-title elementor-size-default\">V\u00e5rt uppdrag<\/h2>\t\t\t\t<\/div>\n\t\t\t\t<\/div>\n\t\t\t\t<div class=\"elementor-element elementor-element-21632b8 elementor-widget elementor-widget-text-editor\" data-id=\"21632b8\" data-element_type=\"widget\" data-e-type=\"widget\" data-widget_type=\"text-editor.default\">\n\t\t\t\t<div class=\"elementor-widget-container\">\n\t\t\t\t\t\t\t\t\t<p>Hemma hos <strong>Live Stream Pro<\/strong>, vi tror att varje streamer, oavsett om det \u00e4r nyb\u00f6rjare eller professionellt, f\u00f6rtj\u00e4nar tillg\u00e5ng till premiumverktyg.\u00a0<\/p><p>Det \u00e4r d\u00e4rf\u00f6r vi \u00e4r engagerade i att designa och producera innovativ utrustning, som v\u00e5r flaggskeppsprodukt, surfplattan<strong>\u00a0<a class=\"wpil_keyword_link\" title=\"Allt i ett F1\" href=\"https:\/\/live-stream-pro.com\/sv\/shop\/live-streaming-allt-i-ett-f1-2\/\" data-wpil-keyword-link=\"linked\">Allt i ett F1<\/a><\/strong>.\u00a0<\/p><p>V\u00e5rt m\u00e5l \u00e4r enkelt: att hj\u00e4lpa varje streamer att skapa exceptionella liv!<\/p>\t\t\t\t\t\t\t\t<\/div>\n\t\t\t\t<\/div>\n\t\t\t\t<div class=\"elementor-element elementor-element-3a08a4f elementor-widget elementor-widget-heading\" data-id=\"3a08a4f\" data-element_type=\"widget\" data-e-type=\"widget\" data-widget_type=\"heading.default\">\n\t\t\t\t<div class=\"elementor-widget-container\">\n\t\t\t\t\t<h2 class=\"elementor-heading-title elementor-size-default\">Fabrik<\/h2>\t\t\t\t<\/div>\n\t\t\t\t<\/div>\n\t\t\t\t<div class=\"elementor-element elementor-element-8ac7453 elementor-widget elementor-widget-image\" data-id=\"8ac7453\" data-element_type=\"widget\" data-e-type=\"widget\" data-widget_type=\"image.default\">\n\t\t\t\t<div class=\"elementor-widget-container\">\n\t\t\t\t\t\t\t\t\t\t\t\t\t\t\t<img fetchpriority=\"high\" decoding=\"async\" width=\"403\" height=\"302\" src=\"https:\/\/live-stream-pro.com\/wp-content\/uploads\/2023\/08\/56ce5c04ba5eff38d99141e9e2940cb6.jpg\" class=\"attachment-full size-full wp-image-1331\" alt=\"56ce5c04ba5eff38d99141e9e2940cb6\" srcset=\"https:\/\/live-stream-pro.com\/wp-content\/uploads\/2023\/08\/56ce5c04ba5eff38d99141e9e2940cb6.jpg 403w, https:\/\/live-stream-pro.com\/wp-content\/uploads\/2023\/08\/56ce5c04ba5eff38d99141e9e2940cb6-300x225.jpg 300w, https:\/\/live-stream-pro.com\/wp-content\/uploads\/2023\/08\/56ce5c04ba5eff38d99141e9e2940cb6-16x12.jpg 16w\" sizes=\"(max-width: 403px) 100vw, 403px\" \/>\t\t\t\t\t\t\t\t\t\t\t\t\t\t\t<\/div>\n\t\t\t\t<\/div>\n\t\t\t\t<div class=\"elementor-element elementor-element-551a16a elementor-widget elementor-widget-text-editor\" data-id=\"551a16a\" data-element_type=\"widget\" data-e-type=\"widget\" data-widget_type=\"text-editor.default\">\n\t\t\t\t<div class=\"elementor-widget-container\">\n\t\t\t\t\t\t\t\t\t<p>V\u00e5r fabrik \u00e4r teknikens vagga <strong>Live Stream Pro<\/strong>. Det \u00e4r h\u00e4r som varje produkt designas, testas och tillverkas med st\u00f6rsta omsorg.\u00a0<\/p><p>Vi \u00e4r stolta \u00f6ver v\u00e5rt team av ingenj\u00f6rer, designers och tekniker som arbetar outtr\u00f6ttligt f\u00f6r att s\u00e4kerst\u00e4lla kvaliteten och prestandan f\u00f6r varje produkt.<\/p>\t\t\t\t\t\t\t\t<\/div>\n\t\t\t\t<\/div>\n\t\t\t\t<div class=\"elementor-element elementor-element-232a4b8 elementor-widget elementor-widget-video\" data-id=\"232a4b8\" data-element_type=\"widget\" data-e-type=\"widget\" data-settings=\"{&quot;video_type&quot;:&quot;vimeo&quot;}\" data-widget_type=\"video.default\">\n\t\t\t\t<div class=\"elementor-widget-container\">\n\t\t\t\t\t\t\t<div class=\"elementor-wrapper elementor-open-inline\">\n\t\t\t<iframe class=\"elementor-video-iframe\" allowfullscreen allow=\"clipboard-write\" title=\"Reprodutor de v\u00eddeo de vimeo\" src=\"https:\/\/player.vimeo.com\/video\/855537383?color&amp;autopause=0&amp;loop=0&amp;muted=0&amp;title=0&amp;portrait=0&amp;byline=0#t=\" data-no-translation-title=\"\"><\/iframe>\t\t<\/div>\n\t\t\t\t\t\t<\/div>\n\t\t\t\t<\/div>\n\t\t\t\t<div class=\"elementor-element elementor-element-494fef4 elementor-widget elementor-widget-heading\" data-id=\"494fef4\" data-element_type=\"widget\" data-e-type=\"widget\" data-widget_type=\"heading.default\">\n\t\t\t\t<div class=\"elementor-widget-container\">\n\t\t\t\t\t<h2 class=\"elementor-heading-title elementor-size-default\">Engagemang f\u00f6r kvalitet<\/h2>\t\t\t\t<\/div>\n\t\t\t\t<\/div>\n\t\t\t\t<div class=\"elementor-element elementor-element-daa6506 elementor-widget elementor-widget-text-editor\" data-id=\"daa6506\" data-element_type=\"widget\" data-e-type=\"widget\" data-widget_type=\"text-editor.default\">\n\t\t\t\t<div class=\"elementor-widget-container\">\n\t\t\t\t\t\t\t\t\t<p>Kvalitet \u00e4r k\u00e4rnan i allt vi g\u00f6r. Fr\u00e5n att v\u00e4lja material till att tr\u00e4na v\u00e5rt team till att noggrant testa v\u00e5ra produkter, vi str\u00e4var efter att \u00f6vertr\u00e4ffa v\u00e5ra kunders f\u00f6rv\u00e4ntningar varje steg p\u00e5 v\u00e4gen.<\/p>\t\t\t\t\t\t\t\t<\/div>\n\t\t\t\t<\/div>\n\t\t\t\t<div class=\"elementor-element elementor-element-b106900 elementor-widget elementor-widget-heading\" data-id=\"b106900\" data-element_type=\"widget\" data-e-type=\"widget\" data-widget_type=\"heading.default\">\n\t\t\t\t<div class=\"elementor-widget-container\">\n\t\t\t\t\t<h2 class=\"elementor-heading-title elementor-size-default\">F\u00f6lj med oss<\/h2>\t\t\t\t<\/div>\n\t\t\t\t<\/div>\n\t\t\t\t<div class=\"elementor-element elementor-element-04a3d6e elementor-widget elementor-widget-text-editor\" data-id=\"04a3d6e\" data-element_type=\"widget\" data-e-type=\"widget\" data-widget_type=\"text-editor.default\">\n\t\t\t\t<div class=\"elementor-widget-container\">\n\t\t\t\t\t\t\t\t\t<p>Vi inbjuder dig att uppt\u00e4cka vad som g\u00f6r <strong>Live Stream Pro<\/strong> ett varum\u00e4rke ifr\u00e5n varandra. Oavsett om du \u00e4r en ivrig streamer eller bara nyfiken p\u00e5 bakom kulisserna f\u00f6r v\u00e5rt varum\u00e4rke, \u00e4r vi alltid glada att dela v\u00e5r historia och passion med dig.<\/p><p>\u00a0<\/p>\t\t\t\t\t\t\t\t<\/div>\n\t\t\t\t<\/div>\n\t\t\t\t\t<\/div>\n\t\t<\/div>\n\t\t\t\t\t<\/div>\n\t\t<\/section>\n\t\t\t\t<section class=\"elementor-section elementor-top-section elementor-element elementor-element-24d5295 elementor-section-boxed elementor-section-height-default elementor-section-height-default\" data-id=\"24d5295\" data-element_type=\"section\" data-e-type=\"section\">\n\t\t\t\t\t\t<div class=\"elementor-container elementor-column-gap-default\">\n\t\t\t\t\t<div class=\"elementor-column elementor-col-100 elementor-top-column elementor-element elementor-element-5ed25b5\" data-id=\"5ed25b5\" data-element_type=\"column\" data-e-type=\"column\">\n\t\t\t<div class=\"elementor-widget-wrap elementor-element-populated\">\n\t\t\t\t\t\t<div class=\"elementor-element elementor-element-dcddb11 elementor-widget elementor-widget-spacer\" data-id=\"dcddb11\" data-element_type=\"widget\" data-e-type=\"widget\" data-widget_type=\"spacer.default\">\n\t\t\t\t<div class=\"elementor-widget-container\">\n\t\t\t\t\t\t\t<div class=\"elementor-spacer\">\n\t\t\t<div class=\"elementor-spacer-inner\"><\/div>\n\t\t<\/div>\n\t\t\t\t\t\t<\/div>\n\t\t\t\t<\/div>\n\t\t\t\t\t<\/div>\n\t\t<\/div>\n\t\t\t\t\t<\/div>\n\t\t<\/section>\n\t\t\t\t<\/div>","protected":false},"excerpt":{"rendered":"<p>A propos de nous Notre Histoire Fond\u00e9e en 2019, Live Stream Pro est n\u00e9e d&rsquo;une passion pour la technologie et [&hellip;]<\/p>\n","protected":false},"author":1,"featured_media":0,"parent":0,"menu_order":0,"comment_status":"closed","ping_status":"closed","template":"","meta":{"_seopress_robots_primary_cat":"","_seopress_titles_title":"","_seopress_titles_desc":"","_seopress_robots_index":"","site-sidebar-layout":"no-sidebar","site-content-layout":"page-builder","ast-site-content-layout":"default","site-content-style":"default","site-sidebar-style":"default","ast-global-header-display":"","ast-banner-title-visibility":"","ast-main-header-display":"","ast-hfb-above-header-display":"","ast-hfb-below-header-display":"","ast-hfb-mobile-header-display":"","site-post-title":"disabled","ast-breadcrumbs-content":"","ast-featured-img":"disabled","footer-sml-layout":"","ast-disable-related-posts":"","theme-transparent-header-meta":"","adv-header-id-meta":"","stick-header-meta":"","header-above-stick-meta":"","header-main-stick-meta":"","header-below-stick-meta":"","astra-migrate-meta-layouts":"set","ast-page-background-enabled":"default","ast-page-background-meta":{"desktop":{"background-color":"","background-image":"","background-repeat":"repeat","background-position":"center center","background-size":"auto","background-attachment":"scroll","background-type":"","background-media":"","overlay-type":"","overlay-color":"","overlay-opacity":"","overlay-gradient":""},"tablet":{"background-color":"","background-image":"","background-repeat":"repeat","background-position":"center center","background-size":"auto","background-attachment":"scroll","background-type":"","background-media":"","overlay-type":"","overlay-color":"","overlay-opacity":"","overlay-gradient":""},"mobile":{"background-color":"","background-image":"","background-repeat":"repeat","background-position":"center center","background-size":"auto","background-attachment":"scroll","background-type":"","background-media":"","overlay-type":"","overlay-color":"","overlay-opacity":"","overlay-gradient":""}},"ast-content-background-meta":{"desktop":{"background-color":"var(--ast-global-color-5)","background-image":"","background-repeat":"repeat","background-position":"center center","background-size":"auto","background-attachment":"scroll","background-type":"","background-media":"","overlay-type":"","overlay-color":"","overlay-opacity":"","overlay-gradient":""},"tablet":{"background-color":"var(--ast-global-color-5)","background-image":"","background-repeat":"repeat","background-position":"center center","background-size":"auto","background-attachment":"scroll","background-type":"","background-media":"","overlay-type":"","overlay-color":"","overlay-opacity":"","overlay-gradient":""},"mobile":{"background-color":"var(--ast-global-color-5)","background-image":"","background-repeat":"repeat","background-position":"center center","background-size":"auto","background-attachment":"scroll","background-type":"","background-media":"","overlay-type":"","overlay-color":"","overlay-opacity":"","overlay-gradient":""}},"footnotes":""},"class_list":["post-1328","page","type-page","status-publish","hentry"],"_links":{"self":[{"href":"https:\/\/live-stream-pro.com\/sv\/wp-json\/wp\/v2\/pages\/1328","targetHints":{"allow":["GET"]}}],"collection":[{"href":"https:\/\/live-stream-pro.com\/sv\/wp-json\/wp\/v2\/pages"}],"about":[{"href":"https:\/\/live-stream-pro.com\/sv\/wp-json\/wp\/v2\/types\/page"}],"author":[{"embeddable":true,"href":"https:\/\/live-stream-pro.com\/sv\/wp-json\/wp\/v2\/users\/1"}],"replies":[{"embeddable":true,"href":"https:\/\/live-stream-pro.com\/sv\/wp-json\/wp\/v2\/comments?post=1328"}],"version-history":[{"count":25,"href":"https:\/\/live-stream-pro.com\/sv\/wp-json\/wp\/v2\/pages\/1328\/revisions"}],"predecessor-version":[{"id":19666,"href":"https:\/\/live-stream-pro.com\/sv\/wp-json\/wp\/v2\/pages\/1328\/revisions\/19666"}],"wp:attachment":[{"href":"https:\/\/live-stream-pro.com\/sv\/wp-json\/wp\/v2\/media?parent=1328"}],"curies":[{"name":"wp","href":"https:\/\/api.w.org\/{rel}","templated":true}]}}